{"id":58644,"date":"2023-12-18T00:00:00","date_gmt":"2023-12-17T23:00:00","guid":{"rendered":"https:\/\/2025.teleskopshop.ch\/shop\/non%20class\u00e9\/baader-adps-i-1-1-4-steckhuelse\/"},"modified":"2025-01-25T11:58:05","modified_gmt":"2025-01-25T10:58:05","slug":"baader-adps-i-1-1-4-steckhuelse","status":"publish","type":"product","link":"https:\/\/www.teleskopshop.ch\/fr\/shop\/astronomie-accessoires-fr\/adaptateurs\/manchons\/baader-adps-i-1-1-4-steckhuelse\/","title":{"rendered":"Baader ADPS I &#8211; Embase 1 1\/4&nbsp;\u00bb"},"content":{"rendered":"<p>Syst\u00e8me de projection num\u00e9rique afocale ADPS I &#8211; avec prise 11\/4&nbsp;\u00bb&nbsp;;<br \/>\nADPS I &#8211; Raccord lat\u00e9ral t\u00e9lescopique enfichable 11\/4&nbsp;\u00bb \u00e0 T-2 avec rainure&nbsp;;<br \/>\nLivr\u00e9 SANS oculaire de projection&nbsp;;<br \/>\nPour la photographie avec des appareils photo num\u00e9riques et\/ou num\u00e9riques<br \/>\ncam\u00e9scopes&nbsp;;<br \/>\nCompos\u00e9 d\u2019un syst\u00e8me de projection num\u00e9rique afocal ADPS IV &#8211;<br \/>\nVersion de base T-2 filetage femelle #2458074 ainsi que c\u00f4t\u00e9 t\u00e9lescope avec<br \/>\nRaccord enfichable 11\/4&nbsp;\u00bb vers T-2 avec rainure. T-2 Partie #14, #2458105<\/p>\n","protected":false},"excerpt":{"rendered":"<p>Syst\u00e8me de projection num\u00e9rique afocale ADPS I &#8211; avec prise 11\/4&nbsp;\u00bb&nbsp;; ADPS I &#8211; Raccord lat\u00e9ral t\u00e9lescopique enfichable 11\/4&nbsp;\u00bb \u00e0 T-2 avec rainure&nbsp;; Livr\u00e9 SANS oculaire de projection&nbsp;; Pour la photographie avec des appareils photo num\u00e9riques et\/ou num\u00e9riques cam\u00e9scopes&nbsp;; Compos\u00e9 d\u2019un syst\u00e8me de projection num\u00e9rique afocal ADPS IV &#8211; Version de base T-2 filetage femelle [&hellip;]<\/p>\n","protected":false},"featured_media":10522,"comment_status":"closed","ping_status":"open","template":"","meta":{"_acf_changed":false},"product_brand":[679],"product_cat":[1654,1657,1696],"product_tag":[],"class_list":{"0":"post-58644","1":"product","2":"type-product","3":"status-publish","4":"has-post-thumbnail","6":"product_brand-baader","7":"product_cat-astronomie-accessoires-fr","8":"product_cat-adaptateurs","9":"product_cat-manchons","11":"first","12":"instock","13":"taxable","14":"shipping-taxable","15":"purchasable","16":"product-type-simple"},"acf":[],"_links":{"self":[{"href":"https:\/\/www.teleskopshop.ch\/fr\/wp-json\/wp\/v2\/product\/58644","targetHints":{"allow":["GET"]}}],"collection":[{"href":"https:\/\/www.teleskopshop.ch\/fr\/wp-json\/wp\/v2\/product"}],"about":[{"href":"https:\/\/www.teleskopshop.ch\/fr\/wp-json\/wp\/v2\/types\/product"}],"replies":[{"embeddable":true,"href":"https:\/\/www.teleskopshop.ch\/fr\/wp-json\/wp\/v2\/comments?post=58644"}],"wp:featuredmedia":[{"embeddable":true,"href":"https:\/\/www.teleskopshop.ch\/fr\/wp-json\/wp\/v2\/media\/10522"}],"wp:attachment":[{"href":"https:\/\/www.teleskopshop.ch\/fr\/wp-json\/wp\/v2\/media?parent=58644"}],"wp:term":[{"taxonomy":"product_brand","embeddable":true,"href":"https:\/\/www.teleskopshop.ch\/fr\/wp-json\/wp\/v2\/product_brand?post=58644"},{"taxonomy":"product_cat","embeddable":true,"href":"https:\/\/www.teleskopshop.ch\/fr\/wp-json\/wp\/v2\/product_cat?post=58644"},{"taxonomy":"product_tag","embeddable":true,"href":"https:\/\/www.teleskopshop.ch\/fr\/wp-json\/wp\/v2\/product_tag?post=58644"}],"curies":[{"name":"wp","href":"https:\/\/api.w.org\/{rel}","templated":true}]}}