{"id":58638,"date":"2023-12-18T00:00:00","date_gmt":"2023-12-17T23:00:00","guid":{"rendered":"https:\/\/2025.teleskopshop.ch\/shop\/non%20class\u00e9\/pentax-smartphone-adapter-v-sa1\/"},"modified":"2025-01-25T11:52:05","modified_gmt":"2025-01-25T10:52:05","slug":"pentax-smartphone-adapter-v-sa1","status":"publish","type":"product","link":"https:\/\/www.teleskopshop.ch\/fr\/shop\/astronomie-accessoires-fr\/adaptateurs\/smartphone-adapter-fr\/pentax-smartphone-adapter-v-sa1\/","title":{"rendered":"Adaptateur smartphone Pentax V-SA1"},"content":{"rendered":"<p>Accessoires pour le monoculaire 6&#215;21<br \/>\n&#8211; Des images t\u00e9lescopiques peuvent \u00eatre prises avec la fonction appareil photo des smartphones<br \/>\n \u00eatre compris.<br \/>\n&#8211; En combinaison avec le tr\u00e9pied macro accessoire en option V-MS1, cela est possible<br \/>\n Monoculaire avec smartphone connect\u00e9 comme cam\u00e9ra de microscope pour la<br \/>\n La capture d&rsquo;images \u00e0 courte distance peut \u00eatre utilis\u00e9e.<\/p>\n","protected":false},"excerpt":{"rendered":"<p>Accessoires pour le monoculaire 6&#215;21 &#8211; Des images t\u00e9lescopiques peuvent \u00eatre prises avec la fonction appareil photo des smartphones \u00eatre compris. &#8211; En combinaison avec le tr\u00e9pied macro accessoire en option V-MS1, cela est possible Monoculaire avec smartphone connect\u00e9 comme cam\u00e9ra de microscope pour la La capture d&rsquo;images \u00e0 courte distance peut \u00eatre utilis\u00e9e.<\/p>\n","protected":false},"featured_media":8586,"comment_status":"closed","ping_status":"closed","template":"","meta":{"_acf_changed":false},"product_brand":[688],"product_cat":[1654,1657,1693],"product_tag":[],"class_list":{"0":"post-58638","1":"product","2":"type-product","3":"status-publish","4":"has-post-thumbnail","6":"product_brand-pentax","7":"product_cat-astronomie-accessoires-fr","8":"product_cat-adaptateurs","9":"product_cat-smartphone-adapter-fr","11":"first","12":"instock","13":"taxable","14":"shipping-taxable","15":"purchasable","16":"product-type-simple"},"acf":[],"_links":{"self":[{"href":"https:\/\/www.teleskopshop.ch\/fr\/wp-json\/wp\/v2\/product\/58638","targetHints":{"allow":["GET"]}}],"collection":[{"href":"https:\/\/www.teleskopshop.ch\/fr\/wp-json\/wp\/v2\/product"}],"about":[{"href":"https:\/\/www.teleskopshop.ch\/fr\/wp-json\/wp\/v2\/types\/product"}],"replies":[{"embeddable":true,"href":"https:\/\/www.teleskopshop.ch\/fr\/wp-json\/wp\/v2\/comments?post=58638"}],"wp:featuredmedia":[{"embeddable":true,"href":"https:\/\/www.teleskopshop.ch\/fr\/wp-json\/wp\/v2\/media\/8586"}],"wp:attachment":[{"href":"https:\/\/www.teleskopshop.ch\/fr\/wp-json\/wp\/v2\/media?parent=58638"}],"wp:term":[{"taxonomy":"product_brand","embeddable":true,"href":"https:\/\/www.teleskopshop.ch\/fr\/wp-json\/wp\/v2\/product_brand?post=58638"},{"taxonomy":"product_cat","embeddable":true,"href":"https:\/\/www.teleskopshop.ch\/fr\/wp-json\/wp\/v2\/product_cat?post=58638"},{"taxonomy":"product_tag","embeddable":true,"href":"https:\/\/www.teleskopshop.ch\/fr\/wp-json\/wp\/v2\/product_tag?post=58638"}],"curies":[{"name":"wp","href":"https:\/\/api.w.org\/{rel}","templated":true}]}}