{"id":58623,"date":"2023-12-18T00:00:00","date_gmt":"2023-12-17T23:00:00","guid":{"rendered":"https:\/\/2025.teleskopshop.ch\/shop\/non%20class\u00e9\/celestron-adapter-v2-f-off-axis-guider\/"},"modified":"2025-01-25T11:52:03","modified_gmt":"2025-01-25T10:52:03","slug":"celestron-adapter-v2-f-off-axis-guider","status":"publish","type":"product","link":"https:\/\/www.teleskopshop.ch\/fr\/shop\/astronomie-accessoires-fr\/adaptateurs\/adaptateur-hors-axe\/celestron-adapter-v2-f-off-axis-guider\/","title":{"rendered":"Adaptateur Celestron V2 pour guide hors axe"},"content":{"rendered":"<p>Pour SCT et EdgeHD. NOUVEAU! plus long de la distance entre<br \/>\nMieux vaut consid\u00e9rer la mise au point d&rsquo;arri\u00e8re-plan DSLR sans cela<br \/>\ndes adaptateurs suppl\u00e9mentaires sont n\u00e9cessaires. Id\u00e9al pour les cam\u00e9ras comme \u00e7a<br \/>\nCanon 5D ou 6D &#8211; permet d&rsquo;utiliser le cercle plein cadre pour<br \/>\nmeilleur \u00e9clairage du capteur.<\/p>\n","protected":false},"excerpt":{"rendered":"<p>Pour SCT et EdgeHD. NOUVEAU! plus long de la distance entre Mieux vaut consid\u00e9rer la mise au point d&rsquo;arri\u00e8re-plan DSLR sans cela des adaptateurs suppl\u00e9mentaires sont n\u00e9cessaires. Id\u00e9al pour les cam\u00e9ras comme \u00e7a Canon 5D ou 6D &#8211; permet d&rsquo;utiliser le cercle plein cadre pour meilleur \u00e9clairage du capteur.<\/p>\n","protected":false},"featured_media":8570,"comment_status":"closed","ping_status":"open","template":"","meta":{"_acf_changed":false},"product_brand":[674],"product_cat":[1654,1684,1657],"product_tag":[],"class_list":{"0":"post-58623","1":"product","2":"type-product","3":"status-publish","4":"has-post-thumbnail","6":"product_brand-celestron","7":"product_cat-astronomie-accessoires-fr","8":"product_cat-adaptateur-hors-axe","9":"product_cat-adaptateurs","11":"first","12":"instock","13":"taxable","14":"shipping-taxable","15":"purchasable","16":"product-type-simple"},"acf":[],"_links":{"self":[{"href":"https:\/\/www.teleskopshop.ch\/fr\/wp-json\/wp\/v2\/product\/58623","targetHints":{"allow":["GET"]}}],"collection":[{"href":"https:\/\/www.teleskopshop.ch\/fr\/wp-json\/wp\/v2\/product"}],"about":[{"href":"https:\/\/www.teleskopshop.ch\/fr\/wp-json\/wp\/v2\/types\/product"}],"replies":[{"embeddable":true,"href":"https:\/\/www.teleskopshop.ch\/fr\/wp-json\/wp\/v2\/comments?post=58623"}],"wp:featuredmedia":[{"embeddable":true,"href":"https:\/\/www.teleskopshop.ch\/fr\/wp-json\/wp\/v2\/media\/8570"}],"wp:attachment":[{"href":"https:\/\/www.teleskopshop.ch\/fr\/wp-json\/wp\/v2\/media?parent=58623"}],"wp:term":[{"taxonomy":"product_brand","embeddable":true,"href":"https:\/\/www.teleskopshop.ch\/fr\/wp-json\/wp\/v2\/product_brand?post=58623"},{"taxonomy":"product_cat","embeddable":true,"href":"https:\/\/www.teleskopshop.ch\/fr\/wp-json\/wp\/v2\/product_cat?post=58623"},{"taxonomy":"product_tag","embeddable":true,"href":"https:\/\/www.teleskopshop.ch\/fr\/wp-json\/wp\/v2\/product_tag?post=58623"}],"curies":[{"name":"wp","href":"https:\/\/api.w.org\/{rel}","templated":true}]}}