{"id":58584,"date":"2023-12-18T00:00:00","date_gmt":"2023-12-17T23:00:00","guid":{"rendered":"https:\/\/2025.teleskopshop.ch\/shop\/non%20class\u00e9\/baader-dt-adapter-ii-t-2-sp54a\/"},"modified":"2025-01-25T12:00:35","modified_gmt":"2025-01-25T11:00:35","slug":"baader-dt-adapter-ii-t-2-sp54a","status":"publish","type":"product","link":"https:\/\/www.teleskopshop.ch\/fr\/shop\/astronomie-accessoires-fr\/adaptateurs\/adaptateur-de-camera\/baader-dt-adapter-ii-t-2-sp54a\/","title":{"rendered":"Adaptateur Baader DT II, T-2 \/ SP54a"},"content":{"rendered":"<p>Adaptateur d&rsquo;extension T-2<br \/>\nAdapt\u00e9 du filetage T-2 c\u00f4t\u00e9 t\u00e9lescope (ex. Morpheus et<br \/>\nOculaires Hyperion avec adaptateur M43\/T-2) vers le SP54 plus grand<br \/>\nFil de discussion. Il existe des adaptateurs de SP54 \u00e0 la plupart des filetages de filtre de<br \/>\nobjectifs d&rsquo;appareil photo reflex num\u00e9rique plus grands.<\/p>\n","protected":false},"excerpt":{"rendered":"<p>Adaptateur d&rsquo;extension T-2 Adapt\u00e9 du filetage T-2 c\u00f4t\u00e9 t\u00e9lescope (ex. Morpheus et Oculaires Hyperion avec adaptateur M43\/T-2) vers le SP54 plus grand Fil de discussion. Il existe des adaptateurs de SP54 \u00e0 la plupart des filetages de filtre de objectifs d&rsquo;appareil photo reflex num\u00e9rique plus grands.<\/p>\n","protected":false},"featured_media":9702,"comment_status":"closed","ping_status":"open","template":"","meta":{"_acf_changed":false},"product_brand":[679],"product_cat":[1654,1675,1657],"product_tag":[],"class_list":{"0":"post-58584","1":"product","2":"type-product","3":"status-publish","4":"has-post-thumbnail","6":"product_brand-baader","7":"product_cat-astronomie-accessoires-fr","8":"product_cat-adaptateur-de-camera","9":"product_cat-adaptateurs","11":"first","12":"instock","13":"taxable","14":"shipping-taxable","15":"purchasable","16":"product-type-simple"},"acf":[],"_links":{"self":[{"href":"https:\/\/www.teleskopshop.ch\/fr\/wp-json\/wp\/v2\/product\/58584","targetHints":{"allow":["GET"]}}],"collection":[{"href":"https:\/\/www.teleskopshop.ch\/fr\/wp-json\/wp\/v2\/product"}],"about":[{"href":"https:\/\/www.teleskopshop.ch\/fr\/wp-json\/wp\/v2\/types\/product"}],"replies":[{"embeddable":true,"href":"https:\/\/www.teleskopshop.ch\/fr\/wp-json\/wp\/v2\/comments?post=58584"}],"wp:featuredmedia":[{"embeddable":true,"href":"https:\/\/www.teleskopshop.ch\/fr\/wp-json\/wp\/v2\/media\/9702"}],"wp:attachment":[{"href":"https:\/\/www.teleskopshop.ch\/fr\/wp-json\/wp\/v2\/media?parent=58584"}],"wp:term":[{"taxonomy":"product_brand","embeddable":true,"href":"https:\/\/www.teleskopshop.ch\/fr\/wp-json\/wp\/v2\/product_brand?post=58584"},{"taxonomy":"product_cat","embeddable":true,"href":"https:\/\/www.teleskopshop.ch\/fr\/wp-json\/wp\/v2\/product_cat?post=58584"},{"taxonomy":"product_tag","embeddable":true,"href":"https:\/\/www.teleskopshop.ch\/fr\/wp-json\/wp\/v2\/product_tag?post=58584"}],"curies":[{"name":"wp","href":"https:\/\/api.w.org\/{rel}","templated":true}]}}