{"id":58542,"date":"2023-12-18T00:00:00","date_gmt":"2023-12-17T23:00:00","guid":{"rendered":"https:\/\/2025.teleskopshop.ch\/shop\/non%20class\u00e9\/baader-opfa-5-m44-zeiss-adapter\/"},"modified":"2025-01-25T11:52:16","modified_gmt":"2025-01-25T10:52:16","slug":"baader-opfa-5-m44-zeiss-adapter","status":"publish","type":"product","link":"https:\/\/www.teleskopshop.ch\/fr\/shop\/astronomie-accessoires-fr\/adaptateurs\/adaptateur-de-camera\/baader-opfa-5-m44-zeiss-adapter\/","title":{"rendered":"Adaptateur Baader OPFA-5 M44 Zeiss"},"content":{"rendered":"<p>&#8211; OPFA V &#8211; Connexion c\u00f4t\u00e9 t\u00e9lescope : avec filetage ext\u00e9rieur M44 x 1, pour<br \/>\n Connexion \u00e0 tous les t\u00e9lescopes Zeiss avec filetage femelle M44<br \/>\n&#8211; Livraison SANS oculaire de projection !<br \/>\n&#8211; Pour la photographie avec des appareils photo reflex num\u00e9riques et\/ou analogiques<br \/>\n avec lentille amovible<br \/>\n&#8211; Compos\u00e9 de la version de base OPFA (pi\u00e8ces d\u00e9tach\u00e9es voir OPFA IV) et<br \/>\n c\u00f4t\u00e9 t\u00e9lescope avec adaptateur Zeiss-M44 (#1508005)<\/p>\n","protected":false},"excerpt":{"rendered":"<p>&#8211; OPFA V &#8211; Connexion c\u00f4t\u00e9 t\u00e9lescope : avec filetage ext\u00e9rieur M44 x 1, pour Connexion \u00e0 tous les t\u00e9lescopes Zeiss avec filetage femelle M44 &#8211; Livraison SANS oculaire de projection ! &#8211; Pour la photographie avec des appareils photo reflex num\u00e9riques et\/ou analogiques avec lentille amovible &#8211; Compos\u00e9 de la version de base OPFA [&hellip;]<\/p>\n","protected":false},"featured_media":8478,"comment_status":"closed","ping_status":"open","template":"","meta":{"_acf_changed":false},"product_brand":[679],"product_cat":[1654,1675,1657],"product_tag":[],"class_list":{"0":"post-58542","1":"product","2":"type-product","3":"status-publish","4":"has-post-thumbnail","6":"product_brand-baader","7":"product_cat-astronomie-accessoires-fr","8":"product_cat-adaptateur-de-camera","9":"product_cat-adaptateurs","11":"first","12":"instock","13":"taxable","14":"shipping-taxable","15":"purchasable","16":"product-type-simple"},"acf":[],"_links":{"self":[{"href":"https:\/\/www.teleskopshop.ch\/fr\/wp-json\/wp\/v2\/product\/58542","targetHints":{"allow":["GET"]}}],"collection":[{"href":"https:\/\/www.teleskopshop.ch\/fr\/wp-json\/wp\/v2\/product"}],"about":[{"href":"https:\/\/www.teleskopshop.ch\/fr\/wp-json\/wp\/v2\/types\/product"}],"replies":[{"embeddable":true,"href":"https:\/\/www.teleskopshop.ch\/fr\/wp-json\/wp\/v2\/comments?post=58542"}],"wp:featuredmedia":[{"embeddable":true,"href":"https:\/\/www.teleskopshop.ch\/fr\/wp-json\/wp\/v2\/media\/8478"}],"wp:attachment":[{"href":"https:\/\/www.teleskopshop.ch\/fr\/wp-json\/wp\/v2\/media?parent=58542"}],"wp:term":[{"taxonomy":"product_brand","embeddable":true,"href":"https:\/\/www.teleskopshop.ch\/fr\/wp-json\/wp\/v2\/product_brand?post=58542"},{"taxonomy":"product_cat","embeddable":true,"href":"https:\/\/www.teleskopshop.ch\/fr\/wp-json\/wp\/v2\/product_cat?post=58542"},{"taxonomy":"product_tag","embeddable":true,"href":"https:\/\/www.teleskopshop.ch\/fr\/wp-json\/wp\/v2\/product_tag?post=58542"}],"curies":[{"name":"wp","href":"https:\/\/api.w.org\/{rel}","templated":true}]}}