{"id":58533,"date":"2023-12-18T00:00:00","date_gmt":"2023-12-17T23:00:00","guid":{"rendered":"https:\/\/2025.teleskopshop.ch\/shop\/non%20class\u00e9\/baader-opfa-7-vixen-36mm-adapter\/"},"modified":"2025-01-25T11:52:35","modified_gmt":"2025-01-25T10:52:35","slug":"baader-opfa-7-vixen-36mm-adapter","status":"publish","type":"product","link":"https:\/\/www.teleskopshop.ch\/fr\/shop\/astronomie-accessoires-fr\/adaptateurs\/adaptateur-de-camera\/baader-opfa-7-vixen-36mm-adapter\/","title":{"rendered":"Adaptateur Baader OPFA-7 Vixen 36mm"},"content":{"rendered":"<p>&#8211; OPFA VII &#8211; Connexion c\u00f4t\u00e9 t\u00e9lescope : filetage adaptateur M36.4mm (T-2<br \/>\n Composant #3), par exemple pour Lichtenknecker, Vixen, TAK<br \/>\n&#8211; Livraison SANS oculaire de projection !<br \/>\n&#8211; Pour la photographie avec des appareils photo reflex num\u00e9riques et\/ou analogiques<br \/>\n avec lentille amovible<br \/>\n&#8211; Compos\u00e9 de la version de base OPFA (pi\u00e8ces d\u00e9tach\u00e9es voir OPFA IV) et<br \/>\n C\u00f4t\u00e9 t\u00e9lescope avec adaptateur Vixen\/TAK\/Lichtenknecker M36.4<br \/>\n  (#1508039)<br \/>\nAdaptateur de projection d&rsquo;oculaire avec filetage M36.4, variable &#8211; permet un<br \/>\nExtension de la distance focale effective du t\u00e9lescope. Celui-ci a le Vixen<br \/>\nFiletage M36.4 et longueur variable. Autour des crat\u00e8res lunaires et<br \/>\nLa distance focale est g\u00e9n\u00e9ralement suffisante pour imager les plan\u00e8tes avec une haute r\u00e9solution<br \/>\ndu t\u00e9lescope n&rsquo;est pas suffisante, il faut l&rsquo;allonger. L&rsquo;OPFA apporte<br \/>\nl&rsquo;oculaire dans le trajet du faisceau et fournit \u00e9galement la connexion<br \/>\nau t\u00e9lescope et \u00e0 la bague T2 de la cam\u00e9ra.<br \/>\nL&rsquo;OPFA accepte les oculaires avec un diam\u00e8tre de bo\u00eetier maximum de<br \/>\n38 mm sur. Les oculaires Pl\u00f6ssl et les oculaires orthoscopiques sont particuli\u00e8rement performants<br \/>\n(selon Abbe) convenable. La plage de focales habituelle se situe entre<br \/>\n6 mm et 15 mm.<br \/>\nLe syst\u00e8me OPFA peut \u00eatre compl\u00e8tement d\u00e9viss\u00e9. Pousser<br \/>\nplacez simplement l&rsquo;oculaire dans le porte-oculaire coulissant et fixez-le avec<br \/>\nla vis molet\u00e9e. Revisser ensuite les deux manchons T2<br \/>\net l&rsquo;OPFA est pr\u00eat \u00e0 l&#8217;emploi. Sur le<br \/>\nVous pouvez m\u00eame affiner le m\u00e9canisme de changement de vitesse<br \/>\nobtenir un grossissement. Plus la cam\u00e9ra est \u00e9loign\u00e9e de l&rsquo;oculaire,<br \/>\nplus le post-grossissement est important.<\/p>\n","protected":false},"excerpt":{"rendered":"<p>&#8211; OPFA VII &#8211; Connexion c\u00f4t\u00e9 t\u00e9lescope : filetage adaptateur M36.4mm (T-2 Composant #3), par exemple pour Lichtenknecker, Vixen, TAK &#8211; Livraison SANS oculaire de projection ! &#8211; Pour la photographie avec des appareils photo reflex num\u00e9riques et\/ou analogiques avec lentille amovible &#8211; Compos\u00e9 de la version de base OPFA (pi\u00e8ces d\u00e9tach\u00e9es voir OPFA IV) [&hellip;]<\/p>\n","protected":false},"featured_media":8274,"comment_status":"closed","ping_status":"open","template":"","meta":{"_acf_changed":false},"product_brand":[679],"product_cat":[1654,1675,1657],"product_tag":[],"class_list":{"0":"post-58533","1":"product","2":"type-product","3":"status-publish","4":"has-post-thumbnail","6":"product_brand-baader","7":"product_cat-astronomie-accessoires-fr","8":"product_cat-adaptateur-de-camera","9":"product_cat-adaptateurs","11":"first","12":"instock","13":"taxable","14":"shipping-taxable","15":"purchasable","16":"product-type-simple"},"acf":[],"_links":{"self":[{"href":"https:\/\/www.teleskopshop.ch\/fr\/wp-json\/wp\/v2\/product\/58533","targetHints":{"allow":["GET"]}}],"collection":[{"href":"https:\/\/www.teleskopshop.ch\/fr\/wp-json\/wp\/v2\/product"}],"about":[{"href":"https:\/\/www.teleskopshop.ch\/fr\/wp-json\/wp\/v2\/types\/product"}],"replies":[{"embeddable":true,"href":"https:\/\/www.teleskopshop.ch\/fr\/wp-json\/wp\/v2\/comments?post=58533"}],"wp:featuredmedia":[{"embeddable":true,"href":"https:\/\/www.teleskopshop.ch\/fr\/wp-json\/wp\/v2\/media\/8274"}],"wp:attachment":[{"href":"https:\/\/www.teleskopshop.ch\/fr\/wp-json\/wp\/v2\/media?parent=58533"}],"wp:term":[{"taxonomy":"product_brand","embeddable":true,"href":"https:\/\/www.teleskopshop.ch\/fr\/wp-json\/wp\/v2\/product_brand?post=58533"},{"taxonomy":"product_cat","embeddable":true,"href":"https:\/\/www.teleskopshop.ch\/fr\/wp-json\/wp\/v2\/product_cat?post=58533"},{"taxonomy":"product_tag","embeddable":true,"href":"https:\/\/www.teleskopshop.ch\/fr\/wp-json\/wp\/v2\/product_tag?post=58533"}],"curies":[{"name":"wp","href":"https:\/\/api.w.org\/{rel}","templated":true}]}}