{"id":58518,"date":"2023-12-18T00:00:00","date_gmt":"2023-12-17T23:00:00","guid":{"rendered":"https:\/\/2025.teleskopshop.ch\/shop\/non%20class\u00e9\/celestron-t-adapter-nexstar-4-c90-mak\/"},"modified":"2025-01-25T11:52:41","modified_gmt":"2025-01-25T10:52:41","slug":"celestron-t-adapter-nexstar-4-c90-mak","status":"publish","type":"product","link":"https:\/\/www.teleskopshop.ch\/fr\/shop\/astronomie-accessoires-fr\/adaptateurs\/adaptateur-de-camera\/celestron-t-adapter-nexstar-4-c90-mak\/","title":{"rendered":"Adaptateur en T Celestron NexStar 4, C90 + MAK"},"content":{"rendered":"<p>Pour NexStar 4 et pour toutes les longues-vues C90<br \/>\nAvec ces adaptateurs Celestron T, vous pouvez<br \/>\nAppareils photo reflex (35 mm) dans le foyer principal du NexStar 4 ou du C90<br \/>\n&#8211; Des longues-vues peuvent \u00eatre connect\u00e9es. De cette fa\u00e7on, vous pouvez<br \/>\nphotographies terrestres mais aussi lunaires et plan\u00e9taires<br \/>\nfaire. Pour la photographie du ciel profond, vous en avez besoin d&rsquo;un suppl\u00e9mentaire<br \/>\nport\u00e9e du guide.<br \/>\nEn plus des adaptateurs en T, un anneau en T est n\u00e9cessaire pour la cam\u00e9ra respective<br \/>\navait besoin.<\/p>\n","protected":false},"excerpt":{"rendered":"<p>Pour NexStar 4 et pour toutes les longues-vues C90 Avec ces adaptateurs Celestron T, vous pouvez Appareils photo reflex (35 mm) dans le foyer principal du NexStar 4 ou du C90 &#8211; Des longues-vues peuvent \u00eatre connect\u00e9es. De cette fa\u00e7on, vous pouvez photographies terrestres mais aussi lunaires et plan\u00e9taires faire. Pour la photographie du ciel [&hellip;]<\/p>\n","protected":false},"featured_media":8134,"comment_status":"closed","ping_status":"open","template":"","meta":{"_acf_changed":false},"product_brand":[674],"product_cat":[1654,1675,1657],"product_tag":[],"class_list":{"0":"post-58518","1":"product","2":"type-product","3":"status-publish","4":"has-post-thumbnail","6":"product_brand-celestron","7":"product_cat-astronomie-accessoires-fr","8":"product_cat-adaptateur-de-camera","9":"product_cat-adaptateurs","11":"first","12":"instock","13":"taxable","14":"shipping-taxable","15":"purchasable","16":"product-type-simple"},"acf":[],"_links":{"self":[{"href":"https:\/\/www.teleskopshop.ch\/fr\/wp-json\/wp\/v2\/product\/58518","targetHints":{"allow":["GET"]}}],"collection":[{"href":"https:\/\/www.teleskopshop.ch\/fr\/wp-json\/wp\/v2\/product"}],"about":[{"href":"https:\/\/www.teleskopshop.ch\/fr\/wp-json\/wp\/v2\/types\/product"}],"replies":[{"embeddable":true,"href":"https:\/\/www.teleskopshop.ch\/fr\/wp-json\/wp\/v2\/comments?post=58518"}],"wp:featuredmedia":[{"embeddable":true,"href":"https:\/\/www.teleskopshop.ch\/fr\/wp-json\/wp\/v2\/media\/8134"}],"wp:attachment":[{"href":"https:\/\/www.teleskopshop.ch\/fr\/wp-json\/wp\/v2\/media?parent=58518"}],"wp:term":[{"taxonomy":"product_brand","embeddable":true,"href":"https:\/\/www.teleskopshop.ch\/fr\/wp-json\/wp\/v2\/product_brand?post=58518"},{"taxonomy":"product_cat","embeddable":true,"href":"https:\/\/www.teleskopshop.ch\/fr\/wp-json\/wp\/v2\/product_cat?post=58518"},{"taxonomy":"product_tag","embeddable":true,"href":"https:\/\/www.teleskopshop.ch\/fr\/wp-json\/wp\/v2\/product_tag?post=58518"}],"curies":[{"name":"wp","href":"https:\/\/api.w.org\/{rel}","templated":true}]}}