{"id":58515,"date":"2023-12-18T00:00:00","date_gmt":"2023-12-17T23:00:00","guid":{"rendered":"https:\/\/2025.teleskopshop.ch\/shop\/non%20class\u00e9\/celestron-t-adapter-f-c5c6c8c9c1114\/"},"modified":"2025-01-25T11:52:31","modified_gmt":"2025-01-25T10:52:31","slug":"celestron-t-adapter-f-c5c6c8c9c1114","status":"publish","type":"product","link":"https:\/\/www.teleskopshop.ch\/fr\/shop\/astronomie-accessoires-fr\/adaptateurs\/adaptateur-de-camera\/celestron-t-adapter-f-c5c6c8c9c1114\/","title":{"rendered":"Adaptateur Celestron T pour C5, C6, C8, C9, C11 + 14"},"content":{"rendered":"<p>Pour tous les Schmidt-Cassegrain. Se fixe \u00e0 l&rsquo;arri\u00e8re du t\u00e9lescope<br \/>\nviss\u00e9.<br \/>\nAvec les adaptateurs Celestron T, les appareils photo reflex 35 mm peuvent \u00eatre utilis\u00e9s<br \/>\n(35 mm) dans le foyer principal du t\u00e9lescope. Pour \u00e7a<br \/>\nfa\u00e7on dont vous pouvez photographier terrestre mais aussi lunaire et<br \/>\nprendre des photos plan\u00e9taires. Pour la photographie du ciel profond, vous en avez besoin d&rsquo;un<br \/>\nport\u00e9e de guidage suppl\u00e9mentaire.<br \/>\nEn plus des adaptateurs en T, un anneau en T est n\u00e9cessaire pour la cam\u00e9ra respective<br \/>\navait besoin.<\/p>\n","protected":false},"excerpt":{"rendered":"<p>Pour tous les Schmidt-Cassegrain. Se fixe \u00e0 l&rsquo;arri\u00e8re du t\u00e9lescope viss\u00e9. Avec les adaptateurs Celestron T, les appareils photo reflex 35 mm peuvent \u00eatre utilis\u00e9s (35 mm) dans le foyer principal du t\u00e9lescope. Pour \u00e7a fa\u00e7on dont vous pouvez photographier terrestre mais aussi lunaire et prendre des photos plan\u00e9taires. Pour la photographie du ciel profond, [&hellip;]<\/p>\n","protected":false},"featured_media":8130,"comment_status":"closed","ping_status":"open","template":"","meta":{"_acf_changed":false},"product_brand":[674],"product_cat":[1654,1675,1657],"product_tag":[],"class_list":{"0":"post-58515","1":"product","2":"type-product","3":"status-publish","4":"has-post-thumbnail","6":"product_brand-celestron","7":"product_cat-astronomie-accessoires-fr","8":"product_cat-adaptateur-de-camera","9":"product_cat-adaptateurs","11":"first","12":"instock","13":"taxable","14":"shipping-taxable","15":"purchasable","16":"product-type-simple"},"acf":[],"_links":{"self":[{"href":"https:\/\/www.teleskopshop.ch\/fr\/wp-json\/wp\/v2\/product\/58515","targetHints":{"allow":["GET"]}}],"collection":[{"href":"https:\/\/www.teleskopshop.ch\/fr\/wp-json\/wp\/v2\/product"}],"about":[{"href":"https:\/\/www.teleskopshop.ch\/fr\/wp-json\/wp\/v2\/types\/product"}],"replies":[{"embeddable":true,"href":"https:\/\/www.teleskopshop.ch\/fr\/wp-json\/wp\/v2\/comments?post=58515"}],"wp:featuredmedia":[{"embeddable":true,"href":"https:\/\/www.teleskopshop.ch\/fr\/wp-json\/wp\/v2\/media\/8130"}],"wp:attachment":[{"href":"https:\/\/www.teleskopshop.ch\/fr\/wp-json\/wp\/v2\/media?parent=58515"}],"wp:term":[{"taxonomy":"product_brand","embeddable":true,"href":"https:\/\/www.teleskopshop.ch\/fr\/wp-json\/wp\/v2\/product_brand?post=58515"},{"taxonomy":"product_cat","embeddable":true,"href":"https:\/\/www.teleskopshop.ch\/fr\/wp-json\/wp\/v2\/product_cat?post=58515"},{"taxonomy":"product_tag","embeddable":true,"href":"https:\/\/www.teleskopshop.ch\/fr\/wp-json\/wp\/v2\/product_tag?post=58515"}],"curies":[{"name":"wp","href":"https:\/\/api.w.org\/{rel}","templated":true}]}}