{"id":58512,"date":"2023-12-18T00:00:00","date_gmt":"2023-12-17T23:00:00","guid":{"rendered":"https:\/\/2025.teleskopshop.ch\/shop\/non%20class\u00e9\/celestron-t-adapter-42mm-edgehd-c9-11-14\/"},"modified":"2025-01-25T11:52:50","modified_gmt":"2025-01-25T10:52:50","slug":"celestron-t-adapter-42mm-edgehd-c9-11-14","status":"publish","type":"product","link":"https:\/\/www.teleskopshop.ch\/fr\/shop\/astronomie-accessoires-fr\/adaptateurs\/adaptateur-de-camera\/celestron-t-adapter-42mm-edgehd-c9-11-14\/","title":{"rendered":"Adaptateur en T Celestron 42mm EdgeHD C9-11-14"},"content":{"rendered":"<p>Adaptateur en T pour connecter des appareils photo APS-C et plus petits au<br \/>\nOptique EdgeHD 9.25, 11 et 14&Prime;<br \/>\nAvec cet adaptateur en T, vous pouvez utiliser votre reflex num\u00e9rique au centre de votre<br \/>\nFixez les t\u00e9lescopes Edge HD. Vous pouvez donc les utiliser pour terrestre<br \/>\nPhotographie et poses lunaires et plan\u00e9taires en bref<br \/>\nUtilisez les temps d&rsquo;exposition. Avec un contr\u00f4le de suivi (port\u00e9e de guidage)<br \/>\nLa photographie du ciel profond est \u00e9galement possible.<br \/>\nVous aurez besoin \u00e0 la fois de cet adaptateur en T et d&rsquo;un anneau en T pour s&rsquo;adapter \u00e0 votre<br \/>\npour fixer la cam\u00e9ra au t\u00e9lescope.<\/p>\n","protected":false},"excerpt":{"rendered":"<p>Adaptateur en T pour connecter des appareils photo APS-C et plus petits au Optique EdgeHD 9.25, 11 et 14&Prime; Avec cet adaptateur en T, vous pouvez utiliser votre reflex num\u00e9rique au centre de votre Fixez les t\u00e9lescopes Edge HD. Vous pouvez donc les utiliser pour terrestre Photographie et poses lunaires et plan\u00e9taires en bref Utilisez [&hellip;]<\/p>\n","protected":false},"featured_media":8018,"comment_status":"closed","ping_status":"open","template":"","meta":{"_acf_changed":false},"product_brand":[674],"product_cat":[1654,1675,1657],"product_tag":[],"class_list":{"0":"post-58512","1":"product","2":"type-product","3":"status-publish","4":"has-post-thumbnail","6":"product_brand-celestron","7":"product_cat-astronomie-accessoires-fr","8":"product_cat-adaptateur-de-camera","9":"product_cat-adaptateurs","11":"first","12":"instock","13":"taxable","14":"shipping-taxable","15":"purchasable","16":"product-type-simple"},"acf":[],"_links":{"self":[{"href":"https:\/\/www.teleskopshop.ch\/fr\/wp-json\/wp\/v2\/product\/58512","targetHints":{"allow":["GET"]}}],"collection":[{"href":"https:\/\/www.teleskopshop.ch\/fr\/wp-json\/wp\/v2\/product"}],"about":[{"href":"https:\/\/www.teleskopshop.ch\/fr\/wp-json\/wp\/v2\/types\/product"}],"replies":[{"embeddable":true,"href":"https:\/\/www.teleskopshop.ch\/fr\/wp-json\/wp\/v2\/comments?post=58512"}],"wp:featuredmedia":[{"embeddable":true,"href":"https:\/\/www.teleskopshop.ch\/fr\/wp-json\/wp\/v2\/media\/8018"}],"wp:attachment":[{"href":"https:\/\/www.teleskopshop.ch\/fr\/wp-json\/wp\/v2\/media?parent=58512"}],"wp:term":[{"taxonomy":"product_brand","embeddable":true,"href":"https:\/\/www.teleskopshop.ch\/fr\/wp-json\/wp\/v2\/product_brand?post=58512"},{"taxonomy":"product_cat","embeddable":true,"href":"https:\/\/www.teleskopshop.ch\/fr\/wp-json\/wp\/v2\/product_cat?post=58512"},{"taxonomy":"product_tag","embeddable":true,"href":"https:\/\/www.teleskopshop.ch\/fr\/wp-json\/wp\/v2\/product_tag?post=58512"}],"curies":[{"name":"wp","href":"https:\/\/api.w.org\/{rel}","templated":true}]}}