{"id":58509,"date":"2023-12-18T00:00:00","date_gmt":"2023-12-17T23:00:00","guid":{"rendered":"https:\/\/2025.teleskopshop.ch\/shop\/non%20class\u00e9\/celestron-t-adapter-fuer-edge-hd-c-8\/"},"modified":"2025-01-25T11:52:51","modified_gmt":"2025-01-25T10:52:51","slug":"celestron-t-adapter-fuer-edge-hd-c-8","status":"publish","type":"product","link":"https:\/\/www.teleskopshop.ch\/fr\/shop\/astronomie-accessoires-fr\/adaptateurs\/adaptateur-de-camera\/celestron-t-adapter-fuer-edge-hd-c-8\/","title":{"rendered":"Adaptateur Celestron T pour Edge HD C 8"},"content":{"rendered":"<p>Adaptateur en T pour le 8&Prime; Edge HD Schmidt-Cassegrain. Volont\u00e9 \u00e0 la<br \/>\nParoi arri\u00e8re du tube viss\u00e9e.<br \/>\nAvec cet adaptateur en T, vous pouvez utiliser votre reflex num\u00e9rique 35 mm dans l&rsquo;objectif principal de votre<br \/>\nFixez les t\u00e9lescopes Edge HD. Vous pouvez donc les utiliser pour terrestre<br \/>\nPhotographie et poses lunaires et plan\u00e9taires en bref<br \/>\nUtilisez les temps d&rsquo;exposition. Avec un contr\u00f4le de suivi (port\u00e9e de guidage)<br \/>\nLa photographie du ciel profond est \u00e9galement possible.<br \/>\nVous aurez besoin \u00e0 la fois de cet adaptateur en T et d&rsquo;un anneau en T pour s&rsquo;adapter \u00e0 votre<br \/>\npour fixer la cam\u00e9ra au t\u00e9lescope.<\/p>\n","protected":false},"excerpt":{"rendered":"<p>Adaptateur en T pour le 8&Prime; Edge HD Schmidt-Cassegrain. Volont\u00e9 \u00e0 la Paroi arri\u00e8re du tube viss\u00e9e. Avec cet adaptateur en T, vous pouvez utiliser votre reflex num\u00e9rique 35 mm dans l&rsquo;objectif principal de votre Fixez les t\u00e9lescopes Edge HD. Vous pouvez donc les utiliser pour terrestre Photographie et poses lunaires et plan\u00e9taires en bref [&hellip;]<\/p>\n","protected":false},"featured_media":8014,"comment_status":"closed","ping_status":"open","template":"","meta":{"_acf_changed":false},"product_brand":[674],"product_cat":[1654,1675,1657],"product_tag":[],"class_list":{"0":"post-58509","1":"product","2":"type-product","3":"status-publish","4":"has-post-thumbnail","6":"product_brand-celestron","7":"product_cat-astronomie-accessoires-fr","8":"product_cat-adaptateur-de-camera","9":"product_cat-adaptateurs","11":"first","12":"instock","13":"taxable","14":"shipping-taxable","15":"purchasable","16":"product-type-simple"},"acf":[],"_links":{"self":[{"href":"https:\/\/www.teleskopshop.ch\/fr\/wp-json\/wp\/v2\/product\/58509","targetHints":{"allow":["GET"]}}],"collection":[{"href":"https:\/\/www.teleskopshop.ch\/fr\/wp-json\/wp\/v2\/product"}],"about":[{"href":"https:\/\/www.teleskopshop.ch\/fr\/wp-json\/wp\/v2\/types\/product"}],"replies":[{"embeddable":true,"href":"https:\/\/www.teleskopshop.ch\/fr\/wp-json\/wp\/v2\/comments?post=58509"}],"wp:featuredmedia":[{"embeddable":true,"href":"https:\/\/www.teleskopshop.ch\/fr\/wp-json\/wp\/v2\/media\/8014"}],"wp:attachment":[{"href":"https:\/\/www.teleskopshop.ch\/fr\/wp-json\/wp\/v2\/media?parent=58509"}],"wp:term":[{"taxonomy":"product_brand","embeddable":true,"href":"https:\/\/www.teleskopshop.ch\/fr\/wp-json\/wp\/v2\/product_brand?post=58509"},{"taxonomy":"product_cat","embeddable":true,"href":"https:\/\/www.teleskopshop.ch\/fr\/wp-json\/wp\/v2\/product_cat?post=58509"},{"taxonomy":"product_tag","embeddable":true,"href":"https:\/\/www.teleskopshop.ch\/fr\/wp-json\/wp\/v2\/product_tag?post=58509"}],"curies":[{"name":"wp","href":"https:\/\/api.w.org\/{rel}","templated":true}]}}