{"id":58479,"date":"2023-12-18T00:00:00","date_gmt":"2023-12-17T23:00:00","guid":{"rendered":"https:\/\/2025.teleskopshop.ch\/shop\/non%20class\u00e9\/baader-t-2-fein-abstimmring-set-3-t-2\/"},"modified":"2025-01-25T12:00:30","modified_gmt":"2025-01-25T11:00:30","slug":"baader-t-2-fein-abstimmring-set-3-t-2","status":"publish","type":"product","link":"https:\/\/www.teleskopshop.ch\/fr\/shop\/astronomie-accessoires-fr\/adaptateurs\/adaptateur-de-filetage\/baader-t-2-fein-abstimmring-set-3-t-2\/","title":{"rendered":"Baader T-2 jeu de bagues de r\u00e9glage fin, 3 T-2"},"content":{"rendered":"<p>Jeu de bagues de r\u00e9glage fin T-2, compos\u00e9 de 3 T-2 de pr\u00e9cision<br \/>\nAnneaux de r\u00e9glage en aluminium 0,3\/0,5\/1 mm<\/p>\n","protected":false},"excerpt":{"rendered":"<p>Jeu de bagues de r\u00e9glage fin T-2, compos\u00e9 de 3 T-2 de pr\u00e9cision Anneaux de r\u00e9glage en aluminium 0,3\/0,5\/1 mm<\/p>\n","protected":false},"featured_media":9782,"comment_status":"closed","ping_status":"open","template":"","meta":{"_acf_changed":false},"product_brand":[679],"product_cat":[1654,1672,1657],"product_tag":[],"class_list":{"0":"post-58479","1":"product","2":"type-product","3":"status-publish","4":"has-post-thumbnail","6":"product_brand-baader","7":"product_cat-astronomie-accessoires-fr","8":"product_cat-adaptateur-de-filetage","9":"product_cat-adaptateurs","11":"first","12":"instock","13":"taxable","14":"shipping-taxable","15":"purchasable","16":"product-type-simple"},"acf":[],"_links":{"self":[{"href":"https:\/\/www.teleskopshop.ch\/fr\/wp-json\/wp\/v2\/product\/58479","targetHints":{"allow":["GET"]}}],"collection":[{"href":"https:\/\/www.teleskopshop.ch\/fr\/wp-json\/wp\/v2\/product"}],"about":[{"href":"https:\/\/www.teleskopshop.ch\/fr\/wp-json\/wp\/v2\/types\/product"}],"replies":[{"embeddable":true,"href":"https:\/\/www.teleskopshop.ch\/fr\/wp-json\/wp\/v2\/comments?post=58479"}],"wp:featuredmedia":[{"embeddable":true,"href":"https:\/\/www.teleskopshop.ch\/fr\/wp-json\/wp\/v2\/media\/9782"}],"wp:attachment":[{"href":"https:\/\/www.teleskopshop.ch\/fr\/wp-json\/wp\/v2\/media?parent=58479"}],"wp:term":[{"taxonomy":"product_brand","embeddable":true,"href":"https:\/\/www.teleskopshop.ch\/fr\/wp-json\/wp\/v2\/product_brand?post=58479"},{"taxonomy":"product_cat","embeddable":true,"href":"https:\/\/www.teleskopshop.ch\/fr\/wp-json\/wp\/v2\/product_cat?post=58479"},{"taxonomy":"product_tag","embeddable":true,"href":"https:\/\/www.teleskopshop.ch\/fr\/wp-json\/wp\/v2\/product_tag?post=58479"}],"curies":[{"name":"wp","href":"https:\/\/api.w.org\/{rel}","templated":true}]}}