{"id":58467,"date":"2023-12-18T00:00:00","date_gmt":"2023-12-17T23:00:00","guid":{"rendered":"https:\/\/2025.teleskopshop.ch\/shop\/non%20class\u00e9\/baader-adps-iv-t-2\/"},"modified":"2025-01-25T11:58:04","modified_gmt":"2025-01-25T10:58:04","slug":"baader-adps-iv-t-2","status":"publish","type":"product","link":"https:\/\/www.teleskopshop.ch\/fr\/shop\/astronomie-accessoires-fr\/adaptateurs\/adaptateur-de-filetage\/baader-adps-iv-t-2\/","title":{"rendered":"Baader ADPS IV &#8211; T-2"},"content":{"rendered":"<p>Syst\u00e8me de projection num\u00e9rique afocale ADPS IV &#8211; Version de base T-2<br \/>\nFiletage int\u00e9rieur&nbsp;;<br \/>\nADPS IV &#8211; C\u00f4t\u00e9 t\u00e9lescopique avec filetage femelle T-2 ;<br \/>\nLivr\u00e9 SANS oculaire de projection&nbsp;;<br \/>\nPour la photographie avec des appareils photo num\u00e9riques et\/ou num\u00e9riques<br \/>\ncam\u00e9scopes&nbsp;;<br \/>\nCompos\u00e9 des \u00e9l\u00e9ments suivants :<br \/>\n1x porte-oculaire T-2 pour la projection de l\u2019oculaire (composant T-2 #24)<br \/>\n(#2458010);<br \/>\n1x bague de verrouillage T-2, longueur optique de 2 mm, composant T-2 #35 (#2958120) pour<br \/>\nSerrage rotatif ;<br \/>\n1x tube d\u2019extension T-2 7,5 mm (composant T-2 #25C) (#1508155)&nbsp;;<br \/>\n2x tube d\u2019extension T-2 15mm (composant T-2 #25A) (#1508154<\/p>\n","protected":false},"excerpt":{"rendered":"<p>Syst\u00e8me de projection num\u00e9rique afocale ADPS IV &#8211; Version de base T-2 Filetage int\u00e9rieur&nbsp;; ADPS IV &#8211; C\u00f4t\u00e9 t\u00e9lescopique avec filetage femelle T-2 ; Livr\u00e9 SANS oculaire de projection&nbsp;; Pour la photographie avec des appareils photo num\u00e9riques et\/ou num\u00e9riques cam\u00e9scopes&nbsp;; Compos\u00e9 des \u00e9l\u00e9ments suivants : 1x porte-oculaire T-2 pour la projection de l\u2019oculaire (composant T-2 [&hellip;]<\/p>\n","protected":false},"featured_media":10530,"comment_status":"closed","ping_status":"open","template":"","meta":{"_acf_changed":false},"product_brand":[679],"product_cat":[1654,1672,1657],"product_tag":[],"class_list":{"0":"post-58467","1":"product","2":"type-product","3":"status-publish","4":"has-post-thumbnail","6":"product_brand-baader","7":"product_cat-astronomie-accessoires-fr","8":"product_cat-adaptateur-de-filetage","9":"product_cat-adaptateurs","11":"first","12":"instock","13":"taxable","14":"shipping-taxable","15":"purchasable","16":"product-type-simple"},"acf":[],"_links":{"self":[{"href":"https:\/\/www.teleskopshop.ch\/fr\/wp-json\/wp\/v2\/product\/58467","targetHints":{"allow":["GET"]}}],"collection":[{"href":"https:\/\/www.teleskopshop.ch\/fr\/wp-json\/wp\/v2\/product"}],"about":[{"href":"https:\/\/www.teleskopshop.ch\/fr\/wp-json\/wp\/v2\/types\/product"}],"replies":[{"embeddable":true,"href":"https:\/\/www.teleskopshop.ch\/fr\/wp-json\/wp\/v2\/comments?post=58467"}],"wp:featuredmedia":[{"embeddable":true,"href":"https:\/\/www.teleskopshop.ch\/fr\/wp-json\/wp\/v2\/media\/10530"}],"wp:attachment":[{"href":"https:\/\/www.teleskopshop.ch\/fr\/wp-json\/wp\/v2\/media?parent=58467"}],"wp:term":[{"taxonomy":"product_brand","embeddable":true,"href":"https:\/\/www.teleskopshop.ch\/fr\/wp-json\/wp\/v2\/product_brand?post=58467"},{"taxonomy":"product_cat","embeddable":true,"href":"https:\/\/www.teleskopshop.ch\/fr\/wp-json\/wp\/v2\/product_cat?post=58467"},{"taxonomy":"product_tag","embeddable":true,"href":"https:\/\/www.teleskopshop.ch\/fr\/wp-json\/wp\/v2\/product_tag?post=58467"}],"curies":[{"name":"wp","href":"https:\/\/api.w.org\/{rel}","templated":true}]}}