{"id":58449,"date":"2023-12-18T00:00:00","date_gmt":"2023-12-17T23:00:00","guid":{"rendered":"https:\/\/2025.teleskopshop.ch\/shop\/non%20class\u00e9\/baader-m55-m68-adap-f-2-zenitspiegel\/"},"modified":"2025-01-25T11:58:21","modified_gmt":"2025-01-25T10:58:21","slug":"baader-m55-m68-adap-f-2-zenitspiegel","status":"publish","type":"product","link":"https:\/\/www.teleskopshop.ch\/fr\/shop\/astronomie-accessoires-fr\/adaptateurs\/adaptateur-de-filetage\/baader-m55-m68-adap-f-2-zenitspiegel\/","title":{"rendered":"Baader M55\/M68 Adap.f.2&nbsp;\u00bb Diagonale Miroir"},"content":{"rendered":"<p>Adaptateur Baader M55a \/ M68a (Zeiss) pour tous les r\u00e9troviseurs Baader de 2&nbsp;\u00bb de diagonale et<br \/>\n-prismes, pour une connexion directe au filetage M68 Zeiss ;<br \/>\nAvec cet adaptateur, vous pouvez monter votre Baader 2&nbsp;\u00bb en diagonale des deux c\u00f4t\u00e9s.<br \/>\nConvertir le raccord filet\u00e9 M68. \u00c0 cet effet, la prise de 2&nbsp;\u00bb ou<br \/>\nClickLock\u00ae et l\u2019anneau M55\/2&Prime;\/S58 du bo\u00eetier du miroir diagonal<br \/>\net viss\u00e9 \u00e0 la place l\u2019adaptateur M55\/M68 ;<br \/>\nPour retirer la bague filet\u00e9e noire 2&Prime;SC \/ S58 du bo\u00eetier et<br \/>\nPour exposer le filetage M55, vous aurez besoin du<br \/>\nCl\u00e9 d\u2019extr\u00e9mit\u00e9 \u00f8 2mm (#2450062)<\/p>\n","protected":false},"excerpt":{"rendered":"<p>Adaptateur Baader M55a \/ M68a (Zeiss) pour tous les r\u00e9troviseurs Baader de 2&nbsp;\u00bb de diagonale et -prismes, pour une connexion directe au filetage M68 Zeiss ; Avec cet adaptateur, vous pouvez monter votre Baader 2&nbsp;\u00bb en diagonale des deux c\u00f4t\u00e9s. Convertir le raccord filet\u00e9 M68. \u00c0 cet effet, la prise de 2&nbsp;\u00bb ou ClickLock\u00ae et [&hellip;]<\/p>\n","protected":false},"featured_media":10330,"comment_status":"closed","ping_status":"open","template":"","meta":{"_acf_changed":false},"product_brand":[679],"product_cat":[1654,1672,1657],"product_tag":[],"class_list":{"0":"post-58449","1":"product","2":"type-product","3":"status-publish","4":"has-post-thumbnail","6":"product_brand-baader","7":"product_cat-astronomie-accessoires-fr","8":"product_cat-adaptateur-de-filetage","9":"product_cat-adaptateurs","11":"first","12":"instock","13":"taxable","14":"shipping-taxable","15":"purchasable","16":"product-type-simple"},"acf":[],"_links":{"self":[{"href":"https:\/\/www.teleskopshop.ch\/fr\/wp-json\/wp\/v2\/product\/58449","targetHints":{"allow":["GET"]}}],"collection":[{"href":"https:\/\/www.teleskopshop.ch\/fr\/wp-json\/wp\/v2\/product"}],"about":[{"href":"https:\/\/www.teleskopshop.ch\/fr\/wp-json\/wp\/v2\/types\/product"}],"replies":[{"embeddable":true,"href":"https:\/\/www.teleskopshop.ch\/fr\/wp-json\/wp\/v2\/comments?post=58449"}],"wp:featuredmedia":[{"embeddable":true,"href":"https:\/\/www.teleskopshop.ch\/fr\/wp-json\/wp\/v2\/media\/10330"}],"wp:attachment":[{"href":"https:\/\/www.teleskopshop.ch\/fr\/wp-json\/wp\/v2\/media?parent=58449"}],"wp:term":[{"taxonomy":"product_brand","embeddable":true,"href":"https:\/\/www.teleskopshop.ch\/fr\/wp-json\/wp\/v2\/product_brand?post=58449"},{"taxonomy":"product_cat","embeddable":true,"href":"https:\/\/www.teleskopshop.ch\/fr\/wp-json\/wp\/v2\/product_cat?post=58449"},{"taxonomy":"product_tag","embeddable":true,"href":"https:\/\/www.teleskopshop.ch\/fr\/wp-json\/wp\/v2\/product_tag?post=58449"}],"curies":[{"name":"wp","href":"https:\/\/api.w.org\/{rel}","templated":true}]}}