{"id":58431,"date":"2023-12-18T00:00:00","date_gmt":"2023-12-17T23:00:00","guid":{"rendered":"https:\/\/2025.teleskopshop.ch\/shop\/non%20class\u00e9\/baader-m54-fein-abstimmring-set\/"},"modified":"2025-01-25T11:58:59","modified_gmt":"2025-01-25T10:58:59","slug":"baader-m54-fein-abstimmring-set","status":"publish","type":"product","link":"https:\/\/www.teleskopshop.ch\/fr\/shop\/astronomie-accessoires-fr\/adaptateurs\/anneaux-de-reglage-fin\/baader-m54-fein-abstimmring-set\/","title":{"rendered":"Baader M54 jeu de bagues de r\u00e9glage fin"},"content":{"rendered":"<p>Anneaux interm\u00e9diaires du syst\u00e8me M54 (anneaux de r\u00e9glage), disponibles dans les points forts<br \/>\n0,3 mm (noir), 0,5 mm (rouge), 1 mm (or).<br \/>\nAnneaux d&rsquo;extension tr\u00e8s fins pour un r\u00e9glage fin dans le syst\u00e8me M54<br \/>\nBagues d&rsquo;insertion de diam\u00e8tre M54 sans filetage.<br \/>\nS&rsquo;adapte entre n&rsquo;importe quel raccord viss\u00e9 M54, correspond \u00e0 environ 2\/5<br \/>\n(0,3 mm), 2\/3 (0,5 mm) ou 1 1\/3 (1 mm) de tour de filetage. L&rsquo;information<br \/>\nla rotation du fil peut varier l\u00e9g\u00e8rement.<br \/>\nEmp\u00eache un serre-joint M54 de se coincer<\/p>\n","protected":false},"excerpt":{"rendered":"<p>Anneaux interm\u00e9diaires du syst\u00e8me M54 (anneaux de r\u00e9glage), disponibles dans les points forts 0,3 mm (noir), 0,5 mm (rouge), 1 mm (or). Anneaux d&rsquo;extension tr\u00e8s fins pour un r\u00e9glage fin dans le syst\u00e8me M54 Bagues d&rsquo;insertion de diam\u00e8tre M54 sans filetage. S&rsquo;adapte entre n&rsquo;importe quel raccord viss\u00e9 M54, correspond \u00e0 environ 2\/5 (0,3 mm), 2\/3 [&hellip;]<\/p>\n","protected":false},"featured_media":9946,"comment_status":"closed","ping_status":"open","template":"","meta":{"_acf_changed":false},"product_brand":[679],"product_cat":[1654,1657,1666],"product_tag":[],"class_list":{"0":"post-58431","1":"product","2":"type-product","3":"status-publish","4":"has-post-thumbnail","6":"product_brand-baader","7":"product_cat-astronomie-accessoires-fr","8":"product_cat-adaptateurs","9":"product_cat-anneaux-de-reglage-fin","11":"first","12":"instock","13":"taxable","14":"shipping-taxable","15":"purchasable","16":"product-type-simple"},"acf":[],"_links":{"self":[{"href":"https:\/\/www.teleskopshop.ch\/fr\/wp-json\/wp\/v2\/product\/58431","targetHints":{"allow":["GET"]}}],"collection":[{"href":"https:\/\/www.teleskopshop.ch\/fr\/wp-json\/wp\/v2\/product"}],"about":[{"href":"https:\/\/www.teleskopshop.ch\/fr\/wp-json\/wp\/v2\/types\/product"}],"replies":[{"embeddable":true,"href":"https:\/\/www.teleskopshop.ch\/fr\/wp-json\/wp\/v2\/comments?post=58431"}],"wp:featuredmedia":[{"embeddable":true,"href":"https:\/\/www.teleskopshop.ch\/fr\/wp-json\/wp\/v2\/media\/9946"}],"wp:attachment":[{"href":"https:\/\/www.teleskopshop.ch\/fr\/wp-json\/wp\/v2\/media?parent=58431"}],"wp:term":[{"taxonomy":"product_brand","embeddable":true,"href":"https:\/\/www.teleskopshop.ch\/fr\/wp-json\/wp\/v2\/product_brand?post=58431"},{"taxonomy":"product_cat","embeddable":true,"href":"https:\/\/www.teleskopshop.ch\/fr\/wp-json\/wp\/v2\/product_cat?post=58431"},{"taxonomy":"product_tag","embeddable":true,"href":"https:\/\/www.teleskopshop.ch\/fr\/wp-json\/wp\/v2\/product_tag?post=58431"}],"curies":[{"name":"wp","href":"https:\/\/api.w.org\/{rel}","templated":true}]}}