{"id":58425,"date":"2023-12-18T00:00:00","date_gmt":"2023-12-17T23:00:00","guid":{"rendered":"https:\/\/2025.teleskopshop.ch\/shop\/non%20class\u00e9\/baader-t2-1-%c2%bc-click-lock-8\/"},"modified":"2025-01-25T11:58:14","modified_gmt":"2025-01-25T10:58:14","slug":"baader-t2-1-%c2%bc-click-lock-8","status":"publish","type":"product","link":"https:\/\/www.teleskopshop.ch\/fr\/shop\/astronomie-accessoires-fr\/adaptateurs\/systemes-click-lock\/baader-t2-1-%c2%bc-click-lock-8\/","title":{"rendered":"Baader T2\/ 1 \u00bc\u00a0\u00bb click lock #8"},"content":{"rendered":"<p>Pince oculaire Baader 1,25 pouce ClickLock &#8211; T2 \u00e0 1,25 pouce. Verrouillage des clics<br \/>\nPince oculaire 1\u00bc\u00a0\u00bb (avec r\u00e9glage fin dioptrique int\u00e9gr\u00e9).<br \/>\nLe Baader 1.25&Prime; ClickLock est un ajustement sur mesure, tr\u00e8s solide<br \/>\npince oculaire. Les oculaires\/cam\u00e9ras CCD ins\u00e9r\u00e9s, etc. sont en place<br \/>\n\u00e0 l&rsquo;\u00e9preuve de la torsion et ne sont toujours pas ray\u00e9s.<br \/>\nAvec une petite torsion, chaque oculaire est serr\u00e9 fermement<br \/>\nL&rsquo;adaptateur s&rsquo;adapte \u00e0 n&rsquo;importe quel filetage externe T2 et est particuli\u00e8rement facile<br \/>\n\u00e0 monter. Desserrez l\u00e9g\u00e8rement la pince et tournez-la<br \/>\nbague avant, faites ainsi glisser l&rsquo;oculaire ou l&rsquo;adaptateur<br \/>\nminimum vers l&rsquo;avant ou vers l&rsquo;arri\u00e8re. Le r\u00e9glage est ultra-pr\u00e9cis &#8211; seulement 0,9<br \/>\nmm par rotation de 360\u00b0. Avec cela, vous obtenez un parfait<br \/>\nMise au point m\u00eame avec des syst\u00e8mes extr\u00eames. Le r\u00e9glage est trop<br \/>\npossible avec des gants.<br \/>\nC\u00f4t\u00e9 t\u00e9lescope : filetage T2 (M42x0,75)<br \/>\nC\u00f4t\u00e9 oculaire : connecteur 1,25&Prime;<\/p>\n","protected":false},"excerpt":{"rendered":"<p>Pince oculaire Baader 1,25 pouce ClickLock &#8211; T2 \u00e0 1,25 pouce. Verrouillage des clics Pince oculaire 1\u00bc\u00a0\u00bb (avec r\u00e9glage fin dioptrique int\u00e9gr\u00e9). Le Baader 1.25&Prime; ClickLock est un ajustement sur mesure, tr\u00e8s solide pince oculaire. Les oculaires\/cam\u00e9ras CCD ins\u00e9r\u00e9s, etc. sont en place \u00e0 l&rsquo;\u00e9preuve de la torsion et ne sont toujours pas ray\u00e9s. Avec [&hellip;]<\/p>\n","protected":false},"featured_media":10458,"comment_status":"closed","ping_status":"open","template":"","meta":{"_acf_changed":false},"product_brand":[679],"product_cat":[1654,1657,1660],"product_tag":[],"class_list":{"0":"post-58425","1":"product","2":"type-product","3":"status-publish","4":"has-post-thumbnail","6":"product_brand-baader","7":"product_cat-astronomie-accessoires-fr","8":"product_cat-adaptateurs","9":"product_cat-systemes-click-lock","11":"first","12":"instock","13":"taxable","14":"shipping-taxable","15":"purchasable","16":"product-type-simple"},"acf":[],"_links":{"self":[{"href":"https:\/\/www.teleskopshop.ch\/fr\/wp-json\/wp\/v2\/product\/58425","targetHints":{"allow":["GET"]}}],"collection":[{"href":"https:\/\/www.teleskopshop.ch\/fr\/wp-json\/wp\/v2\/product"}],"about":[{"href":"https:\/\/www.teleskopshop.ch\/fr\/wp-json\/wp\/v2\/types\/product"}],"replies":[{"embeddable":true,"href":"https:\/\/www.teleskopshop.ch\/fr\/wp-json\/wp\/v2\/comments?post=58425"}],"wp:featuredmedia":[{"embeddable":true,"href":"https:\/\/www.teleskopshop.ch\/fr\/wp-json\/wp\/v2\/media\/10458"}],"wp:attachment":[{"href":"https:\/\/www.teleskopshop.ch\/fr\/wp-json\/wp\/v2\/media?parent=58425"}],"wp:term":[{"taxonomy":"product_brand","embeddable":true,"href":"https:\/\/www.teleskopshop.ch\/fr\/wp-json\/wp\/v2\/product_brand?post=58425"},{"taxonomy":"product_cat","embeddable":true,"href":"https:\/\/www.teleskopshop.ch\/fr\/wp-json\/wp\/v2\/product_cat?post=58425"},{"taxonomy":"product_tag","embeddable":true,"href":"https:\/\/www.teleskopshop.ch\/fr\/wp-json\/wp\/v2\/product_tag?post=58425"}],"curies":[{"name":"wp","href":"https:\/\/api.w.org\/{rel}","templated":true}]}}