{"id":58422,"date":"2023-12-18T00:00:00","date_gmt":"2023-12-17T23:00:00","guid":{"rendered":"https:\/\/2025.teleskopshop.ch\/shop\/non%20class\u00e9\/baader-m75a-x-1-click-lock-klemme\/"},"modified":"2025-01-25T11:58:25","modified_gmt":"2025-01-25T10:58:25","slug":"baader-m75a-x-1-click-lock-klemme","status":"publish","type":"product","link":"https:\/\/www.teleskopshop.ch\/fr\/shop\/astronomie-accessoires-fr\/adaptateurs\/systemes-click-lock\/baader-m75a-x-1-click-lock-klemme\/","title":{"rendered":"Baader M75a x 1 Pince Click-Lock"},"content":{"rendered":"<p>Pince Baader 2&nbsp;\u00bb ClickLock M75a x 1 (pour Feathertouch 3.0&nbsp;\u00bb)&nbsp;;<br \/>\nBaader 2&nbsp;\u00bb ClickLock M75a x 1 Pince &#8211; convient pour Starlight<br \/>\nInstruments Porte-oculaires Feathertouch 3.0&nbsp;\u00bb avec filetage femelle M75 x 1<br \/>\nCompos\u00e9 d\u2019une pince ClickLock M68a x 1 (#2956268) et d\u2019une pince M68i x 1 sur<br \/>\nM75a x 1 bague d\u2019inversion (#2458238)&nbsp;;<br \/>\nUne rotation de 20\u00b0 en appuyant sur le levier rotatif suffit pour tout faire 2&nbsp;\u00bb<br \/>\nLes accessoires peuvent \u00eatre fix\u00e9s en toute s\u00e9curit\u00e9 et fermement. Hauteur&nbsp;: 39,5 mm,<br \/>\nPoids&nbsp;: 180g&nbsp;;<br \/>\nFonction cliquet &#8211; indique acoustiquement et haptiquement la position du<br \/>\nserrer. Ainsi, vous pouvez voir m\u00eame dans l\u2019obscurit\u00e9 et sans regarder si le<br \/>\nla pince est ouverte ou ferm\u00e9e ;<br \/>\nAnneau de tension de compression en bronze dur \u00e0 paroi \u00e9paisse, reste en place m\u00eame apr\u00e8s<br \/>\navec de nombreuses ann\u00e9es d\u2019utilisation et d\u00e9tient les accessoires les plus chers absolument<br \/>\nS\u00fbr sans provoquer de rayures et de points de pression<\/p>\n","protected":false},"excerpt":{"rendered":"<p>Pince Baader 2&nbsp;\u00bb ClickLock M75a x 1 (pour Feathertouch 3.0&nbsp;\u00bb)&nbsp;; Baader 2&nbsp;\u00bb ClickLock M75a x 1 Pince &#8211; convient pour Starlight Instruments Porte-oculaires Feathertouch 3.0&nbsp;\u00bb avec filetage femelle M75 x 1 Compos\u00e9 d\u2019une pince ClickLock M68a x 1 (#2956268) et d\u2019une pince M68i x 1 sur M75a x 1 bague d\u2019inversion (#2458238)&nbsp;; Une rotation de [&hellip;]<\/p>\n","protected":false},"featured_media":10350,"comment_status":"closed","ping_status":"open","template":"","meta":{"_acf_changed":false},"product_brand":[679],"product_cat":[1654,1657,1660],"product_tag":[],"class_list":{"0":"post-58422","1":"product","2":"type-product","3":"status-publish","4":"has-post-thumbnail","6":"product_brand-baader","7":"product_cat-astronomie-accessoires-fr","8":"product_cat-adaptateurs","9":"product_cat-systemes-click-lock","11":"first","12":"instock","13":"taxable","14":"shipping-taxable","15":"purchasable","16":"product-type-simple"},"acf":[],"_links":{"self":[{"href":"https:\/\/www.teleskopshop.ch\/fr\/wp-json\/wp\/v2\/product\/58422","targetHints":{"allow":["GET"]}}],"collection":[{"href":"https:\/\/www.teleskopshop.ch\/fr\/wp-json\/wp\/v2\/product"}],"about":[{"href":"https:\/\/www.teleskopshop.ch\/fr\/wp-json\/wp\/v2\/types\/product"}],"replies":[{"embeddable":true,"href":"https:\/\/www.teleskopshop.ch\/fr\/wp-json\/wp\/v2\/comments?post=58422"}],"wp:featuredmedia":[{"embeddable":true,"href":"https:\/\/www.teleskopshop.ch\/fr\/wp-json\/wp\/v2\/media\/10350"}],"wp:attachment":[{"href":"https:\/\/www.teleskopshop.ch\/fr\/wp-json\/wp\/v2\/media?parent=58422"}],"wp:term":[{"taxonomy":"product_brand","embeddable":true,"href":"https:\/\/www.teleskopshop.ch\/fr\/wp-json\/wp\/v2\/product_brand?post=58422"},{"taxonomy":"product_cat","embeddable":true,"href":"https:\/\/www.teleskopshop.ch\/fr\/wp-json\/wp\/v2\/product_cat?post=58422"},{"taxonomy":"product_tag","embeddable":true,"href":"https:\/\/www.teleskopshop.ch\/fr\/wp-json\/wp\/v2\/product_tag?post=58422"}],"curies":[{"name":"wp","href":"https:\/\/api.w.org\/{rel}","templated":true}]}}