{"id":58359,"date":"2023-12-18T00:00:00","date_gmt":"2023-12-17T23:00:00","guid":{"rendered":"https:\/\/2025.teleskopshop.ch\/shop\/non%20class\u00e9\/celestron-advanced-vx-9-25-edge-hd\/"},"modified":"2025-03-03T10:51:29","modified_gmt":"2025-03-03T09:51:29","slug":"celestron-advanced-vx-9-25-edge-hd","status":"publish","type":"product","link":"https:\/\/www.teleskopshop.ch\/fr\/shop\/optique\/telescopes-fr\/celestron-sets-fr\/celestron-advanced-vx-9-25-edge-hd\/","title":{"rendered":"Celestron Advanced VX 9.25&Prime; Edge HD"},"content":{"rendered":"<p>Die Advanced VX ist als ideale Plattform f\u00fcr die Astrofotographie mit<br \/>\nkleineren Teleskopen ausgelegt.<br \/>\nF\u00fcr Teleskope bis ca. 13,5 kg. Dank PEC (Periodic Error Correction)<br \/>\nkann der periodische Schneckenfehler, der bei allen Montierungen mit<br \/>\nklassischem Schneckengetriebe auftritt, ausgeglichen werden, sodass<br \/>\nauch langbelichtete Aufnahmen m\u00f6glich sind. Dar\u00fcber hinaus k\u00f6nnen Sie<br \/>\nObjekte weit \u00fcber den Meridian hinaus verfolgen, ohne sofort<br \/>\numschwenken zu m\u00fcssen.<br \/>\n&#8211; All-Star Polar Alignment<br \/>\n&#8211; Computergesteuerte parallaktische Montierung<br \/>\n&#8211; Datenbank mit 40 000 Objekten und updatebarem NexStar+<br \/>\n  Handcontroller<br \/>\n&#8211; Erm\u00f6glicht Beobachtung und Fotografie \u00fcber den Meridian hinaus,<br \/>\n  ohne dass das Motorgeh\u00e4use blockiert.<br \/>\n&#8211; Stahlstativ mit Zubeh\u00f6rablage<br \/>\n&#8211; Geliefert mit 2&quot; Winkelspiegel und 2&quot; Okular Luminos 23mm<br \/>\n&#8211; Verbindung auf den PC mit Kabel USB A-Mini-B<\/p>\n","protected":false},"excerpt":{"rendered":"<p>Vielen Dank f\u00fcr Ihren Besuch bei Teleskopshop.ch. <\/p>\n<p>Es freut uns, Ihnen das Produkt <b>Celestron Advanced VX 9.25&Prime; Edge HD<\/b> zu den nachfolgenden Konditionen anbieten zu d\u00fcrfen.<\/p>\n","protected":false},"featured_media":8526,"comment_status":"closed","ping_status":"closed","template":"","meta":{"_acf_changed":false},"product_brand":[674],"product_cat":[1570,1339,1567],"product_tag":[],"class_list":{"0":"post-58359","1":"product","2":"type-product","3":"status-publish","4":"has-post-thumbnail","6":"product_brand-celestron","7":"product_cat-celestron-sets-fr","8":"product_cat-optique","9":"product_cat-telescopes-fr","11":"first","12":"instock","13":"sale","14":"taxable","15":"shipping-taxable","16":"purchasable","17":"product-type-simple"},"acf":[],"_links":{"self":[{"href":"https:\/\/www.teleskopshop.ch\/fr\/wp-json\/wp\/v2\/product\/58359","targetHints":{"allow":["GET"]}}],"collection":[{"href":"https:\/\/www.teleskopshop.ch\/fr\/wp-json\/wp\/v2\/product"}],"about":[{"href":"https:\/\/www.teleskopshop.ch\/fr\/wp-json\/wp\/v2\/types\/product"}],"replies":[{"embeddable":true,"href":"https:\/\/www.teleskopshop.ch\/fr\/wp-json\/wp\/v2\/comments?post=58359"}],"wp:featuredmedia":[{"embeddable":true,"href":"https:\/\/www.teleskopshop.ch\/fr\/wp-json\/wp\/v2\/media\/8526"}],"wp:attachment":[{"href":"https:\/\/www.teleskopshop.ch\/fr\/wp-json\/wp\/v2\/media?parent=58359"}],"wp:term":[{"taxonomy":"product_brand","embeddable":true,"href":"https:\/\/www.teleskopshop.ch\/fr\/wp-json\/wp\/v2\/product_brand?post=58359"},{"taxonomy":"product_cat","embeddable":true,"href":"https:\/\/www.teleskopshop.ch\/fr\/wp-json\/wp\/v2\/product_cat?post=58359"},{"taxonomy":"product_tag","embeddable":true,"href":"https:\/\/www.teleskopshop.ch\/fr\/wp-json\/wp\/v2\/product_tag?post=58359"}],"curies":[{"name":"wp","href":"https:\/\/api.w.org\/{rel}","templated":true}]}}