{"id":58335,"date":"2023-12-18T00:00:00","date_gmt":"2023-12-17T23:00:00","guid":{"rendered":"https:\/\/2025.teleskopshop.ch\/shop\/non%20class\u00e9\/nikon-dsb-n1-adapter-fuer-fernrohr\/"},"modified":"2025-01-25T11:53:00","modified_gmt":"2025-01-25T10:53:00","slug":"nikon-dsb-n1-adapter-fuer-fernrohr","status":"publish","type":"product","link":"https:\/\/www.teleskopshop.ch\/fr\/shop\/optique\/jumelles-et-lunettes-dopera\/jumelles\/accessories-fr\/nikon-dsb-n1-adapter-fuer-fernrohr\/","title":{"rendered":"Adaptateur Nikon DSB-N1 pour t\u00e9lescope"},"content":{"rendered":"<p>L\u2019adaptateur DGISOSCOPE avec c\u00e2ble DSB-N1 est une solution id\u00e9ale<br \/>\npour les photos de super-t\u00e9l\u00e9objectif. La grande facilit\u00e9 d\u2019utilisation est l\u2019un de ses<br \/>\nFortifier.<br \/>\nIl est con\u00e7u pour connecter l\u2019appareil photo Nikon 1 avec l\u2019objectif NIKKOR avec<br \/>\nconnecter un t\u00e9lescope d\u2019observation \u00e0 un oculaire &#8211; une combinaison,<br \/>\nce qui promet d\u2019excellents enregistrements.<br \/>\nLa connexion du c\u00e2ble de d\u00e9verrouillage \u00e0 l\u2019adaptateur DSB-N1 se trouve dans le cadre<br \/>\nint\u00e9gr\u00e9; Le c\u00e2ble de lib\u00e9ration du c\u00e2ble mesure environ 50 cm de long. Avec le<br \/>\nLe d\u00e9verrouillage du c\u00e2ble peut \u00eatre utilis\u00e9 pour emp\u00eacher le tremblement de l\u2019appareil photo lors de la prise de photos<br \/>\nemp\u00eacher. La protection contre l\u2019\u00e9blouissement en caoutchouc emp\u00eache la p\u00e9n\u00e9tration de<br \/>\nAmbiant.<\/p>\n","protected":false},"excerpt":{"rendered":"<p>L\u2019adaptateur DGISOSCOPE avec c\u00e2ble DSB-N1 est une solution id\u00e9ale pour les photos de super-t\u00e9l\u00e9objectif. La grande facilit\u00e9 d\u2019utilisation est l\u2019un de ses Fortifier. Il est con\u00e7u pour connecter l\u2019appareil photo Nikon 1 avec l\u2019objectif NIKKOR avec connecter un t\u00e9lescope d\u2019observation \u00e0 un oculaire &#8211; une combinaison, ce qui promet d\u2019excellents enregistrements. La connexion du c\u00e2ble [&hellip;]<\/p>\n","protected":false},"featured_media":7950,"comment_status":"closed","ping_status":"open","template":"","meta":{"_acf_changed":false},"product_brand":[686],"product_cat":[1372,1345,1342,1339],"product_tag":[],"class_list":{"0":"post-58335","1":"product","2":"type-product","3":"status-publish","4":"has-post-thumbnail","6":"product_brand-nikon","7":"product_cat-accessories-fr","8":"product_cat-jumelles","9":"product_cat-jumelles-et-lunettes-dopera","10":"product_cat-optique","12":"first","13":"instock","14":"taxable","15":"shipping-taxable","16":"purchasable","17":"product-type-simple"},"acf":[],"_links":{"self":[{"href":"https:\/\/www.teleskopshop.ch\/fr\/wp-json\/wp\/v2\/product\/58335","targetHints":{"allow":["GET"]}}],"collection":[{"href":"https:\/\/www.teleskopshop.ch\/fr\/wp-json\/wp\/v2\/product"}],"about":[{"href":"https:\/\/www.teleskopshop.ch\/fr\/wp-json\/wp\/v2\/types\/product"}],"replies":[{"embeddable":true,"href":"https:\/\/www.teleskopshop.ch\/fr\/wp-json\/wp\/v2\/comments?post=58335"}],"wp:featuredmedia":[{"embeddable":true,"href":"https:\/\/www.teleskopshop.ch\/fr\/wp-json\/wp\/v2\/media\/7950"}],"wp:attachment":[{"href":"https:\/\/www.teleskopshop.ch\/fr\/wp-json\/wp\/v2\/media?parent=58335"}],"wp:term":[{"taxonomy":"product_brand","embeddable":true,"href":"https:\/\/www.teleskopshop.ch\/fr\/wp-json\/wp\/v2\/product_brand?post=58335"},{"taxonomy":"product_cat","embeddable":true,"href":"https:\/\/www.teleskopshop.ch\/fr\/wp-json\/wp\/v2\/product_cat?post=58335"},{"taxonomy":"product_tag","embeddable":true,"href":"https:\/\/www.teleskopshop.ch\/fr\/wp-json\/wp\/v2\/product_tag?post=58335"}],"curies":[{"name":"wp","href":"https:\/\/api.w.org\/{rel}","templated":true}]}}