{"id":58326,"date":"2023-12-18T00:00:00","date_gmt":"2023-12-17T23:00:00","guid":{"rendered":"https:\/\/2025.teleskopshop.ch\/shop\/non%20class\u00e9\/baader-bino-stativadapter-stronghold\/"},"modified":"2025-01-25T11:59:00","modified_gmt":"2025-01-25T10:59:00","slug":"baader-bino-stativadapter-stronghold","status":"publish","type":"product","link":"https:\/\/www.teleskopshop.ch\/fr\/shop\/optique\/jumelles-et-lunettes-dopera\/jumelles\/accessories-fr\/baader-bino-stativadapter-stronghold\/","title":{"rendered":"Adaptateur pour tr\u00e9pied Baader Bino Stronghold"},"content":{"rendered":"<p>Support binoculaire robuste et r\u00e9sistant \u00e0 la torsion (adaptateur pour tr\u00e9pied).<br \/>\nAcier de 4 mm d&rsquo;\u00e9paisseur (pas de plastique, pas d&rsquo;aluminium).<br \/>\nPermet moins solide que de nombreux supports en L<br \/>\nMat\u00e9riaux le montage sans oscillation des jumelles (avec filetage \u00bc\u00a0\u00bb<br \/>\ndans le pont binoculaire) \u00e0 n&rsquo;importe quel tr\u00e9pied avec un filetage photo \u00bc\u00a0\u00bb.<br \/>\nLa conception en acier \u00e0 haute r\u00e9sistance permet un design particuli\u00e8rement mince<br \/>\nConception o\u00f9 il est n\u00e9cessaire de garder de petits reliefs oculaires \u00e0 chaque<br \/>\nr\u00e9gler les jumelles. Le \u00ab\u00a0L-<br \/>\nDes supports\u00a0\u00bb en aluminium sont disponibles pour de nombreuses jumelles dans le domaine de<br \/>\nlogement trop large.<br \/>\nExcellent en combinaison avec le SkySurfer III<br \/>\nChercheur de points rouges, ainsi que par exemple les jumelles Celestron SkyMaster 15&#215;70<\/p>\n","protected":false},"excerpt":{"rendered":"<p>Support binoculaire robuste et r\u00e9sistant \u00e0 la torsion (adaptateur pour tr\u00e9pied). Acier de 4 mm d&rsquo;\u00e9paisseur (pas de plastique, pas d&rsquo;aluminium). Permet moins solide que de nombreux supports en L Mat\u00e9riaux le montage sans oscillation des jumelles (avec filetage \u00bc\u00a0\u00bb dans le pont binoculaire) \u00e0 n&rsquo;importe quel tr\u00e9pied avec un filetage photo \u00bc\u00a0\u00bb. La conception [&hellip;]<\/p>\n","protected":false},"featured_media":9966,"comment_status":"closed","ping_status":"open","template":"","meta":{"_acf_changed":false},"product_brand":[679],"product_cat":[1372,1345,1342,1339],"product_tag":[],"class_list":{"0":"post-58326","1":"product","2":"type-product","3":"status-publish","4":"has-post-thumbnail","6":"product_brand-baader","7":"product_cat-accessories-fr","8":"product_cat-jumelles","9":"product_cat-jumelles-et-lunettes-dopera","10":"product_cat-optique","12":"first","13":"instock","14":"taxable","15":"shipping-taxable","16":"purchasable","17":"product-type-simple"},"acf":[],"_links":{"self":[{"href":"https:\/\/www.teleskopshop.ch\/fr\/wp-json\/wp\/v2\/product\/58326","targetHints":{"allow":["GET"]}}],"collection":[{"href":"https:\/\/www.teleskopshop.ch\/fr\/wp-json\/wp\/v2\/product"}],"about":[{"href":"https:\/\/www.teleskopshop.ch\/fr\/wp-json\/wp\/v2\/types\/product"}],"replies":[{"embeddable":true,"href":"https:\/\/www.teleskopshop.ch\/fr\/wp-json\/wp\/v2\/comments?post=58326"}],"wp:featuredmedia":[{"embeddable":true,"href":"https:\/\/www.teleskopshop.ch\/fr\/wp-json\/wp\/v2\/media\/9966"}],"wp:attachment":[{"href":"https:\/\/www.teleskopshop.ch\/fr\/wp-json\/wp\/v2\/media?parent=58326"}],"wp:term":[{"taxonomy":"product_brand","embeddable":true,"href":"https:\/\/www.teleskopshop.ch\/fr\/wp-json\/wp\/v2\/product_brand?post=58326"},{"taxonomy":"product_cat","embeddable":true,"href":"https:\/\/www.teleskopshop.ch\/fr\/wp-json\/wp\/v2\/product_cat?post=58326"},{"taxonomy":"product_tag","embeddable":true,"href":"https:\/\/www.teleskopshop.ch\/fr\/wp-json\/wp\/v2\/product_tag?post=58326"}],"curies":[{"name":"wp","href":"https:\/\/api.w.org\/{rel}","templated":true}]}}