{"id":58323,"date":"2023-12-18T00:00:00","date_gmt":"2023-12-17T23:00:00","guid":{"rendered":"https:\/\/2025.teleskopshop.ch\/shop\/non%20class\u00e9\/pentax-fernglas-ucf-r-8x21-tasche\/"},"modified":"2025-01-25T11:53:02","modified_gmt":"2025-01-25T10:53:02","slug":"pentax-fernglas-ucf-r-8x21-tasche","status":"publish","type":"product","link":"https:\/\/www.teleskopshop.ch\/fr\/shop\/optique\/jumelles-et-lunettes-dopera\/jumelles\/jumelles-pentax\/pentax-fernglas-ucf-r-8x21-tasche\/","title":{"rendered":"Pentax jumelles UCF R 8&#215;21 + sac"},"content":{"rendered":"<p>Le talent universel qui fait partout bonne figure. Les verres de<br \/>\nLa s\u00e9rie UCF-R perp\u00e9tue la longue tradition de la populaire s\u00e9rie UCF-R<br \/>\nune fa\u00e7on. Les petits mod\u00e8les de prismes de Porro sont l\u00e9gers et compacts et<br \/>\nconviennent \u00e0 une grande vari\u00e9t\u00e9 d&rsquo;applications, d&rsquo;aller au th\u00e9\u00e2tre<br \/>\nde l&rsquo;observation sportive \u00e0 de nombreuses activit\u00e9s de plein air. Inclus<br \/>\nPoche!<\/p>\n","protected":false},"excerpt":{"rendered":"<p>Le talent universel qui fait partout bonne figure. Les verres de La s\u00e9rie UCF-R perp\u00e9tue la longue tradition de la populaire s\u00e9rie UCF-R une fa\u00e7on. Les petits mod\u00e8les de prismes de Porro sont l\u00e9gers et compacts et conviennent \u00e0 une grande vari\u00e9t\u00e9 d&rsquo;applications, d&rsquo;aller au th\u00e9\u00e2tre de l&rsquo;observation sportive \u00e0 de nombreuses activit\u00e9s de plein [&hellip;]<\/p>\n","protected":false},"featured_media":7926,"comment_status":"closed","ping_status":"open","template":"","meta":{"_acf_changed":false},"product_brand":[688],"product_cat":[1345,1342,1369,1339],"product_tag":[],"class_list":{"0":"post-58323","1":"product","2":"type-product","3":"status-publish","4":"has-post-thumbnail","6":"product_brand-pentax","7":"product_cat-jumelles","8":"product_cat-jumelles-et-lunettes-dopera","9":"product_cat-jumelles-pentax","10":"product_cat-optique","12":"first","13":"instock","14":"taxable","15":"shipping-taxable","16":"purchasable","17":"product-type-simple"},"acf":[],"_links":{"self":[{"href":"https:\/\/www.teleskopshop.ch\/fr\/wp-json\/wp\/v2\/product\/58323","targetHints":{"allow":["GET"]}}],"collection":[{"href":"https:\/\/www.teleskopshop.ch\/fr\/wp-json\/wp\/v2\/product"}],"about":[{"href":"https:\/\/www.teleskopshop.ch\/fr\/wp-json\/wp\/v2\/types\/product"}],"replies":[{"embeddable":true,"href":"https:\/\/www.teleskopshop.ch\/fr\/wp-json\/wp\/v2\/comments?post=58323"}],"wp:featuredmedia":[{"embeddable":true,"href":"https:\/\/www.teleskopshop.ch\/fr\/wp-json\/wp\/v2\/media\/7926"}],"wp:attachment":[{"href":"https:\/\/www.teleskopshop.ch\/fr\/wp-json\/wp\/v2\/media?parent=58323"}],"wp:term":[{"taxonomy":"product_brand","embeddable":true,"href":"https:\/\/www.teleskopshop.ch\/fr\/wp-json\/wp\/v2\/product_brand?post=58323"},{"taxonomy":"product_cat","embeddable":true,"href":"https:\/\/www.teleskopshop.ch\/fr\/wp-json\/wp\/v2\/product_cat?post=58323"},{"taxonomy":"product_tag","embeddable":true,"href":"https:\/\/www.teleskopshop.ch\/fr\/wp-json\/wp\/v2\/product_tag?post=58323"}],"curies":[{"name":"wp","href":"https:\/\/api.w.org\/{rel}","templated":true}]}}