{"id":58293,"date":"2023-12-18T00:00:00","date_gmt":"2023-12-17T23:00:00","guid":{"rendered":"https:\/\/2025.teleskopshop.ch\/shop\/non%20class\u00e9\/baader-fett-4-ultra-range\/"},"modified":"2025-01-25T11:58:32","modified_gmt":"2025-01-25T10:58:32","slug":"baader-fett-4-ultra-range","status":"publish","type":"product","link":"https:\/\/www.teleskopshop.ch\/fr\/shop\/montures\/accessoires\/baader-fett-4-ultra-range\/","title":{"rendered":"Gamme Baader Fett #4 Ultra"},"content":{"rendered":"<p>Peut \u00eatre utilis\u00e9 de -50\u00b0C \u00e0 +60\u00b0C<br \/>\nGraisse synth\u00e9tique extr\u00eamement r\u00e9sistante avec une viscosit\u00e9 constante<br \/>\nsur une plage de temp\u00e9rature extr\u00eamement large.<br \/>\nParticuli\u00e8rement adapt\u00e9 \u00e0 une utilisation dans les doublures de guides de miroir<br \/>\n(par exemple Celestron), parce que la graisse ne d\u00e9gaze pas, ne durcit pas et ne produit pas<br \/>\nLib\u00e8re du liquide<\/p>\n","protected":false},"excerpt":{"rendered":"<p>Peut \u00eatre utilis\u00e9 de -50\u00b0C \u00e0 +60\u00b0C Graisse synth\u00e9tique extr\u00eamement r\u00e9sistante avec une viscosit\u00e9 constante sur une plage de temp\u00e9rature extr\u00eamement large. Particuli\u00e8rement adapt\u00e9 \u00e0 une utilisation dans les doublures de guides de miroir (par exemple Celestron), parce que la graisse ne d\u00e9gaze pas, ne durcit pas et ne produit pas Lib\u00e8re du liquide<\/p>\n","protected":false},"featured_media":10266,"comment_status":"closed","ping_status":"open","template":"","meta":{"_acf_changed":false},"product_brand":[679],"product_cat":[1315,1279],"product_tag":[],"class_list":{"0":"post-58293","1":"product","2":"type-product","3":"status-publish","4":"has-post-thumbnail","6":"product_brand-baader","7":"product_cat-accessoires","8":"product_cat-montures","10":"first","11":"instock","12":"taxable","13":"shipping-taxable","14":"purchasable","15":"product-type-simple"},"acf":[],"_links":{"self":[{"href":"https:\/\/www.teleskopshop.ch\/fr\/wp-json\/wp\/v2\/product\/58293","targetHints":{"allow":["GET"]}}],"collection":[{"href":"https:\/\/www.teleskopshop.ch\/fr\/wp-json\/wp\/v2\/product"}],"about":[{"href":"https:\/\/www.teleskopshop.ch\/fr\/wp-json\/wp\/v2\/types\/product"}],"replies":[{"embeddable":true,"href":"https:\/\/www.teleskopshop.ch\/fr\/wp-json\/wp\/v2\/comments?post=58293"}],"wp:featuredmedia":[{"embeddable":true,"href":"https:\/\/www.teleskopshop.ch\/fr\/wp-json\/wp\/v2\/media\/10266"}],"wp:attachment":[{"href":"https:\/\/www.teleskopshop.ch\/fr\/wp-json\/wp\/v2\/media?parent=58293"}],"wp:term":[{"taxonomy":"product_brand","embeddable":true,"href":"https:\/\/www.teleskopshop.ch\/fr\/wp-json\/wp\/v2\/product_brand?post=58293"},{"taxonomy":"product_cat","embeddable":true,"href":"https:\/\/www.teleskopshop.ch\/fr\/wp-json\/wp\/v2\/product_cat?post=58293"},{"taxonomy":"product_tag","embeddable":true,"href":"https:\/\/www.teleskopshop.ch\/fr\/wp-json\/wp\/v2\/product_tag?post=58293"}],"curies":[{"name":"wp","href":"https:\/\/api.w.org\/{rel}","templated":true}]}}