{"id":58287,"date":"2023-12-18T00:00:00","date_gmt":"2023-12-17T23:00:00","guid":{"rendered":"https:\/\/2025.teleskopshop.ch\/shop\/non%20class\u00e9\/baader-fett-2-teflon-weiss\/"},"modified":"2025-01-25T11:58:32","modified_gmt":"2025-01-25T10:58:32","slug":"baader-fett-2-teflon-weiss","status":"publish","type":"product","link":"https:\/\/www.teleskopshop.ch\/fr\/shop\/montures\/accessoires\/baader-fett-2-teflon-weiss\/","title":{"rendered":"Graisse Baader #2 Blanc t\u00e9flon"},"content":{"rendered":"<p>Convient de -25\u00b0C \u00e0 +40\u00b0C &#8211; (moyenne europ\u00e9enne).<br \/>\nLa graisse habituellement utilis\u00e9e dans nos supports avec<br \/>\nExcellentes propri\u00e9t\u00e9s de glissement et haute stabilit\u00e9.<br \/>\nConvient \u00e0 toutes les plages de temp\u00e9rature courantes en Europe<\/p>\n","protected":false},"excerpt":{"rendered":"<p>Convient de -25\u00b0C \u00e0 +40\u00b0C &#8211; (moyenne europ\u00e9enne). La graisse habituellement utilis\u00e9e dans nos supports avec Excellentes propri\u00e9t\u00e9s de glissement et haute stabilit\u00e9. Convient \u00e0 toutes les plages de temp\u00e9rature courantes en Europe<\/p>\n","protected":false},"featured_media":10258,"comment_status":"closed","ping_status":"open","template":"","meta":{"_acf_changed":false},"product_brand":[679],"product_cat":[1315,1279],"product_tag":[],"class_list":{"0":"post-58287","1":"product","2":"type-product","3":"status-publish","4":"has-post-thumbnail","6":"product_brand-baader","7":"product_cat-accessoires","8":"product_cat-montures","10":"first","11":"instock","12":"taxable","13":"shipping-taxable","14":"purchasable","15":"product-type-simple"},"acf":[],"_links":{"self":[{"href":"https:\/\/www.teleskopshop.ch\/fr\/wp-json\/wp\/v2\/product\/58287","targetHints":{"allow":["GET"]}}],"collection":[{"href":"https:\/\/www.teleskopshop.ch\/fr\/wp-json\/wp\/v2\/product"}],"about":[{"href":"https:\/\/www.teleskopshop.ch\/fr\/wp-json\/wp\/v2\/types\/product"}],"replies":[{"embeddable":true,"href":"https:\/\/www.teleskopshop.ch\/fr\/wp-json\/wp\/v2\/comments?post=58287"}],"wp:featuredmedia":[{"embeddable":true,"href":"https:\/\/www.teleskopshop.ch\/fr\/wp-json\/wp\/v2\/media\/10258"}],"wp:attachment":[{"href":"https:\/\/www.teleskopshop.ch\/fr\/wp-json\/wp\/v2\/media?parent=58287"}],"wp:term":[{"taxonomy":"product_brand","embeddable":true,"href":"https:\/\/www.teleskopshop.ch\/fr\/wp-json\/wp\/v2\/product_brand?post=58287"},{"taxonomy":"product_cat","embeddable":true,"href":"https:\/\/www.teleskopshop.ch\/fr\/wp-json\/wp\/v2\/product_cat?post=58287"},{"taxonomy":"product_tag","embeddable":true,"href":"https:\/\/www.teleskopshop.ch\/fr\/wp-json\/wp\/v2\/product_tag?post=58287"}],"curies":[{"name":"wp","href":"https:\/\/api.w.org\/{rel}","templated":true}]}}