{"id":58284,"date":"2023-12-18T00:00:00","date_gmt":"2023-12-17T23:00:00","guid":{"rendered":"https:\/\/2025.teleskopshop.ch\/shop\/non%20class\u00e9\/baader-fett-1-teflon-braun\/"},"modified":"2025-01-25T11:58:30","modified_gmt":"2025-01-25T10:58:30","slug":"baader-fett-1-teflon-braun","status":"publish","type":"product","link":"https:\/\/www.teleskopshop.ch\/fr\/shop\/montures\/accessoires\/baader-fett-1-teflon-braun\/","title":{"rendered":"Graisse Baader #1 Teflon Brown"},"content":{"rendered":"<p>Peut \u00eatre utilis\u00e9 de -15\u00b0C \u00e0 +55\u00b0C<br \/>\nTr\u00e8s bonnes propri\u00e9t\u00e9s d\u2019amortissement, bien adapt\u00e9es aux impr\u00e9cisions<br \/>\nSupports pour am\u00e9liorer les caract\u00e9ristiques de fonctionnement.<br \/>\nNe convient pas pour un fonctionnement continu en dessous de -10 \u00b0C<\/p>\n","protected":false},"excerpt":{"rendered":"<p>Peut \u00eatre utilis\u00e9 de -15\u00b0C \u00e0 +55\u00b0C Tr\u00e8s bonnes propri\u00e9t\u00e9s d\u2019amortissement, bien adapt\u00e9es aux impr\u00e9cisions Supports pour am\u00e9liorer les caract\u00e9ristiques de fonctionnement. Ne convient pas pour un fonctionnement continu en dessous de -10 \u00b0C<\/p>\n","protected":false},"featured_media":10254,"comment_status":"closed","ping_status":"open","template":"","meta":{"_acf_changed":false},"product_brand":[679],"product_cat":[1315,1279],"product_tag":[],"class_list":{"0":"post-58284","1":"product","2":"type-product","3":"status-publish","4":"has-post-thumbnail","6":"product_brand-baader","7":"product_cat-accessoires","8":"product_cat-montures","10":"first","11":"instock","12":"taxable","13":"shipping-taxable","14":"purchasable","15":"product-type-simple"},"acf":[],"_links":{"self":[{"href":"https:\/\/www.teleskopshop.ch\/fr\/wp-json\/wp\/v2\/product\/58284","targetHints":{"allow":["GET"]}}],"collection":[{"href":"https:\/\/www.teleskopshop.ch\/fr\/wp-json\/wp\/v2\/product"}],"about":[{"href":"https:\/\/www.teleskopshop.ch\/fr\/wp-json\/wp\/v2\/types\/product"}],"replies":[{"embeddable":true,"href":"https:\/\/www.teleskopshop.ch\/fr\/wp-json\/wp\/v2\/comments?post=58284"}],"wp:featuredmedia":[{"embeddable":true,"href":"https:\/\/www.teleskopshop.ch\/fr\/wp-json\/wp\/v2\/media\/10254"}],"wp:attachment":[{"href":"https:\/\/www.teleskopshop.ch\/fr\/wp-json\/wp\/v2\/media?parent=58284"}],"wp:term":[{"taxonomy":"product_brand","embeddable":true,"href":"https:\/\/www.teleskopshop.ch\/fr\/wp-json\/wp\/v2\/product_brand?post=58284"},{"taxonomy":"product_cat","embeddable":true,"href":"https:\/\/www.teleskopshop.ch\/fr\/wp-json\/wp\/v2\/product_cat?post=58284"},{"taxonomy":"product_tag","embeddable":true,"href":"https:\/\/www.teleskopshop.ch\/fr\/wp-json\/wp\/v2\/product_tag?post=58284"}],"curies":[{"name":"wp","href":"https:\/\/api.w.org\/{rel}","templated":true}]}}