{"id":58230,"date":"2023-12-18T00:00:00","date_gmt":"2023-12-17T23:00:00","guid":{"rendered":"https:\/\/2025.teleskopshop.ch\/shop\/non%20class\u00e9\/baader-pan-eq-klemme-v190mm\/"},"modified":"2025-01-25T12:02:41","modified_gmt":"2025-01-25T11:02:41","slug":"baader-pan-eq-klemme-v190mm","status":"publish","type":"product","link":"https:\/\/www.teleskopshop.ch\/fr\/shop\/montures\/accessoires\/baader-pan-eq-klemme-v190mm\/","title":{"rendered":"Pince Baader Pan EQ V190mm"},"content":{"rendered":"<p>pour la norme EQ v.Celestron\/Skywatcher\/Vixen et bien d&rsquo;autres. (bas<br \/>\navec queue d&rsquo;aronde de 3&Prime; (76 mm) \u00e9galement utilisable comme 3&Prime; \u00e0 44 mm<br \/>\nr\u00e9ducteur<\/p>\n","protected":false},"excerpt":{"rendered":"<p>pour la norme EQ v.Celestron\/Skywatcher\/Vixen et bien d&rsquo;autres. (bas avec queue d&rsquo;aronde de 3&Prime; (76 mm) \u00e9galement utilisable comme 3&Prime; \u00e0 44 mm r\u00e9ducteur<\/p>\n","protected":false},"featured_media":9482,"comment_status":"closed","ping_status":"open","template":"","meta":{"_acf_changed":false},"product_brand":[679],"product_cat":[1315,1279],"product_tag":[],"class_list":{"0":"post-58230","1":"product","2":"type-product","3":"status-publish","4":"has-post-thumbnail","6":"product_brand-baader","7":"product_cat-accessoires","8":"product_cat-montures","10":"first","11":"instock","12":"taxable","13":"shipping-taxable","14":"purchasable","15":"product-type-simple"},"acf":[],"_links":{"self":[{"href":"https:\/\/www.teleskopshop.ch\/fr\/wp-json\/wp\/v2\/product\/58230","targetHints":{"allow":["GET"]}}],"collection":[{"href":"https:\/\/www.teleskopshop.ch\/fr\/wp-json\/wp\/v2\/product"}],"about":[{"href":"https:\/\/www.teleskopshop.ch\/fr\/wp-json\/wp\/v2\/types\/product"}],"replies":[{"embeddable":true,"href":"https:\/\/www.teleskopshop.ch\/fr\/wp-json\/wp\/v2\/comments?post=58230"}],"wp:featuredmedia":[{"embeddable":true,"href":"https:\/\/www.teleskopshop.ch\/fr\/wp-json\/wp\/v2\/media\/9482"}],"wp:attachment":[{"href":"https:\/\/www.teleskopshop.ch\/fr\/wp-json\/wp\/v2\/media?parent=58230"}],"wp:term":[{"taxonomy":"product_brand","embeddable":true,"href":"https:\/\/www.teleskopshop.ch\/fr\/wp-json\/wp\/v2\/product_brand?post=58230"},{"taxonomy":"product_cat","embeddable":true,"href":"https:\/\/www.teleskopshop.ch\/fr\/wp-json\/wp\/v2\/product_cat?post=58230"},{"taxonomy":"product_tag","embeddable":true,"href":"https:\/\/www.teleskopshop.ch\/fr\/wp-json\/wp\/v2\/product_tag?post=58230"}],"curies":[{"name":"wp","href":"https:\/\/api.w.org\/{rel}","templated":true}]}}