{"id":58194,"date":"2024-01-12T00:00:00","date_gmt":"2024-01-11T23:00:00","guid":{"rendered":"https:\/\/2025.teleskopshop.ch\/shop\/non%20class\u00e9\/celestron-sse-tabletop-dobsonian-stativ\/"},"modified":"2025-01-25T12:04:42","modified_gmt":"2025-01-25T11:04:42","slug":"celestron-sse-tabletop-dobsonian-stativ","status":"publish","type":"product","link":"https:\/\/www.teleskopshop.ch\/fr\/shop\/montures\/trepieds\/celestron-sse-tabletop-dobsonian-stativ\/","title":{"rendered":"Celestron SSE Plateau de table Dobson"},"content":{"rendered":"<p>Tr\u00e9pied solide et robuste exclusif au plateau StarSense Explorer<br \/>\nDobsonian.<br \/>\nFixation s\u00e9curis\u00e9e de la base dobsonienne et du t\u00e9lescope au tr\u00e9pied avec<br \/>\ntrois vis.<br \/>\nAjustez la hauteur du t\u00e9lescope avec les pieds de tr\u00e9pied r\u00e9glables<br \/>\n\u00e0.<br \/>\nPlateau d\u2019accessoires int\u00e9gr\u00e9 pour oculaires et autres \u00e9l\u00e9ments essentiels lorsque<br \/>\nils ne sont pas n\u00e9cessaires.<br \/>\nLes pieds du tr\u00e9pied peuvent \u00eatre ajust\u00e9s pour un transport facile.<br \/>\nplier<\/p>\n","protected":false},"excerpt":{"rendered":"<p>Tr\u00e9pied solide et robuste exclusif au plateau StarSense Explorer Dobsonian. Fixation s\u00e9curis\u00e9e de la base dobsonienne et du t\u00e9lescope au tr\u00e9pied avec trois vis. Ajustez la hauteur du t\u00e9lescope avec les pieds de tr\u00e9pied r\u00e9glables \u00e0. Plateau d\u2019accessoires int\u00e9gr\u00e9 pour oculaires et autres \u00e9l\u00e9ments essentiels lorsque ils ne sont pas n\u00e9cessaires. Les pieds du tr\u00e9pied [&hellip;]<\/p>\n","protected":false},"featured_media":11214,"comment_status":"closed","ping_status":"open","template":"","meta":{"_acf_changed":false},"product_brand":[674],"product_cat":[1294],"product_tag":[],"class_list":{"0":"post-58194","1":"product","2":"type-product","3":"status-publish","4":"has-post-thumbnail","6":"product_brand-celestron","7":"product_cat-trepieds","9":"first","10":"instock","11":"taxable","12":"shipping-taxable","13":"purchasable","14":"product-type-simple"},"acf":[],"_links":{"self":[{"href":"https:\/\/www.teleskopshop.ch\/fr\/wp-json\/wp\/v2\/product\/58194","targetHints":{"allow":["GET"]}}],"collection":[{"href":"https:\/\/www.teleskopshop.ch\/fr\/wp-json\/wp\/v2\/product"}],"about":[{"href":"https:\/\/www.teleskopshop.ch\/fr\/wp-json\/wp\/v2\/types\/product"}],"replies":[{"embeddable":true,"href":"https:\/\/www.teleskopshop.ch\/fr\/wp-json\/wp\/v2\/comments?post=58194"}],"wp:featuredmedia":[{"embeddable":true,"href":"https:\/\/www.teleskopshop.ch\/fr\/wp-json\/wp\/v2\/media\/11214"}],"wp:attachment":[{"href":"https:\/\/www.teleskopshop.ch\/fr\/wp-json\/wp\/v2\/media?parent=58194"}],"wp:term":[{"taxonomy":"product_brand","embeddable":true,"href":"https:\/\/www.teleskopshop.ch\/fr\/wp-json\/wp\/v2\/product_brand?post=58194"},{"taxonomy":"product_cat","embeddable":true,"href":"https:\/\/www.teleskopshop.ch\/fr\/wp-json\/wp\/v2\/product_cat?post=58194"},{"taxonomy":"product_tag","embeddable":true,"href":"https:\/\/www.teleskopshop.ch\/fr\/wp-json\/wp\/v2\/product_tag?post=58194"}],"curies":[{"name":"wp","href":"https:\/\/api.w.org\/{rel}","templated":true}]}}