{"id":58191,"date":"2024-01-12T00:00:00","date_gmt":"2024-01-11T23:00:00","guid":{"rendered":"https:\/\/2025.teleskopshop.ch\/shop\/non%20class\u00e9\/celestron-tabletop-stativ-nex-evo\/"},"modified":"2025-01-25T12:04:55","modified_gmt":"2025-01-25T11:04:55","slug":"celestron-tabletop-stativ-nex-evo","status":"publish","type":"product","link":"https:\/\/www.teleskopshop.ch\/fr\/shop\/montures\/trepieds\/celestron-tabletop-stativ-nex-evo\/","title":{"rendered":"Celestron Tr\u00e9pied de table NEX + EVO"},"content":{"rendered":"<p>Mini tr\u00e9pied, parfait pour utiliser votre t\u00e9lescope sur un<br \/>\nsurface sur\u00e9lev\u00e9e, par exemple une table.<br \/>\nFournit une base solide et robuste pour votre NexStar Evolution et<br \/>\nSupport de bras de fourche NexStar SE.<br \/>\nNiveau d\u2019esprit int\u00e9gr\u00e9.<br \/>\nTrois vis de r\u00e9glage pour le nivellement.<\/p>\n","protected":false},"excerpt":{"rendered":"<p>Mini tr\u00e9pied, parfait pour utiliser votre t\u00e9lescope sur un surface sur\u00e9lev\u00e9e, par exemple une table. Fournit une base solide et robuste pour votre NexStar Evolution et Support de bras de fourche NexStar SE. Niveau d\u2019esprit int\u00e9gr\u00e9. Trois vis de r\u00e9glage pour le nivellement.<\/p>\n","protected":false},"featured_media":11194,"comment_status":"closed","ping_status":"open","template":"","meta":{"_acf_changed":false},"product_brand":[674],"product_cat":[1294],"product_tag":[],"class_list":{"0":"post-58191","1":"product","2":"type-product","3":"status-publish","4":"has-post-thumbnail","6":"product_brand-celestron","7":"product_cat-trepieds","9":"first","10":"instock","11":"taxable","12":"shipping-taxable","13":"purchasable","14":"product-type-simple"},"acf":[],"_links":{"self":[{"href":"https:\/\/www.teleskopshop.ch\/fr\/wp-json\/wp\/v2\/product\/58191","targetHints":{"allow":["GET"]}}],"collection":[{"href":"https:\/\/www.teleskopshop.ch\/fr\/wp-json\/wp\/v2\/product"}],"about":[{"href":"https:\/\/www.teleskopshop.ch\/fr\/wp-json\/wp\/v2\/types\/product"}],"replies":[{"embeddable":true,"href":"https:\/\/www.teleskopshop.ch\/fr\/wp-json\/wp\/v2\/comments?post=58191"}],"wp:featuredmedia":[{"embeddable":true,"href":"https:\/\/www.teleskopshop.ch\/fr\/wp-json\/wp\/v2\/media\/11194"}],"wp:attachment":[{"href":"https:\/\/www.teleskopshop.ch\/fr\/wp-json\/wp\/v2\/media?parent=58191"}],"wp:term":[{"taxonomy":"product_brand","embeddable":true,"href":"https:\/\/www.teleskopshop.ch\/fr\/wp-json\/wp\/v2\/product_brand?post=58191"},{"taxonomy":"product_cat","embeddable":true,"href":"https:\/\/www.teleskopshop.ch\/fr\/wp-json\/wp\/v2\/product_cat?post=58191"},{"taxonomy":"product_tag","embeddable":true,"href":"https:\/\/www.teleskopshop.ch\/fr\/wp-json\/wp\/v2\/product_tag?post=58191"}],"curies":[{"name":"wp","href":"https:\/\/api.w.org\/{rel}","templated":true}]}}