{"id":58170,"date":"2024-01-12T00:00:00","date_gmt":"2024-01-11T23:00:00","guid":{"rendered":"https:\/\/2025.teleskopshop.ch\/shop\/non%20class\u00e9\/nikon-prostaff-5-fieldscope-82-a\/"},"modified":"2025-01-25T12:10:23","modified_gmt":"2025-01-25T11:10:23","slug":"nikon-prostaff-5-fieldscope-82-a","status":"publish","type":"product","link":"https:\/\/www.teleskopshop.ch\/fr\/shop\/optique\/trepieds-fr\/plus-de-50-mm\/nikon-prostaff-5-fieldscope-82-a\/","title":{"rendered":"Nikon Prostaff 5 Fieldscope 82A"},"content":{"rendered":"<p>Livraison sans oculaire !<br \/>\n\u00c9tui l\u00e9ger. L&rsquo;oculaire zoom nouvellement d\u00e9velopp\u00e9 minimise l&rsquo;aberration chromatique<br \/>\nBord du champ de vision et offre une grande distance de la<br \/>\npupille de sortie.<br \/>\nGrand diam\u00e8tre de lentille (82 mm) pour un champ de vision plus lumineux.<br \/>\nToutes les lentilles et tous les prismes du corps et de l&rsquo;oculaire sont<br \/>\nmulticouche.<br \/>\n\u00c9tanche (jusqu&rsquo;\u00e0 10 minutes \u00e0 1 m de profondeur) et anti-bu\u00e9e gr\u00e2ce<br \/>\nJoints toriques et bo\u00eetier purg\u00e9s \u00e0 l&rsquo;azote.<br \/>\nOculaires anti-\u00e9claboussures.<br \/>\nIl y a une connexion de digiscopie pour les trois oculaires nouvellement d\u00e9velopp\u00e9s<br \/>\naccessible. Cela vous permet d&rsquo;utiliser un adaptateur de connexion de la s\u00e9rie FSB<br \/>\nconnect\u00e9 \u00e0 de nombreux appareils photo num\u00e9riques compacts de la s\u00e9rie COOLPIX<br \/>\nsera.<br \/>\nPare-soleil int\u00e9gr\u00e9.<br \/>\nVerre respectueux de l&rsquo;environnement, sans plomb ni arsenic.<br \/>\nUn \u00e9tui de protection pr\u00eat est inclus.<br \/>\nDeux filetages de tr\u00e9pied sur le bo\u00eetier permettent un montage stable<br \/>\nun tr\u00e9pied&nbsp;; r\u00e9glable pour une utilisation avec ou sans digiscopie<br \/>\nSyst\u00e8me.<br \/>\nConception \u00e9l\u00e9gante et compacte.<\/p>\n","protected":false},"excerpt":{"rendered":"<p>Livraison sans oculaire ! \u00c9tui l\u00e9ger. L&rsquo;oculaire zoom nouvellement d\u00e9velopp\u00e9 minimise l&rsquo;aberration chromatique Bord du champ de vision et offre une grande distance de la pupille de sortie. Grand diam\u00e8tre de lentille (82 mm) pour un champ de vision plus lumineux. Toutes les lentilles et tous les prismes du corps et de l&rsquo;oculaire sont multicouche. [&hellip;]<\/p>\n","protected":false},"featured_media":10758,"comment_status":"closed","ping_status":"open","template":"","meta":{"_acf_changed":false},"product_brand":[686],"product_cat":[1339,1561,1555],"product_tag":[],"class_list":{"0":"post-58170","1":"product","2":"type-product","3":"status-publish","4":"has-post-thumbnail","6":"product_brand-nikon","7":"product_cat-optique","8":"product_cat-plus-de-50-mm","9":"product_cat-trepieds-fr","11":"first","12":"instock","13":"taxable","14":"shipping-taxable","15":"purchasable","16":"product-type-simple"},"acf":[],"_links":{"self":[{"href":"https:\/\/www.teleskopshop.ch\/fr\/wp-json\/wp\/v2\/product\/58170","targetHints":{"allow":["GET"]}}],"collection":[{"href":"https:\/\/www.teleskopshop.ch\/fr\/wp-json\/wp\/v2\/product"}],"about":[{"href":"https:\/\/www.teleskopshop.ch\/fr\/wp-json\/wp\/v2\/types\/product"}],"replies":[{"embeddable":true,"href":"https:\/\/www.teleskopshop.ch\/fr\/wp-json\/wp\/v2\/comments?post=58170"}],"wp:featuredmedia":[{"embeddable":true,"href":"https:\/\/www.teleskopshop.ch\/fr\/wp-json\/wp\/v2\/media\/10758"}],"wp:attachment":[{"href":"https:\/\/www.teleskopshop.ch\/fr\/wp-json\/wp\/v2\/media?parent=58170"}],"wp:term":[{"taxonomy":"product_brand","embeddable":true,"href":"https:\/\/www.teleskopshop.ch\/fr\/wp-json\/wp\/v2\/product_brand?post=58170"},{"taxonomy":"product_cat","embeddable":true,"href":"https:\/\/www.teleskopshop.ch\/fr\/wp-json\/wp\/v2\/product_cat?post=58170"},{"taxonomy":"product_tag","embeddable":true,"href":"https:\/\/www.teleskopshop.ch\/fr\/wp-json\/wp\/v2\/product_tag?post=58170"}],"curies":[{"name":"wp","href":"https:\/\/api.w.org\/{rel}","templated":true}]}}