{"id":58158,"date":"2024-01-12T00:00:00","date_gmt":"2024-01-11T23:00:00","guid":{"rendered":"https:\/\/2025.teleskopshop.ch\/shop\/non%20class\u00e9\/nikon-prostaff-3-16-48x60\/"},"modified":"2025-01-25T12:10:18","modified_gmt":"2025-01-25T11:10:18","slug":"nikon-prostaff-3-16-48x60","status":"publish","type":"product","link":"https:\/\/www.teleskopshop.ch\/fr\/shop\/optique\/trepieds-fr\/plus-de-50-mm\/nikon-prostaff-3-16-48x60\/","title":{"rendered":"Nikon Prostaff 3 16-48&#215;60"},"content":{"rendered":"<p>T\u00e9lescope &#8211; Spotting scope &#8211; Spottingscope &#8211; Spotting-Scope &#8211; Fieldscope<br \/>\nOculaire \u00e0 zoom int\u00e9gr\u00e9 compact et l\u00e9ger<br \/>\nGrande distance pupillaire de sortie &#8211; r\u00e9glable pour maintenir la visibilit\u00e9.<br \/>\noptimiser. Les lentilles et les prismes multicouches offrent des<br \/>\ndes images d&rsquo;une nettet\u00e9 remarquable.<br \/>\nL&rsquo;armure de protection en caoutchouc assure une manipulation s\u00fbre et confortable<br \/>\n\u00c9tanche et antichoc avec joints toriques et azote gazeux<br \/>\nVerre \u00e9cologique.<br \/>\nTr\u00e9pied compact et \u00e9tui de transport inclus<\/p>\n","protected":false},"excerpt":{"rendered":"<p>T\u00e9lescope &#8211; Spotting scope &#8211; Spottingscope &#8211; Spotting-Scope &#8211; Fieldscope Oculaire \u00e0 zoom int\u00e9gr\u00e9 compact et l\u00e9ger Grande distance pupillaire de sortie &#8211; r\u00e9glable pour maintenir la visibilit\u00e9. optimiser. Les lentilles et les prismes multicouches offrent des des images d&rsquo;une nettet\u00e9 remarquable. L&rsquo;armure de protection en caoutchouc assure une manipulation s\u00fbre et confortable \u00c9tanche et [&hellip;]<\/p>\n","protected":false},"featured_media":10782,"comment_status":"closed","ping_status":"open","template":"","meta":{"_acf_changed":false},"product_brand":[686],"product_cat":[1339,1561,1555],"product_tag":[],"class_list":{"0":"post-58158","1":"product","2":"type-product","3":"status-publish","4":"has-post-thumbnail","6":"product_brand-nikon","7":"product_cat-optique","8":"product_cat-plus-de-50-mm","9":"product_cat-trepieds-fr","11":"first","12":"instock","13":"taxable","14":"shipping-taxable","15":"purchasable","16":"product-type-simple"},"acf":[],"_links":{"self":[{"href":"https:\/\/www.teleskopshop.ch\/fr\/wp-json\/wp\/v2\/product\/58158","targetHints":{"allow":["GET"]}}],"collection":[{"href":"https:\/\/www.teleskopshop.ch\/fr\/wp-json\/wp\/v2\/product"}],"about":[{"href":"https:\/\/www.teleskopshop.ch\/fr\/wp-json\/wp\/v2\/types\/product"}],"replies":[{"embeddable":true,"href":"https:\/\/www.teleskopshop.ch\/fr\/wp-json\/wp\/v2\/comments?post=58158"}],"wp:featuredmedia":[{"embeddable":true,"href":"https:\/\/www.teleskopshop.ch\/fr\/wp-json\/wp\/v2\/media\/10782"}],"wp:attachment":[{"href":"https:\/\/www.teleskopshop.ch\/fr\/wp-json\/wp\/v2\/media?parent=58158"}],"wp:term":[{"taxonomy":"product_brand","embeddable":true,"href":"https:\/\/www.teleskopshop.ch\/fr\/wp-json\/wp\/v2\/product_brand?post=58158"},{"taxonomy":"product_cat","embeddable":true,"href":"https:\/\/www.teleskopshop.ch\/fr\/wp-json\/wp\/v2\/product_cat?post=58158"},{"taxonomy":"product_tag","embeddable":true,"href":"https:\/\/www.teleskopshop.ch\/fr\/wp-json\/wp\/v2\/product_tag?post=58158"}],"curies":[{"name":"wp","href":"https:\/\/api.w.org\/{rel}","templated":true}]}}