{"id":58155,"date":"2024-01-12T00:00:00","date_gmt":"2024-01-11T23:00:00","guid":{"rendered":"https:\/\/2025.teleskopshop.ch\/shop\/non%20class\u00e9\/nikon-monarch-fieldscope-82ed-s\/"},"modified":"2025-01-25T12:08:42","modified_gmt":"2025-01-25T11:08:42","slug":"nikon-monarch-fieldscope-82ed-s","status":"publish","type":"product","link":"https:\/\/www.teleskopshop.ch\/fr\/shop\/optique\/trepieds-fr\/plus-de-50-mm\/nikon-monarch-fieldscope-82ed-s\/","title":{"rendered":"Lunette Nikon Monarch 82ED-S"},"content":{"rendered":"<p>Vue droite : Livr\u00e9 sans oculaire<br \/>\nLe Fieldscope MONARCH offre une optique de premi\u00e8re classe et une haute<br \/>\nContraste.<br \/>\nQue ce soit pour observer les oiseaux ou contempler la beaut\u00e9 naturelle,<br \/>\nle syst\u00e8me apochromatique sophistiqu\u00e9 avec verre ED (en particulier<br \/>\nfaible dispersion) minimise les franges de couleur et assure une<br \/>\nchamp de vision exceptionnellement clair. Le syst\u00e8me de lentille \u00e0 \u00e9galisation de champ<br \/>\npermet une nettet\u00e9 uniforme jusqu&rsquo;au bord de l&rsquo;image.<br \/>\nUn syst\u00e8me de mise au point optimis\u00e9 avec des<br \/>\nvitesse de mise au point ? r\u00e9glage fin pour les sujets \u00e9loign\u00e9s,<br \/>\nr\u00e9glage plus grossier pour les objets proches&nbsp;? permet une pr\u00e9cision<br \/>\ncontr\u00f4le et une prise en main naturelle.<br \/>\nLe Fieldscope MONARCH est id\u00e9al pour les activit\u00e9s de plein air. Il est<br \/>\n\u00e9tanche et anti-bu\u00e9e, robuste et r\u00e9sistant aux intemp\u00e9ries.<\/p>\n","protected":false},"excerpt":{"rendered":"<p>Vue droite : Livr\u00e9 sans oculaire Le Fieldscope MONARCH offre une optique de premi\u00e8re classe et une haute Contraste. Que ce soit pour observer les oiseaux ou contempler la beaut\u00e9 naturelle, le syst\u00e8me apochromatique sophistiqu\u00e9 avec verre ED (en particulier faible dispersion) minimise les franges de couleur et assure une champ de vision exceptionnellement clair. [&hellip;]<\/p>\n","protected":false},"featured_media":11034,"comment_status":"closed","ping_status":"open","template":"","meta":{"_acf_changed":false},"product_brand":[686],"product_cat":[1339,1561,1555],"product_tag":[],"class_list":{"0":"post-58155","1":"product","2":"type-product","3":"status-publish","4":"has-post-thumbnail","6":"product_brand-nikon","7":"product_cat-optique","8":"product_cat-plus-de-50-mm","9":"product_cat-trepieds-fr","11":"first","12":"instock","13":"taxable","14":"shipping-taxable","15":"purchasable","16":"product-type-simple"},"acf":[],"_links":{"self":[{"href":"https:\/\/www.teleskopshop.ch\/fr\/wp-json\/wp\/v2\/product\/58155","targetHints":{"allow":["GET"]}}],"collection":[{"href":"https:\/\/www.teleskopshop.ch\/fr\/wp-json\/wp\/v2\/product"}],"about":[{"href":"https:\/\/www.teleskopshop.ch\/fr\/wp-json\/wp\/v2\/types\/product"}],"replies":[{"embeddable":true,"href":"https:\/\/www.teleskopshop.ch\/fr\/wp-json\/wp\/v2\/comments?post=58155"}],"wp:featuredmedia":[{"embeddable":true,"href":"https:\/\/www.teleskopshop.ch\/fr\/wp-json\/wp\/v2\/media\/11034"}],"wp:attachment":[{"href":"https:\/\/www.teleskopshop.ch\/fr\/wp-json\/wp\/v2\/media?parent=58155"}],"wp:term":[{"taxonomy":"product_brand","embeddable":true,"href":"https:\/\/www.teleskopshop.ch\/fr\/wp-json\/wp\/v2\/product_brand?post=58155"},{"taxonomy":"product_cat","embeddable":true,"href":"https:\/\/www.teleskopshop.ch\/fr\/wp-json\/wp\/v2\/product_cat?post=58155"},{"taxonomy":"product_tag","embeddable":true,"href":"https:\/\/www.teleskopshop.ch\/fr\/wp-json\/wp\/v2\/product_tag?post=58155"}],"curies":[{"name":"wp","href":"https:\/\/api.w.org\/{rel}","templated":true}]}}