{"id":58140,"date":"2024-01-12T00:00:00","date_gmt":"2024-01-11T23:00:00","guid":{"rendered":"https:\/\/2025.teleskopshop.ch\/shop\/non%20class\u00e9\/celestron-trailseeker-80mm-a-spektiv\/"},"modified":"2025-01-25T12:08:41","modified_gmt":"2025-01-25T11:08:41","slug":"celestron-trailseeker-80mm-a-spektiv","status":"publish","type":"product","link":"https:\/\/www.teleskopshop.ch\/fr\/shop\/optique\/trepieds-fr\/plus-de-50-mm\/celestron-trailseeker-80mm-a-spektiv\/","title":{"rendered":"Celestron Trailseeker 80mm Une lunette de vis\u00e9e"},"content":{"rendered":"<p>Spottingscope \/ T\u00e9lescope \/ Lunette de vis\u00e9e<br \/>\nT\u00e9lescope \/ longue-vue 80 mm. Grossissement 20-60x. Viseur 45\u00b0<br \/>\nPhotographie DSLR directement \u00e0 travers l&rsquo;oculaire. L&rsquo;adaptateur en T est dans le<br \/>\nInclus dans la livraison. Vous avez \u00e9galement besoin de l&rsquo;anneau en T<br \/>\nla connexion de cam\u00e9ra correspondante.<br \/>\nDistance focale : 480 mm<br \/>\nD&rsquo;autres oculaires avec la connexion 1 1\/4&Prime; peuvent \u00e9galement \u00eatre utilis\u00e9s sur le t\u00e9lescope<br \/>\n\u00eatre utilis\u00e9.<\/p>\n","protected":false},"excerpt":{"rendered":"<p>Spottingscope \/ T\u00e9lescope \/ Lunette de vis\u00e9e T\u00e9lescope \/ longue-vue 80 mm. Grossissement 20-60x. Viseur 45\u00b0 Photographie DSLR directement \u00e0 travers l&rsquo;oculaire. L&rsquo;adaptateur en T est dans le Inclus dans la livraison. Vous avez \u00e9galement besoin de l&rsquo;anneau en T la connexion de cam\u00e9ra correspondante. Distance focale : 480 mm D&rsquo;autres oculaires avec la connexion [&hellip;]<\/p>\n","protected":false},"featured_media":11022,"comment_status":"closed","ping_status":"open","template":"","meta":{"_acf_changed":false},"product_brand":[674],"product_cat":[1339,1561,1555],"product_tag":[],"class_list":{"0":"post-58140","1":"product","2":"type-product","3":"status-publish","4":"has-post-thumbnail","6":"product_brand-celestron","7":"product_cat-optique","8":"product_cat-plus-de-50-mm","9":"product_cat-trepieds-fr","11":"first","12":"instock","13":"taxable","14":"shipping-taxable","15":"purchasable","16":"product-type-simple"},"acf":[],"_links":{"self":[{"href":"https:\/\/www.teleskopshop.ch\/fr\/wp-json\/wp\/v2\/product\/58140","targetHints":{"allow":["GET"]}}],"collection":[{"href":"https:\/\/www.teleskopshop.ch\/fr\/wp-json\/wp\/v2\/product"}],"about":[{"href":"https:\/\/www.teleskopshop.ch\/fr\/wp-json\/wp\/v2\/types\/product"}],"replies":[{"embeddable":true,"href":"https:\/\/www.teleskopshop.ch\/fr\/wp-json\/wp\/v2\/comments?post=58140"}],"wp:featuredmedia":[{"embeddable":true,"href":"https:\/\/www.teleskopshop.ch\/fr\/wp-json\/wp\/v2\/media\/11022"}],"wp:attachment":[{"href":"https:\/\/www.teleskopshop.ch\/fr\/wp-json\/wp\/v2\/media?parent=58140"}],"wp:term":[{"taxonomy":"product_brand","embeddable":true,"href":"https:\/\/www.teleskopshop.ch\/fr\/wp-json\/wp\/v2\/product_brand?post=58140"},{"taxonomy":"product_cat","embeddable":true,"href":"https:\/\/www.teleskopshop.ch\/fr\/wp-json\/wp\/v2\/product_cat?post=58140"},{"taxonomy":"product_tag","embeddable":true,"href":"https:\/\/www.teleskopshop.ch\/fr\/wp-json\/wp\/v2\/product_tag?post=58140"}],"curies":[{"name":"wp","href":"https:\/\/api.w.org\/{rel}","templated":true}]}}