{"id":58125,"date":"2024-01-12T00:00:00","date_gmt":"2024-01-11T23:00:00","guid":{"rendered":"https:\/\/2025.teleskopshop.ch\/shop\/non%20class\u00e9\/celestron-origin-smart-scope-at-home\/"},"modified":"2025-07-17T13:02:44","modified_gmt":"2025-07-17T11:02:44","slug":"celestron-origin-smart-scope-at-home","status":"publish","type":"product","link":"https:\/\/www.teleskopshop.ch\/fr\/shop\/optique\/telescopes-fr\/celestron-sets-fr\/celestron-origin-smart-scope-at-home\/","title":{"rendered":"Celestron Origin (Smart-Scope-at-Home)"},"content":{"rendered":"<p>Celestron Origin (Smart-Scope-at-Home)<\/p>\n<p>Sternenbeobachtung und Astroimaging neu definiert: Celestron Origin<br \/>\nist ein intelligentes All-in-One-Observatorium f\u00fcr zu Hause, das<br \/>\natemberaubende Aufnahmen von schwachen Himmelsobjekten macht und sie<br \/>\nauf Ihr Handy oder Tablet \u00fcbertr\u00e4gt. Die Bilder, die Sie in<br \/>\nSekundenschnelle aufnehmen, sehen besser aus als das, was Sie durch<br \/>\ndas Okular eines viel gr\u00f6\u00dferen Teleskops unter einem viel dunkleren<br \/>\nHimmel sehen w\u00fcrden.<br \/>\nRevolution\u00e4re optische RASA-Technologie: Origins patentiertes<br \/>\noptisches 6&Prime;-Rowe-Ackermann-Schmidt-Astrograph (RASA)-Design ist eine<br \/>\nKlasse f\u00fcr sich. Mit seiner gro\u00dfen \u00d6ffnung und dem schnellen<br \/>\n\u00d6ffnungsverh\u00e4ltnis von f\/2,2 erhalten Sie eine unvergleichliche<br \/>\nBildhelligkeit und -klarheit bei geringerer Belichtungszeit.<br \/>\nAutomatische, KI-gest\u00fctzte Astrofotografie: W\u00e4hrend die Origin Daten<br \/>\nerfasst, stapeln und verarbeiten die integrierten KI-Algorithmen jedes<br \/>\nBild autonom und in Echtzeit. Galaxien und Nebel werden sofort zum<br \/>\nLeben erweckt &#8211; scharf, detailliert und in brillanten Farben &#8211; und das<br \/>\nalles ohne Benutzereingriff.<br \/>\nAutomatisierte Einrichtung mit StarSense: Stellen Sie die Origin nach<br \/>\ndrau\u00dfen, schalten Sie sie ein und verbinden Sie sie mit der App, um<br \/>\nloszulegen. Mit der patentierten StarSense-Technologie von Celestron<br \/>\nscannt Origin den Himmel und fokussiert und richtet sich selbstst\u00e4ndig<br \/>\naus. In weniger als zwei Minuten sind Sie bereit, ein Ziel auszuw\u00e4hlen<br \/>\nund mit der Aufnahme zu beginnen.<br \/>\nIntuitive App-Schnittstelle: Die benutzerfreundliche Celestron Origin<br \/>\nApp f\u00fcr iOS (erfordert IOS 16.6 oder neuer) und Android (erfordert<br \/>\nAndroid 12 oder h\u00f6her), die in Zusammenarbeit mit Simulation<br \/>\nCurriculum, den Machern von SkySafari, entwickelt wurde, bietet eine<br \/>\neinfache und dennoch leistungsstarke Planetariumsoberfl\u00e4che, die die<br \/>\nNavigation durch den Himmel und die Steuerung des Systems erleichtert.<br \/>\nTeilen Sie die Ansicht mit allen: Mehrere Benutzer k\u00f6nnen die Origin-<br \/>\nApp verwenden, um die Live-\u00dcbertragung des Teleskops gleichzeitig zu<br \/>\nsehen. Sie k\u00f6nnen die Ansicht auch auf Ihren Smart-TV \u00fcbertragen oder<br \/>\nspeichern und sofort weitergeben.<br \/>\nErweiterte Funktionen: Mit zunehmender Erfahrung im Hobby k\u00f6nnen Sie<br \/>\ndie aufgenommenen Rohbilddateien herunterladen, um sie manuell weiter<br \/>\nzu bearbeiten. Sie k\u00f6nnen auch mit Filtern experimentieren und Origin<br \/>\nf\u00fcr die Nachtsicht oder die Beobachtung vom Land aus bei Tag<br \/>\nverwenden.<\/p>\n","protected":false},"excerpt":{"rendered":"<p>Vielen Dank f\u00fcr Ihren Besuch bei Teleskopshop.ch.<\/p>\n<p>Es freut uns, Ihnen das Produkt <b>Celestron Origin (Smart-Scope-at-Home)<\/b> zu den nachfolgenden Konditionen anbieten zu d\u00fcrfen.<\/p>\n","protected":false},"featured_media":63635,"comment_status":"closed","ping_status":"closed","template":"","meta":{"_acf_changed":false},"product_brand":[674],"product_cat":[1570,1339,1779],"product_tag":[],"class_list":{"0":"post-58125","1":"product","2":"type-product","3":"status-publish","4":"has-post-thumbnail","6":"product_brand-celestron","7":"product_cat-celestron-sets-fr","8":"product_cat-optique","9":"product_cat-telescope-intelligent","11":"first","12":"instock","13":"sale","14":"taxable","15":"shipping-taxable","16":"purchasable","17":"product-type-simple"},"acf":[],"_links":{"self":[{"href":"https:\/\/www.teleskopshop.ch\/fr\/wp-json\/wp\/v2\/product\/58125","targetHints":{"allow":["GET"]}}],"collection":[{"href":"https:\/\/www.teleskopshop.ch\/fr\/wp-json\/wp\/v2\/product"}],"about":[{"href":"https:\/\/www.teleskopshop.ch\/fr\/wp-json\/wp\/v2\/types\/product"}],"replies":[{"embeddable":true,"href":"https:\/\/www.teleskopshop.ch\/fr\/wp-json\/wp\/v2\/comments?post=58125"}],"wp:featuredmedia":[{"embeddable":true,"href":"https:\/\/www.teleskopshop.ch\/fr\/wp-json\/wp\/v2\/media\/63635"}],"wp:attachment":[{"href":"https:\/\/www.teleskopshop.ch\/fr\/wp-json\/wp\/v2\/media?parent=58125"}],"wp:term":[{"taxonomy":"product_brand","embeddable":true,"href":"https:\/\/www.teleskopshop.ch\/fr\/wp-json\/wp\/v2\/product_brand?post=58125"},{"taxonomy":"product_cat","embeddable":true,"href":"https:\/\/www.teleskopshop.ch\/fr\/wp-json\/wp\/v2\/product_cat?post=58125"},{"taxonomy":"product_tag","embeddable":true,"href":"https:\/\/www.teleskopshop.ch\/fr\/wp-json\/wp\/v2\/product_tag?post=58125"}],"curies":[{"name":"wp","href":"https:\/\/api.w.org\/{rel}","templated":true}]}}