{"id":58107,"date":"2024-01-12T00:00:00","date_gmt":"2024-01-11T23:00:00","guid":{"rendered":"https:\/\/2025.teleskopshop.ch\/shop\/non%20class\u00e9\/pentax-fernglas-zd-10x43-ed\/"},"modified":"2025-01-25T12:10:08","modified_gmt":"2025-01-25T11:10:08","slug":"pentax-fernglas-zd-10x43-ed","status":"publish","type":"product","link":"https:\/\/www.teleskopshop.ch\/fr\/shop\/optique\/jumelles-et-lunettes-dopera\/jumelles\/jumelles-pentax\/pentax-fernglas-zd-10x43-ed\/","title":{"rendered":"Jumelles Pentax ZD 10&#215;43 ED"},"content":{"rendered":"<p>Les meilleurs produits de PENTAX Sport Optics se trouvent dans la s\u00e9rie Z<br \/>\nassortiment. Cette s\u00e9rie se compose exclusivement de prismes en toit en<br \/>\nQualit\u00e9 sup\u00e9rieure qui attire l&rsquo;attention m\u00eame de l&rsquo;observateur le plus exigeant<br \/>\ntombe. Toutes les jumelles de cette s\u00e9rie sont fabriqu\u00e9es au Japon.<br \/>\nEn plus des objectifs ED, la s\u00e9rie ED en a un suppl\u00e9mentaire<br \/>\nrev\u00eatement di\u00e9lectrique. Cela annule la brillance et la fid\u00e9lit\u00e9 des couleurs<br \/>\nun niveau extraordinaire et inspire surtout les plus exigeants<br \/>\nutilisateurs ainsi que les observateurs les plus engag\u00e9s.<br \/>\nUne transmission optimale de la lumi\u00e8re est l&rsquo;un des aspects les plus importants pour<br \/>\nla qualit\u00e9 de vision des jumelles. C&rsquo;est aussi l&rsquo;objet de<br \/>\nnouvelles technologies pour la s\u00e9rie PENTAX Sport Optics actuelle. Alors<br \/>\nest-ce que le ?Full Multi-Coating? de toutes les lentilles comme nouveau rev\u00eatement standard.<br \/>\nIl am\u00e9liore la transmission de la lumi\u00e8re et les contrastes<br \/>\ntout en minimisant les reflets et une excellente fid\u00e9lit\u00e9 des couleurs.<br \/>\nRev\u00eatements multiples sur toutes les lentilles&nbsp;;<br \/>\nRev\u00eatement de transmission de lumi\u00e8re am\u00e9lior\u00e9&nbsp;;<br \/>\ncorrection de phase&nbsp;;<br \/>\nRev\u00eatement hydrofuge sur les verres ext\u00e9rieurs ;<br \/>\nremplissage d&rsquo;azote;<br \/>\nArmure en caoutchouc continue pour une protection et un maintien s\u00fbr&nbsp;;<\/p>\n","protected":false},"excerpt":{"rendered":"<p>Les meilleurs produits de PENTAX Sport Optics se trouvent dans la s\u00e9rie Z assortiment. Cette s\u00e9rie se compose exclusivement de prismes en toit en Qualit\u00e9 sup\u00e9rieure qui attire l&rsquo;attention m\u00eame de l&rsquo;observateur le plus exigeant tombe. Toutes les jumelles de cette s\u00e9rie sont fabriqu\u00e9es au Japon. En plus des objectifs ED, la s\u00e9rie ED en [&hellip;]<\/p>\n","protected":false},"featured_media":10950,"comment_status":"closed","ping_status":"open","template":"","meta":{"_acf_changed":false},"product_brand":[688],"product_cat":[1345,1342,1369,1339],"product_tag":[],"class_list":{"0":"post-58107","1":"product","2":"type-product","3":"status-publish","4":"has-post-thumbnail","6":"product_brand-pentax","7":"product_cat-jumelles","8":"product_cat-jumelles-et-lunettes-dopera","9":"product_cat-jumelles-pentax","10":"product_cat-optique","12":"first","13":"instock","14":"taxable","15":"shipping-taxable","16":"purchasable","17":"product-type-simple"},"acf":[],"_links":{"self":[{"href":"https:\/\/www.teleskopshop.ch\/fr\/wp-json\/wp\/v2\/product\/58107","targetHints":{"allow":["GET"]}}],"collection":[{"href":"https:\/\/www.teleskopshop.ch\/fr\/wp-json\/wp\/v2\/product"}],"about":[{"href":"https:\/\/www.teleskopshop.ch\/fr\/wp-json\/wp\/v2\/types\/product"}],"replies":[{"embeddable":true,"href":"https:\/\/www.teleskopshop.ch\/fr\/wp-json\/wp\/v2\/comments?post=58107"}],"wp:featuredmedia":[{"embeddable":true,"href":"https:\/\/www.teleskopshop.ch\/fr\/wp-json\/wp\/v2\/media\/10950"}],"wp:attachment":[{"href":"https:\/\/www.teleskopshop.ch\/fr\/wp-json\/wp\/v2\/media?parent=58107"}],"wp:term":[{"taxonomy":"product_brand","embeddable":true,"href":"https:\/\/www.teleskopshop.ch\/fr\/wp-json\/wp\/v2\/product_brand?post=58107"},{"taxonomy":"product_cat","embeddable":true,"href":"https:\/\/www.teleskopshop.ch\/fr\/wp-json\/wp\/v2\/product_cat?post=58107"},{"taxonomy":"product_tag","embeddable":true,"href":"https:\/\/www.teleskopshop.ch\/fr\/wp-json\/wp\/v2\/product_tag?post=58107"}],"curies":[{"name":"wp","href":"https:\/\/api.w.org\/{rel}","templated":true}]}}