{"id":58095,"date":"2024-01-12T00:00:00","date_gmt":"2024-01-11T23:00:00","guid":{"rendered":"https:\/\/2025.teleskopshop.ch\/shop\/non%20class\u00e9\/pentax-fernglas-up-8-16x21-black\/"},"modified":"2025-01-25T12:10:15","modified_gmt":"2025-01-25T11:10:15","slug":"pentax-fernglas-up-8-16x21-black","status":"publish","type":"product","link":"https:\/\/www.teleskopshop.ch\/fr\/shop\/optique\/jumelles-et-lunettes-dopera\/jumelles\/jumelles-pentax\/pentax-fernglas-up-8-16x21-black\/","title":{"rendered":"Pentax jumelles UP 8-16&#215;21 noir"},"content":{"rendered":"<p>La s\u00e9rie U se compose de jumelles \u00e0 prisme de Porro. Ils sont<br \/>\nultra compact et dot\u00e9 d&rsquo;un corps avec synchronisation<br \/>\nR\u00e9glage de la distance pupillaire. La nouvelle compensation int\u00e9grale (Full Multi<br \/>\nCoating) garantit une transmission lumineuse \u00e9lev\u00e9e. asph\u00e9rique<br \/>\nLes lentilles offrent une nettet\u00e9 d&rsquo;un bord \u00e0 l&rsquo;autre.<br \/>\nCes jumelles sont le compagnon id\u00e9al pour presque tout le monde<br \/>\napplications.<br \/>\nUne transmission optimale de la lumi\u00e8re est l&rsquo;un des aspects les plus importants pour<br \/>\nla qualit\u00e9 de vision des jumelles. C&rsquo;est aussi l&rsquo;objet de<br \/>\nnouvelles technologies pour la s\u00e9rie PENTAX Sport Optics actuelle. Alors<br \/>\nle multi-rev\u00eatement complet de toutes les lentilles est le nouveau rev\u00eatement standard.<br \/>\nIl am\u00e9liore la transmission de la lumi\u00e8re et les contrastes<br \/>\ntout en minimisant les reflets et une excellente fid\u00e9lit\u00e9 des couleurs.<br \/>\nBaK4 avec transmission lumineuse et r\u00e9solution \u00e9lev\u00e9es<br \/>\nRev\u00eatements multiples sur toutes les lentilles<br \/>\nArmure en caoutchouc continue pour une protection et un maintien s\u00fbr<br \/>\nR\u00e9glage synchronis\u00e9 de la distance pupillaire<br \/>\nMolette de r\u00e9glage centrale pour le r\u00e9glage dioptrique<br \/>\nLentilles asph\u00e9riques pour une nettet\u00e9 d&rsquo;un coin \u00e0 l&rsquo;autre<br \/>\nL\u00e9ger et compact<\/p>\n","protected":false},"excerpt":{"rendered":"<p>La s\u00e9rie U se compose de jumelles \u00e0 prisme de Porro. Ils sont ultra compact et dot\u00e9 d&rsquo;un corps avec synchronisation R\u00e9glage de la distance pupillaire. La nouvelle compensation int\u00e9grale (Full Multi Coating) garantit une transmission lumineuse \u00e9lev\u00e9e. asph\u00e9rique Les lentilles offrent une nettet\u00e9 d&rsquo;un bord \u00e0 l&rsquo;autre. Ces jumelles sont le compagnon id\u00e9al pour [&hellip;]<\/p>\n","protected":false},"featured_media":10870,"comment_status":"closed","ping_status":"open","template":"","meta":{"_acf_changed":false},"product_brand":[688],"product_cat":[1345,1342,1369,1339],"product_tag":[],"class_list":{"0":"post-58095","1":"product","2":"type-product","3":"status-publish","4":"has-post-thumbnail","6":"product_brand-pentax","7":"product_cat-jumelles","8":"product_cat-jumelles-et-lunettes-dopera","9":"product_cat-jumelles-pentax","10":"product_cat-optique","12":"first","13":"instock","14":"taxable","15":"shipping-taxable","16":"purchasable","17":"product-type-simple"},"acf":[],"_links":{"self":[{"href":"https:\/\/www.teleskopshop.ch\/fr\/wp-json\/wp\/v2\/product\/58095","targetHints":{"allow":["GET"]}}],"collection":[{"href":"https:\/\/www.teleskopshop.ch\/fr\/wp-json\/wp\/v2\/product"}],"about":[{"href":"https:\/\/www.teleskopshop.ch\/fr\/wp-json\/wp\/v2\/types\/product"}],"replies":[{"embeddable":true,"href":"https:\/\/www.teleskopshop.ch\/fr\/wp-json\/wp\/v2\/comments?post=58095"}],"wp:featuredmedia":[{"embeddable":true,"href":"https:\/\/www.teleskopshop.ch\/fr\/wp-json\/wp\/v2\/media\/10870"}],"wp:attachment":[{"href":"https:\/\/www.teleskopshop.ch\/fr\/wp-json\/wp\/v2\/media?parent=58095"}],"wp:term":[{"taxonomy":"product_brand","embeddable":true,"href":"https:\/\/www.teleskopshop.ch\/fr\/wp-json\/wp\/v2\/product_brand?post=58095"},{"taxonomy":"product_cat","embeddable":true,"href":"https:\/\/www.teleskopshop.ch\/fr\/wp-json\/wp\/v2\/product_cat?post=58095"},{"taxonomy":"product_tag","embeddable":true,"href":"https:\/\/www.teleskopshop.ch\/fr\/wp-json\/wp\/v2\/product_tag?post=58095"}],"curies":[{"name":"wp","href":"https:\/\/api.w.org\/{rel}","templated":true}]}}