{"id":58092,"date":"2024-01-12T00:00:00","date_gmt":"2024-01-11T23:00:00","guid":{"rendered":"https:\/\/2025.teleskopshop.ch\/shop\/non%20class\u00e9\/pentax-fernglas-up-10x25-wp\/"},"modified":"2025-01-25T12:10:14","modified_gmt":"2025-01-25T11:10:14","slug":"pentax-fernglas-up-10x25-wp","status":"publish","type":"product","link":"https:\/\/www.teleskopshop.ch\/fr\/shop\/optique\/jumelles-et-lunettes-dopera\/jumelles\/jumelles-pentax\/pentax-fernglas-up-10x25-wp\/","title":{"rendered":"Jumelles Pentax UP 10&#215;25 WP"},"content":{"rendered":"<p>S\u00e9rie U<br \/>\nLa s\u00e9rie U se compose de jumelles \u00e0 prisme de Porro. Ils sont<br \/>\nultra compact et dot\u00e9 d&rsquo;un corps avec synchronisation<br \/>\nR\u00e9glage de la distance pupillaire. La nouvelle compensation int\u00e9grale (Full Multi<br \/>\nCoating) garantit une transmission lumineuse \u00e9lev\u00e9e. asph\u00e9rique<br \/>\nLes lentilles offrent une nettet\u00e9 d&rsquo;un bord \u00e0 l&rsquo;autre. Ces jumelles sont les<br \/>\ncompagnon id\u00e9al pour presque toutes les applications.<br \/>\nEn raison de la r\u00e9sistance \u00e0 l&rsquo;eau et de la conception mince du bo\u00eetier, ils sont<br \/>\ncompagnon id\u00e9al pour les voyages, les \u00e9v\u00e9nements en plein air et bien d&rsquo;autres<br \/>\nd&rsquo;autres situations.<br \/>\nBaK4 avec une transmission lumineuse et une r\u00e9solution \u00e9lev\u00e9es&nbsp;;<br \/>\nRev\u00eatements multiples sur toutes les lentilles&nbsp;;<br \/>\nJIS classe 6 \u00e9tanche ;<br \/>\nArmure en caoutchouc continue pour une protection et un maintien s\u00fbr&nbsp;;<br \/>\nR\u00e9glage synchronis\u00e9 de la distance pupillaire&nbsp;;<br \/>\nCadran central pour le r\u00e9glage dioptrique ;<br \/>\nlentilles asph\u00e9riques&nbsp;;<br \/>\nL\u00e9ger et compact;<\/p>\n","protected":false},"excerpt":{"rendered":"<p>S\u00e9rie U La s\u00e9rie U se compose de jumelles \u00e0 prisme de Porro. Ils sont ultra compact et dot\u00e9 d&rsquo;un corps avec synchronisation R\u00e9glage de la distance pupillaire. La nouvelle compensation int\u00e9grale (Full Multi Coating) garantit une transmission lumineuse \u00e9lev\u00e9e. asph\u00e9rique Les lentilles offrent une nettet\u00e9 d&rsquo;un bord \u00e0 l&rsquo;autre. Ces jumelles sont les compagnon [&hellip;]<\/p>\n","protected":false},"featured_media":10866,"comment_status":"closed","ping_status":"open","template":"","meta":{"_acf_changed":false},"product_brand":[688],"product_cat":[1345,1342,1369,1339],"product_tag":[],"class_list":{"0":"post-58092","1":"product","2":"type-product","3":"status-publish","4":"has-post-thumbnail","6":"product_brand-pentax","7":"product_cat-jumelles","8":"product_cat-jumelles-et-lunettes-dopera","9":"product_cat-jumelles-pentax","10":"product_cat-optique","12":"first","13":"instock","14":"taxable","15":"shipping-taxable","16":"purchasable","17":"product-type-simple"},"acf":[],"_links":{"self":[{"href":"https:\/\/www.teleskopshop.ch\/fr\/wp-json\/wp\/v2\/product\/58092","targetHints":{"allow":["GET"]}}],"collection":[{"href":"https:\/\/www.teleskopshop.ch\/fr\/wp-json\/wp\/v2\/product"}],"about":[{"href":"https:\/\/www.teleskopshop.ch\/fr\/wp-json\/wp\/v2\/types\/product"}],"replies":[{"embeddable":true,"href":"https:\/\/www.teleskopshop.ch\/fr\/wp-json\/wp\/v2\/comments?post=58092"}],"wp:featuredmedia":[{"embeddable":true,"href":"https:\/\/www.teleskopshop.ch\/fr\/wp-json\/wp\/v2\/media\/10866"}],"wp:attachment":[{"href":"https:\/\/www.teleskopshop.ch\/fr\/wp-json\/wp\/v2\/media?parent=58092"}],"wp:term":[{"taxonomy":"product_brand","embeddable":true,"href":"https:\/\/www.teleskopshop.ch\/fr\/wp-json\/wp\/v2\/product_brand?post=58092"},{"taxonomy":"product_cat","embeddable":true,"href":"https:\/\/www.teleskopshop.ch\/fr\/wp-json\/wp\/v2\/product_cat?post=58092"},{"taxonomy":"product_tag","embeddable":true,"href":"https:\/\/www.teleskopshop.ch\/fr\/wp-json\/wp\/v2\/product_tag?post=58092"}],"curies":[{"name":"wp","href":"https:\/\/api.w.org\/{rel}","templated":true}]}}