{"id":58086,"date":"2024-01-12T00:00:00","date_gmt":"2024-01-11T23:00:00","guid":{"rendered":"https:\/\/2025.teleskopshop.ch\/shop\/non%20class\u00e9\/pentax-fernglas-up-10x21-black\/"},"modified":"2025-01-25T12:10:13","modified_gmt":"2025-01-25T11:10:13","slug":"pentax-fernglas-up-10x21-black","status":"publish","type":"product","link":"https:\/\/www.teleskopshop.ch\/fr\/shop\/optique\/jumelles-et-lunettes-dopera\/jumelles\/jumelles-pentax\/pentax-fernglas-up-10x21-black\/","title":{"rendered":"Pentax jumelles UP 10&#215;21 noir"},"content":{"rendered":"<p>La s\u00e9rie U se compose de jumelles \u00e0 prisme de Porro. Ils sont<br \/>\nultra compact et dot\u00e9 d&rsquo;un corps avec synchronisation<br \/>\nR\u00e9glage de la distance pupillaire. La nouvelle compensation int\u00e9grale (?Full Multi<br \/>\nRev\u00eatement ?) garantit une transmission lumineuse \u00e9lev\u00e9e. asph\u00e9rique<br \/>\nLes lentilles offrent une nettet\u00e9 d&rsquo;un bord \u00e0 l&rsquo;autre. Ces jumelles sont les<br \/>\ncompagnon id\u00e9al pour presque toutes les applications. La s\u00e9rie Papilio<br \/>\na une position sp\u00e9ciale avec une distance rapproch\u00e9e de 50 cm<br \/>\nun.<br \/>\nRev\u00eatements multiples sur toutes les lentilles&nbsp;;<br \/>\nArmure en caoutchouc continue pour une protection et un maintien s\u00fbr&nbsp;;<br \/>\nR\u00e9glage synchronis\u00e9 de la distance pupillaire&nbsp;;<br \/>\nlentilles asph\u00e9riques&nbsp;;<br \/>\nL\u00e9ger et compact;<\/p>\n","protected":false},"excerpt":{"rendered":"<p>La s\u00e9rie U se compose de jumelles \u00e0 prisme de Porro. Ils sont ultra compact et dot\u00e9 d&rsquo;un corps avec synchronisation R\u00e9glage de la distance pupillaire. La nouvelle compensation int\u00e9grale (?Full Multi Rev\u00eatement ?) garantit une transmission lumineuse \u00e9lev\u00e9e. asph\u00e9rique Les lentilles offrent une nettet\u00e9 d&rsquo;un bord \u00e0 l&rsquo;autre. Ces jumelles sont les compagnon id\u00e9al [&hellip;]<\/p>\n","protected":false},"featured_media":10858,"comment_status":"closed","ping_status":"open","template":"","meta":{"_acf_changed":false},"product_brand":[688],"product_cat":[1345,1342,1369,1339],"product_tag":[],"class_list":{"0":"post-58086","1":"product","2":"type-product","3":"status-publish","4":"has-post-thumbnail","6":"product_brand-pentax","7":"product_cat-jumelles","8":"product_cat-jumelles-et-lunettes-dopera","9":"product_cat-jumelles-pentax","10":"product_cat-optique","12":"first","13":"instock","14":"taxable","15":"shipping-taxable","16":"purchasable","17":"product-type-simple"},"acf":[],"_links":{"self":[{"href":"https:\/\/www.teleskopshop.ch\/fr\/wp-json\/wp\/v2\/product\/58086","targetHints":{"allow":["GET"]}}],"collection":[{"href":"https:\/\/www.teleskopshop.ch\/fr\/wp-json\/wp\/v2\/product"}],"about":[{"href":"https:\/\/www.teleskopshop.ch\/fr\/wp-json\/wp\/v2\/types\/product"}],"replies":[{"embeddable":true,"href":"https:\/\/www.teleskopshop.ch\/fr\/wp-json\/wp\/v2\/comments?post=58086"}],"wp:featuredmedia":[{"embeddable":true,"href":"https:\/\/www.teleskopshop.ch\/fr\/wp-json\/wp\/v2\/media\/10858"}],"wp:attachment":[{"href":"https:\/\/www.teleskopshop.ch\/fr\/wp-json\/wp\/v2\/media?parent=58086"}],"wp:term":[{"taxonomy":"product_brand","embeddable":true,"href":"https:\/\/www.teleskopshop.ch\/fr\/wp-json\/wp\/v2\/product_brand?post=58086"},{"taxonomy":"product_cat","embeddable":true,"href":"https:\/\/www.teleskopshop.ch\/fr\/wp-json\/wp\/v2\/product_cat?post=58086"},{"taxonomy":"product_tag","embeddable":true,"href":"https:\/\/www.teleskopshop.ch\/fr\/wp-json\/wp\/v2\/product_tag?post=58086"}],"curies":[{"name":"wp","href":"https:\/\/api.w.org\/{rel}","templated":true}]}}