{"id":58074,"date":"2024-01-12T00:00:00","date_gmt":"2024-01-11T23:00:00","guid":{"rendered":"https:\/\/2025.teleskopshop.ch\/shop\/non%20class\u00e9\/pentax-fernglas-sp-16x50\/"},"modified":"2025-01-25T12:10:06","modified_gmt":"2025-01-25T11:10:06","slug":"pentax-fernglas-sp-16x50","status":"publish","type":"product","link":"https:\/\/www.teleskopshop.ch\/fr\/shop\/optique\/jumelles-et-lunettes-dopera\/jumelles\/jumelles-pentax\/pentax-fernglas-sp-16x50\/","title":{"rendered":"Jumelles Pentax SP 16&#215;50"},"content":{"rendered":"<p>Les jumelles \u00e0 prisme de Porro de la s\u00e9rie S disposent d&rsquo;un<br \/>\nDiam\u00e8tre de l&rsquo;objectif sup\u00e9rieur \u00e0 40 mm et sont la continuation<br \/>\nla s\u00e9rie A. Avec les m\u00eames rev\u00eatements de haute qualit\u00e9 que la s\u00e9rie A<br \/>\nune qualit\u00e9 d&rsquo;image irr\u00e9prochable est garantie. caract\u00e9ristique de ces<br \/>\nLa s\u00e9rie est la haute intensit\u00e9 lumineuse due \u00e0 la grande<br \/>\ndiam\u00e8tre de l&rsquo;objectif.<br \/>\nLa s\u00e9rie S offre de nombreuses fonctionnalit\u00e9s des jumelles plus ch\u00e8res.<br \/>\nRobuste avec un corps enti\u00e8rement en caoutchouc, y compris le tr\u00e8s grand<br \/>\nentra\u00eenement central. Ils ont une optique exceptionnelle<br \/>\nPerformances de haute qualit\u00e9 des prismes BaK4.<br \/>\nRev\u00eatements multiples sur toutes les lentilles&nbsp;;<br \/>\nbo\u00eetier en aluminium moul\u00e9 sous pression&nbsp;;<br \/>\nRev\u00eatement de transmission de lumi\u00e8re am\u00e9lior\u00e9&nbsp;;<br \/>\nArmure compl\u00e8te en caoutchouc;<br \/>\nGrand cadran central ;<br \/>\ncliquez sur le r\u00e9glage dioptrique d&rsquo;arr\u00eat&nbsp;;<\/p>\n","protected":false},"excerpt":{"rendered":"<p>Les jumelles \u00e0 prisme de Porro de la s\u00e9rie S disposent d&rsquo;un Diam\u00e8tre de l&rsquo;objectif sup\u00e9rieur \u00e0 40 mm et sont la continuation la s\u00e9rie A. Avec les m\u00eames rev\u00eatements de haute qualit\u00e9 que la s\u00e9rie A une qualit\u00e9 d&rsquo;image irr\u00e9prochable est garantie. caract\u00e9ristique de ces La s\u00e9rie est la haute intensit\u00e9 lumineuse due \u00e0 [&hellip;]<\/p>\n","protected":false},"featured_media":10926,"comment_status":"closed","ping_status":"open","template":"","meta":{"_acf_changed":false},"product_brand":[688],"product_cat":[1345,1342,1369,1339],"product_tag":[],"class_list":{"0":"post-58074","1":"product","2":"type-product","3":"status-publish","4":"has-post-thumbnail","6":"product_brand-pentax","7":"product_cat-jumelles","8":"product_cat-jumelles-et-lunettes-dopera","9":"product_cat-jumelles-pentax","10":"product_cat-optique","12":"first","13":"instock","14":"taxable","15":"shipping-taxable","16":"purchasable","17":"product-type-simple"},"acf":[],"_links":{"self":[{"href":"https:\/\/www.teleskopshop.ch\/fr\/wp-json\/wp\/v2\/product\/58074","targetHints":{"allow":["GET"]}}],"collection":[{"href":"https:\/\/www.teleskopshop.ch\/fr\/wp-json\/wp\/v2\/product"}],"about":[{"href":"https:\/\/www.teleskopshop.ch\/fr\/wp-json\/wp\/v2\/types\/product"}],"replies":[{"embeddable":true,"href":"https:\/\/www.teleskopshop.ch\/fr\/wp-json\/wp\/v2\/comments?post=58074"}],"wp:featuredmedia":[{"embeddable":true,"href":"https:\/\/www.teleskopshop.ch\/fr\/wp-json\/wp\/v2\/media\/10926"}],"wp:attachment":[{"href":"https:\/\/www.teleskopshop.ch\/fr\/wp-json\/wp\/v2\/media?parent=58074"}],"wp:term":[{"taxonomy":"product_brand","embeddable":true,"href":"https:\/\/www.teleskopshop.ch\/fr\/wp-json\/wp\/v2\/product_brand?post=58074"},{"taxonomy":"product_cat","embeddable":true,"href":"https:\/\/www.teleskopshop.ch\/fr\/wp-json\/wp\/v2\/product_cat?post=58074"},{"taxonomy":"product_tag","embeddable":true,"href":"https:\/\/www.teleskopshop.ch\/fr\/wp-json\/wp\/v2\/product_tag?post=58074"}],"curies":[{"name":"wp","href":"https:\/\/api.w.org\/{rel}","templated":true}]}}