{"id":58071,"date":"2024-01-12T00:00:00","date_gmt":"2024-01-11T23:00:00","guid":{"rendered":"https:\/\/2025.teleskopshop.ch\/shop\/non%20class\u00e9\/pentax-fernglas-sp-12x50-wp\/"},"modified":"2025-01-25T12:10:07","modified_gmt":"2025-01-25T11:10:07","slug":"pentax-fernglas-sp-12x50-wp","status":"publish","type":"product","link":"https:\/\/www.teleskopshop.ch\/fr\/shop\/optique\/jumelles-et-lunettes-dopera\/jumelles\/jumelles-pentax\/pentax-fernglas-sp-12x50-wp\/","title":{"rendered":"Jumelles Pentax SP 12&#215;50 WP"},"content":{"rendered":"<p>Les jumelles \u00e0 prisme de Porro de la s\u00e9rie S sont dot\u00e9es<br \/>\nun diam\u00e8tre de lentille d&rsquo;objectif sup\u00e9rieur \u00e0 40 mm. Avec le m\u00eame<br \/>\n\u00e9quip\u00e9 des rev\u00eatements de haute qualit\u00e9 de la s\u00e9rie A, est impeccable<br \/>\nQualit\u00e9 d&rsquo;image garantie. La caract\u00e9ristique de cette s\u00e9rie est le haut<br \/>\nIntensit\u00e9 lumineuse due au grand diam\u00e8tre de l&rsquo;objectif.<br \/>\nUne transmission optimale de la lumi\u00e8re est l&rsquo;un des aspects les plus importants pour<br \/>\nla qualit\u00e9 de vision des jumelles. C&rsquo;est aussi l&rsquo;objet de<br \/>\nnouvelles technologies pour la s\u00e9rie PENTAX Sport Optics actuelle. Alors<br \/>\nest-ce que le ?Full Multi-Coating? de toutes les lentilles comme nouveau rev\u00eatement standard.<br \/>\nIl am\u00e9liore la transmission de la lumi\u00e8re et les contrastes<br \/>\ntout en minimisant les reflets et une excellente fid\u00e9lit\u00e9 des couleurs.<br \/>\nRev\u00eatements multiples sur toutes les lentilles&nbsp;;<br \/>\nRev\u00eatement de transmission de lumi\u00e8re am\u00e9lior\u00e9&nbsp;;<br \/>\nmise au point interne&nbsp;;<br \/>\nRev\u00eatement hydrofuge sur les verres ext\u00e9rieurs ;<br \/>\n\u00c9tanche (classification JIS 6) ;<br \/>\nremplissage d&rsquo;azote;<br \/>\nArmure en caoutchouc continue pour une protection et un maintien s\u00fbr&nbsp;;<br \/>\nbo\u00eetier en magn\u00e9sium\/aluminium&nbsp;;<br \/>\nLentille asph\u00e9rique&nbsp;;<\/p>\n","protected":false},"excerpt":{"rendered":"<p>Les jumelles \u00e0 prisme de Porro de la s\u00e9rie S sont dot\u00e9es un diam\u00e8tre de lentille d&rsquo;objectif sup\u00e9rieur \u00e0 40 mm. Avec le m\u00eame \u00e9quip\u00e9 des rev\u00eatements de haute qualit\u00e9 de la s\u00e9rie A, est impeccable Qualit\u00e9 d&rsquo;image garantie. La caract\u00e9ristique de cette s\u00e9rie est le haut Intensit\u00e9 lumineuse due au grand diam\u00e8tre de l&rsquo;objectif. [&hellip;]<\/p>\n","protected":false},"featured_media":10938,"comment_status":"closed","ping_status":"open","template":"","meta":{"_acf_changed":false},"product_brand":[688],"product_cat":[1345,1342,1369,1339],"product_tag":[],"class_list":{"0":"post-58071","1":"product","2":"type-product","3":"status-publish","4":"has-post-thumbnail","6":"product_brand-pentax","7":"product_cat-jumelles","8":"product_cat-jumelles-et-lunettes-dopera","9":"product_cat-jumelles-pentax","10":"product_cat-optique","12":"first","13":"instock","14":"taxable","15":"shipping-taxable","16":"purchasable","17":"product-type-simple"},"acf":[],"_links":{"self":[{"href":"https:\/\/www.teleskopshop.ch\/fr\/wp-json\/wp\/v2\/product\/58071","targetHints":{"allow":["GET"]}}],"collection":[{"href":"https:\/\/www.teleskopshop.ch\/fr\/wp-json\/wp\/v2\/product"}],"about":[{"href":"https:\/\/www.teleskopshop.ch\/fr\/wp-json\/wp\/v2\/types\/product"}],"replies":[{"embeddable":true,"href":"https:\/\/www.teleskopshop.ch\/fr\/wp-json\/wp\/v2\/comments?post=58071"}],"wp:featuredmedia":[{"embeddable":true,"href":"https:\/\/www.teleskopshop.ch\/fr\/wp-json\/wp\/v2\/media\/10938"}],"wp:attachment":[{"href":"https:\/\/www.teleskopshop.ch\/fr\/wp-json\/wp\/v2\/media?parent=58071"}],"wp:term":[{"taxonomy":"product_brand","embeddable":true,"href":"https:\/\/www.teleskopshop.ch\/fr\/wp-json\/wp\/v2\/product_brand?post=58071"},{"taxonomy":"product_cat","embeddable":true,"href":"https:\/\/www.teleskopshop.ch\/fr\/wp-json\/wp\/v2\/product_cat?post=58071"},{"taxonomy":"product_tag","embeddable":true,"href":"https:\/\/www.teleskopshop.ch\/fr\/wp-json\/wp\/v2\/product_tag?post=58071"}],"curies":[{"name":"wp","href":"https:\/\/api.w.org\/{rel}","templated":true}]}}