{"id":58056,"date":"2024-01-12T00:00:00","date_gmt":"2024-01-11T23:00:00","guid":{"rendered":"https:\/\/2025.teleskopshop.ch\/shop\/non%20class\u00e9\/pentax-fernglas-sd-8x42-wp\/"},"modified":"2025-01-25T12:10:11","modified_gmt":"2025-01-25T11:10:11","slug":"pentax-fernglas-sd-8x42-wp","status":"publish","type":"product","link":"https:\/\/www.teleskopshop.ch\/fr\/shop\/optique\/jumelles-et-lunettes-dopera\/jumelles\/jumelles-pentax\/pentax-fernglas-sd-8x42-wp\/","title":{"rendered":"Pentax jumelles SD 8&#215;42 WP"},"content":{"rendered":"<p>Les jumelles \u00e0 prismes en toit de la s\u00e9rie S ont<br \/>\nun diam\u00e8tre de lentille d&rsquo;objectif sup\u00e9rieur \u00e0 40 mm. Avec le m\u00eame<br \/>\n\u00e9quip\u00e9 des rev\u00eatements de haute qualit\u00e9 de la s\u00e9rie A, est impeccable<br \/>\nQualit\u00e9 d&rsquo;image garantie. La caract\u00e9ristique de cette s\u00e9rie est le haut<br \/>\nIntensit\u00e9 lumineuse due au grand diam\u00e8tre de l&rsquo;objectif.<br \/>\nRev\u00eatements multiples sur toutes les lentilles&nbsp;;<br \/>\nRev\u00eatement de transmission de lumi\u00e8re am\u00e9lior\u00e9&nbsp;;<br \/>\ncorrection de phase&nbsp;;<br \/>\nmise au point interne&nbsp;;<br \/>\nRev\u00eatement hydrofuge sur les verres ext\u00e9rieurs ;<br \/>\n\u00c9tanche (classification JIS 6) \u00e0 l&rsquo;azote gazeux&nbsp;;<br \/>\nremplissage d&rsquo;azote;<br \/>\nArmure en caoutchouc continue pour une protection et un maintien s\u00fbr&nbsp;;<br \/>\n.<\/p>\n","protected":false},"excerpt":{"rendered":"<p>Les jumelles \u00e0 prismes en toit de la s\u00e9rie S ont un diam\u00e8tre de lentille d&rsquo;objectif sup\u00e9rieur \u00e0 40 mm. Avec le m\u00eame \u00e9quip\u00e9 des rev\u00eatements de haute qualit\u00e9 de la s\u00e9rie A, est impeccable Qualit\u00e9 d&rsquo;image garantie. La caract\u00e9ristique de cette s\u00e9rie est le haut Intensit\u00e9 lumineuse due au grand diam\u00e8tre de l&rsquo;objectif. Rev\u00eatements [&hellip;]<\/p>\n","protected":false},"featured_media":10906,"comment_status":"closed","ping_status":"open","template":"","meta":{"_acf_changed":false},"product_brand":[688],"product_cat":[1345,1342,1369,1339],"product_tag":[],"class_list":{"0":"post-58056","1":"product","2":"type-product","3":"status-publish","4":"has-post-thumbnail","6":"product_brand-pentax","7":"product_cat-jumelles","8":"product_cat-jumelles-et-lunettes-dopera","9":"product_cat-jumelles-pentax","10":"product_cat-optique","12":"first","13":"instock","14":"taxable","15":"shipping-taxable","16":"purchasable","17":"product-type-simple"},"acf":[],"_links":{"self":[{"href":"https:\/\/www.teleskopshop.ch\/fr\/wp-json\/wp\/v2\/product\/58056","targetHints":{"allow":["GET"]}}],"collection":[{"href":"https:\/\/www.teleskopshop.ch\/fr\/wp-json\/wp\/v2\/product"}],"about":[{"href":"https:\/\/www.teleskopshop.ch\/fr\/wp-json\/wp\/v2\/types\/product"}],"replies":[{"embeddable":true,"href":"https:\/\/www.teleskopshop.ch\/fr\/wp-json\/wp\/v2\/comments?post=58056"}],"wp:featuredmedia":[{"embeddable":true,"href":"https:\/\/www.teleskopshop.ch\/fr\/wp-json\/wp\/v2\/media\/10906"}],"wp:attachment":[{"href":"https:\/\/www.teleskopshop.ch\/fr\/wp-json\/wp\/v2\/media?parent=58056"}],"wp:term":[{"taxonomy":"product_brand","embeddable":true,"href":"https:\/\/www.teleskopshop.ch\/fr\/wp-json\/wp\/v2\/product_brand?post=58056"},{"taxonomy":"product_cat","embeddable":true,"href":"https:\/\/www.teleskopshop.ch\/fr\/wp-json\/wp\/v2\/product_cat?post=58056"},{"taxonomy":"product_tag","embeddable":true,"href":"https:\/\/www.teleskopshop.ch\/fr\/wp-json\/wp\/v2\/product_tag?post=58056"}],"curies":[{"name":"wp","href":"https:\/\/api.w.org\/{rel}","templated":true}]}}