{"id":58047,"date":"2024-01-12T00:00:00","date_gmt":"2024-01-11T23:00:00","guid":{"rendered":"https:\/\/2025.teleskopshop.ch\/shop\/non%20class\u00e9\/pentax-fernglas-sd-10x42-ed\/"},"modified":"2025-01-25T12:04:55","modified_gmt":"2025-01-25T11:04:55","slug":"pentax-fernglas-sd-10x42-ed","status":"publish","type":"product","link":"https:\/\/www.teleskopshop.ch\/fr\/shop\/optique\/jumelles-et-lunettes-dopera\/jumelles\/jumelles-pentax\/pentax-fernglas-sd-10x42-ed\/","title":{"rendered":"Jumelles Pentax SD 10&#215;42 ED"},"content":{"rendered":"<p>Mod\u00e8le avec de grands objectifs<br \/>\nQualit\u00e9 visuelle exceptionnelle pour les exigences les plus \u00e9lev\u00e9es.<br \/>\nLes grands objectifs de la conception permettent un contraste \u00e9lev\u00e9 et lumineux<br \/>\nVisibilit\u00e9 dans toutes les conditions d\u2019\u00e9clairage.<br \/>\nLes premiers mod\u00e8les de la s\u00e9rie S avec \u00e9l\u00e9ments en verre ED (Extra-low<br \/>\ndispersion), qui offre une vue claire et contrast\u00e9e du champ de vision<br \/>\net compenser efficacement l\u2019aberration chromatique<br \/>\nObjectifs d\u2019un diam\u00e8tre de 42 millim\u00e8tres, qui fournissent un<br \/>\nExcellente performance d\u2019observation, une observation sans effort de la<br \/>\nObjecter et assurer une bonne convivialit\u00e9<br \/>\nApplication d\u2019un multi-rev\u00eatement complet et d\u2019un<br \/>\nProc\u00e9d\u00e9 de rev\u00eatement sp\u00e9cial pour optimiser le<br \/>\nTransmission de la lumi\u00e8re pour fournir une vue claire du sujet avec un minimum<br \/>\nAssurer l\u2019\u00e9blouissement et les images fant\u00f4mes<br \/>\nConstruction \u00e9tanche JIS Class 6 pour fiable<br \/>\nUtilisation dans des conditions m\u00e9t\u00e9orologiques d\u00e9favorables<\/p>\n","protected":false},"excerpt":{"rendered":"<p>Mod\u00e8le avec de grands objectifs Qualit\u00e9 visuelle exceptionnelle pour les exigences les plus \u00e9lev\u00e9es. Les grands objectifs de la conception permettent un contraste \u00e9lev\u00e9 et lumineux Visibilit\u00e9 dans toutes les conditions d\u2019\u00e9clairage. Les premiers mod\u00e8les de la s\u00e9rie S avec \u00e9l\u00e9ments en verre ED (Extra-low dispersion), qui offre une vue claire et contrast\u00e9e du champ [&hellip;]<\/p>\n","protected":false},"featured_media":11210,"comment_status":"closed","ping_status":"open","template":"","meta":{"_acf_changed":false},"product_brand":[688],"product_cat":[1345,1342,1369,1339],"product_tag":[],"class_list":{"0":"post-58047","1":"product","2":"type-product","3":"status-publish","4":"has-post-thumbnail","6":"product_brand-pentax","7":"product_cat-jumelles","8":"product_cat-jumelles-et-lunettes-dopera","9":"product_cat-jumelles-pentax","10":"product_cat-optique","12":"first","13":"instock","14":"taxable","15":"shipping-taxable","16":"purchasable","17":"product-type-simple"},"acf":[],"_links":{"self":[{"href":"https:\/\/www.teleskopshop.ch\/fr\/wp-json\/wp\/v2\/product\/58047","targetHints":{"allow":["GET"]}}],"collection":[{"href":"https:\/\/www.teleskopshop.ch\/fr\/wp-json\/wp\/v2\/product"}],"about":[{"href":"https:\/\/www.teleskopshop.ch\/fr\/wp-json\/wp\/v2\/types\/product"}],"replies":[{"embeddable":true,"href":"https:\/\/www.teleskopshop.ch\/fr\/wp-json\/wp\/v2\/comments?post=58047"}],"wp:featuredmedia":[{"embeddable":true,"href":"https:\/\/www.teleskopshop.ch\/fr\/wp-json\/wp\/v2\/media\/11210"}],"wp:attachment":[{"href":"https:\/\/www.teleskopshop.ch\/fr\/wp-json\/wp\/v2\/media?parent=58047"}],"wp:term":[{"taxonomy":"product_brand","embeddable":true,"href":"https:\/\/www.teleskopshop.ch\/fr\/wp-json\/wp\/v2\/product_brand?post=58047"},{"taxonomy":"product_cat","embeddable":true,"href":"https:\/\/www.teleskopshop.ch\/fr\/wp-json\/wp\/v2\/product_cat?post=58047"},{"taxonomy":"product_tag","embeddable":true,"href":"https:\/\/www.teleskopshop.ch\/fr\/wp-json\/wp\/v2\/product_tag?post=58047"}],"curies":[{"name":"wp","href":"https:\/\/api.w.org\/{rel}","templated":true}]}}