{"id":58032,"date":"2024-01-12T00:00:00","date_gmt":"2024-01-11T23:00:00","guid":{"rendered":"https:\/\/2025.teleskopshop.ch\/shop\/non%20class\u00e9\/pentax-fernglas-jupiter-12x50\/"},"modified":"2025-01-25T12:06:03","modified_gmt":"2025-01-25T11:06:03","slug":"pentax-fernglas-jupiter-12x50","status":"publish","type":"product","link":"https:\/\/www.teleskopshop.ch\/fr\/shop\/optique\/jumelles-et-lunettes-dopera\/jumelles\/jumelles-pentax\/pentax-fernglas-jupiter-12x50\/","title":{"rendered":"Jumelles Pentax Jupiter 12&#215;50"},"content":{"rendered":"<p>Faites une pause, sortez et profitez de la nature<br \/>\nD\u00e9couvrir et profiter fait souvent partie du programme hebdomadaire o\u00f9<br \/>\nles jumelles ne devraient pas manquer non plus.<br \/>\nLa s\u00e9rie Jupiter a un grand diam\u00e8tre de lentille frontale pour un<br \/>\nchamp de vision clair et clair et observation sans effort et d\u00e9tendue pour<br \/>\nune vari\u00e9t\u00e9 de motifs.<br \/>\nPour les d\u00e9butants aux sp\u00e9cialistes des jumelles.<br \/>\nLe bo\u00eetier caoutchout\u00e9 des jumelles assure un maintien s\u00fbr,<br \/>\ntout en se concentrant sur l&rsquo;observation de la nature, des animaux ou des oiseaux<br \/>\nconcentrez-vous sur les \u00e9toiles.<br \/>\nAvec le fil int\u00e9gr\u00e9, les jumelles peuvent \u00e9galement \u00eatre utilis\u00e9es pendant de plus longues p\u00e9riodes<br \/>\nLes observations peuvent \u00eatre mont\u00e9es sur un tr\u00e9pied.<br \/>\nLes jumelles de la s\u00e9rie PENTAX JUPITER sont livr\u00e9es avec une bandouli\u00e8re<br \/>\net sac fournis.<\/p>\n","protected":false},"excerpt":{"rendered":"<p>Faites une pause, sortez et profitez de la nature D\u00e9couvrir et profiter fait souvent partie du programme hebdomadaire o\u00f9 les jumelles ne devraient pas manquer non plus. La s\u00e9rie Jupiter a un grand diam\u00e8tre de lentille frontale pour un champ de vision clair et clair et observation sans effort et d\u00e9tendue pour une vari\u00e9t\u00e9 de [&hellip;]<\/p>\n","protected":false},"featured_media":11162,"comment_status":"closed","ping_status":"open","template":"","meta":{"_acf_changed":false},"product_brand":[688],"product_cat":[1345,1342,1369,1339],"product_tag":[],"class_list":{"0":"post-58032","1":"product","2":"type-product","3":"status-publish","4":"has-post-thumbnail","6":"product_brand-pentax","7":"product_cat-jumelles","8":"product_cat-jumelles-et-lunettes-dopera","9":"product_cat-jumelles-pentax","10":"product_cat-optique","12":"first","13":"instock","14":"taxable","15":"shipping-taxable","16":"purchasable","17":"product-type-simple"},"acf":[],"_links":{"self":[{"href":"https:\/\/www.teleskopshop.ch\/fr\/wp-json\/wp\/v2\/product\/58032","targetHints":{"allow":["GET"]}}],"collection":[{"href":"https:\/\/www.teleskopshop.ch\/fr\/wp-json\/wp\/v2\/product"}],"about":[{"href":"https:\/\/www.teleskopshop.ch\/fr\/wp-json\/wp\/v2\/types\/product"}],"replies":[{"embeddable":true,"href":"https:\/\/www.teleskopshop.ch\/fr\/wp-json\/wp\/v2\/comments?post=58032"}],"wp:featuredmedia":[{"embeddable":true,"href":"https:\/\/www.teleskopshop.ch\/fr\/wp-json\/wp\/v2\/media\/11162"}],"wp:attachment":[{"href":"https:\/\/www.teleskopshop.ch\/fr\/wp-json\/wp\/v2\/media?parent=58032"}],"wp:term":[{"taxonomy":"product_brand","embeddable":true,"href":"https:\/\/www.teleskopshop.ch\/fr\/wp-json\/wp\/v2\/product_brand?post=58032"},{"taxonomy":"product_cat","embeddable":true,"href":"https:\/\/www.teleskopshop.ch\/fr\/wp-json\/wp\/v2\/product_cat?post=58032"},{"taxonomy":"product_tag","embeddable":true,"href":"https:\/\/www.teleskopshop.ch\/fr\/wp-json\/wp\/v2\/product_tag?post=58032"}],"curies":[{"name":"wp","href":"https:\/\/api.w.org\/{rel}","templated":true}]}}