{"id":58020,"date":"2024-01-12T00:00:00","date_gmt":"2024-01-11T23:00:00","guid":{"rendered":"https:\/\/2025.teleskopshop.ch\/shop\/non%20class\u00e9\/pentax-fernglas-ad-9x32-wp\/"},"modified":"2025-01-25T12:10:07","modified_gmt":"2025-01-25T11:10:07","slug":"pentax-fernglas-ad-9x32-wp","status":"publish","type":"product","link":"https:\/\/www.teleskopshop.ch\/fr\/shop\/optique\/jumelles-et-lunettes-dopera\/jumelles\/jumelles-pentax\/pentax-fernglas-ad-9x32-wp\/","title":{"rendered":"Jumelles Pentax AD 9&#215;32 WP"},"content":{"rendered":"<p>La s\u00e9rie AD sont des jumelles \u00e0 prisme en toit avec un<br \/>\nDiam\u00e8tre de l&rsquo;objectif combin\u00e9 jusqu&rsquo;\u00e0 40 mm. Tout<br \/>\nLes prismes en toit de ce groupe sont enti\u00e8rement rev\u00eatus<br \/>\n(Full Multi-Coating) via un suppl\u00e9ment<br \/>\nRev\u00eatement de transmission de la lumi\u00e8re (Enhanced Light Transmission<br \/>\nenrobage). Les jumelles de la s\u00e9rie A sont les jumelles compactes et portables<br \/>\net les petits fr\u00e8res robustes de la s\u00e9rie S. jumelles avec le<br \/>\nLa d\u00e9signation WP est \u00e9tanche. Avec cette s\u00e9rie, les utilisateurs peuvent<br \/>\nmobilit\u00e9 maximale sans compromis sur le confort visuel et optique<br \/>\nprofiter des performances.<br \/>\nLes toutes nouvelles jumelles de la s\u00e9rie PENTAX Sport Optics se connectent<br \/>\nles plus de 90 ans d&rsquo;exp\u00e9rience de PENTAX et celle \u00e0 laquelle vous avez toujours \u00e9t\u00e9 habitu\u00e9<br \/>\nQualit\u00e9 avec des technologies de pointe \u00e0 des prix imbattables.<br \/>\nParce que les PENTAX Sport Optics sont depuis longtemps devenus des jumelles pour tout le monde<br \/>\nuniquement des prismes en verre BaK4 de haute puret\u00e9 avec une haute<br \/>\nL&rsquo;indice de r\u00e9fraction utilis\u00e9 et leur multi-rev\u00eatement complet sont d\u00e9sormais pris en compte<br \/>\nnouvelle r\u00e9mun\u00e9ration standard.<br \/>\nRev\u00eatements multiples sur toutes les lentilles&nbsp;;<br \/>\ncorrection de phase&nbsp;;<br \/>\n\u00c9tanche (classification JIS 6) ;<br \/>\nremplissage d&rsquo;azote;<br \/>\nArmure en caoutchouc continue pour une protection et un maintien s\u00fbr&nbsp;;<br \/>\nDistance minimale courte&nbsp;;<br \/>\nmise au point interne&nbsp;;<br \/>\nRev\u00eatement de transmission de lumi\u00e8re am\u00e9lior\u00e9&nbsp;;<\/p>\n","protected":false},"excerpt":{"rendered":"<p>La s\u00e9rie AD sont des jumelles \u00e0 prisme en toit avec un Diam\u00e8tre de l&rsquo;objectif combin\u00e9 jusqu&rsquo;\u00e0 40 mm. Tout Les prismes en toit de ce groupe sont enti\u00e8rement rev\u00eatus (Full Multi-Coating) via un suppl\u00e9ment Rev\u00eatement de transmission de la lumi\u00e8re (Enhanced Light Transmission enrobage). Les jumelles de la s\u00e9rie A sont les jumelles compactes [&hellip;]<\/p>\n","protected":false},"featured_media":10882,"comment_status":"closed","ping_status":"open","template":"","meta":{"_acf_changed":false},"product_brand":[688],"product_cat":[1345,1342,1369,1339],"product_tag":[],"class_list":{"0":"post-58020","1":"product","2":"type-product","3":"status-publish","4":"has-post-thumbnail","6":"product_brand-pentax","7":"product_cat-jumelles","8":"product_cat-jumelles-et-lunettes-dopera","9":"product_cat-jumelles-pentax","10":"product_cat-optique","12":"first","13":"instock","14":"taxable","15":"shipping-taxable","16":"purchasable","17":"product-type-simple"},"acf":[],"_links":{"self":[{"href":"https:\/\/www.teleskopshop.ch\/fr\/wp-json\/wp\/v2\/product\/58020","targetHints":{"allow":["GET"]}}],"collection":[{"href":"https:\/\/www.teleskopshop.ch\/fr\/wp-json\/wp\/v2\/product"}],"about":[{"href":"https:\/\/www.teleskopshop.ch\/fr\/wp-json\/wp\/v2\/types\/product"}],"replies":[{"embeddable":true,"href":"https:\/\/www.teleskopshop.ch\/fr\/wp-json\/wp\/v2\/comments?post=58020"}],"wp:featuredmedia":[{"embeddable":true,"href":"https:\/\/www.teleskopshop.ch\/fr\/wp-json\/wp\/v2\/media\/10882"}],"wp:attachment":[{"href":"https:\/\/www.teleskopshop.ch\/fr\/wp-json\/wp\/v2\/media?parent=58020"}],"wp:term":[{"taxonomy":"product_brand","embeddable":true,"href":"https:\/\/www.teleskopshop.ch\/fr\/wp-json\/wp\/v2\/product_brand?post=58020"},{"taxonomy":"product_cat","embeddable":true,"href":"https:\/\/www.teleskopshop.ch\/fr\/wp-json\/wp\/v2\/product_cat?post=58020"},{"taxonomy":"product_tag","embeddable":true,"href":"https:\/\/www.teleskopshop.ch\/fr\/wp-json\/wp\/v2\/product_tag?post=58020"}],"curies":[{"name":"wp","href":"https:\/\/api.w.org\/{rel}","templated":true}]}}