{"id":58005,"date":"2024-01-12T00:00:00","date_gmt":"2024-01-11T23:00:00","guid":{"rendered":"https:\/\/2025.teleskopshop.ch\/shop\/non%20class\u00e9\/pentax-fernglas-ad-10x32-ed\/"},"modified":"2025-01-25T12:04:49","modified_gmt":"2025-01-25T11:04:49","slug":"pentax-fernglas-ad-10x32-ed","status":"publish","type":"product","link":"https:\/\/www.teleskopshop.ch\/fr\/shop\/optique\/jumelles-et-lunettes-dopera\/jumelles\/jumelles-pentax\/pentax-fernglas-ad-10x32-ed\/","title":{"rendered":"Jumelles Pentax AD 10&#215;32 ED"},"content":{"rendered":"<p>Les premiers mod\u00e8les de la s\u00e9rie A avec \u00e9l\u00e9ments en verre ED (Extra-low<br \/>\ndispersion), qui offre une vue claire et contrast\u00e9e du champ de vision<br \/>\net compenser efficacement l\u2019aberration chromatique<br \/>\nDes objectifs d\u2019un diam\u00e8tre de 32 millim\u00e8tres assurent<br \/>\nExcellentes performances visuelles dans un bo\u00eetier compact et l\u00e9ger.<br \/>\nApplication d\u2019un multi-rev\u00eatement complet et d\u2019un<br \/>\nProc\u00e9d\u00e9 de rev\u00eatement sp\u00e9cial pour optimiser le<br \/>\nTransmission de la lumi\u00e8re pour fournir une vue claire et lumineuse du sujet avec<br \/>\n\u00e9blouissement minimal et images fant\u00f4mes.<br \/>\nLa construction \u00e9tanche est conforme \u00e0 la norme JIS Classe 6 pour un<br \/>\nUtilisation fiable dans des conditions m\u00e9t\u00e9orologiques d\u00e9favorables.<\/p>\n","protected":false},"excerpt":{"rendered":"<p>Les premiers mod\u00e8les de la s\u00e9rie A avec \u00e9l\u00e9ments en verre ED (Extra-low dispersion), qui offre une vue claire et contrast\u00e9e du champ de vision et compenser efficacement l\u2019aberration chromatique Des objectifs d\u2019un diam\u00e8tre de 32 millim\u00e8tres assurent Excellentes performances visuelles dans un bo\u00eetier compact et l\u00e9ger. Application d\u2019un multi-rev\u00eatement complet et d\u2019un Proc\u00e9d\u00e9 de [&hellip;]<\/p>\n","protected":false},"featured_media":11202,"comment_status":"closed","ping_status":"open","template":"","meta":{"_acf_changed":false},"product_brand":[688],"product_cat":[1345,1342,1369,1339],"product_tag":[],"class_list":{"0":"post-58005","1":"product","2":"type-product","3":"status-publish","4":"has-post-thumbnail","6":"product_brand-pentax","7":"product_cat-jumelles","8":"product_cat-jumelles-et-lunettes-dopera","9":"product_cat-jumelles-pentax","10":"product_cat-optique","12":"first","13":"instock","14":"taxable","15":"shipping-taxable","16":"purchasable","17":"product-type-simple"},"acf":[],"_links":{"self":[{"href":"https:\/\/www.teleskopshop.ch\/fr\/wp-json\/wp\/v2\/product\/58005","targetHints":{"allow":["GET"]}}],"collection":[{"href":"https:\/\/www.teleskopshop.ch\/fr\/wp-json\/wp\/v2\/product"}],"about":[{"href":"https:\/\/www.teleskopshop.ch\/fr\/wp-json\/wp\/v2\/types\/product"}],"replies":[{"embeddable":true,"href":"https:\/\/www.teleskopshop.ch\/fr\/wp-json\/wp\/v2\/comments?post=58005"}],"wp:featuredmedia":[{"embeddable":true,"href":"https:\/\/www.teleskopshop.ch\/fr\/wp-json\/wp\/v2\/media\/11202"}],"wp:attachment":[{"href":"https:\/\/www.teleskopshop.ch\/fr\/wp-json\/wp\/v2\/media?parent=58005"}],"wp:term":[{"taxonomy":"product_brand","embeddable":true,"href":"https:\/\/www.teleskopshop.ch\/fr\/wp-json\/wp\/v2\/product_brand?post=58005"},{"taxonomy":"product_cat","embeddable":true,"href":"https:\/\/www.teleskopshop.ch\/fr\/wp-json\/wp\/v2\/product_cat?post=58005"},{"taxonomy":"product_tag","embeddable":true,"href":"https:\/\/www.teleskopshop.ch\/fr\/wp-json\/wp\/v2\/product_tag?post=58005"}],"curies":[{"name":"wp","href":"https:\/\/api.w.org\/{rel}","templated":true}]}}