{"id":57999,"date":"2024-01-12T00:00:00","date_gmt":"2024-01-11T23:00:00","guid":{"rendered":"https:\/\/2025.teleskopshop.ch\/shop\/non%20class\u00e9\/olympus-8x42-pro-inkl-tasche\/"},"modified":"2025-01-25T12:08:37","modified_gmt":"2025-01-25T11:08:37","slug":"olympus-8x42-pro-inkl-tasche","status":"publish","type":"product","link":"https:\/\/www.teleskopshop.ch\/fr\/shop\/optique\/jumelles-et-lunettes-dopera\/jumelles\/jumelles-olympus\/olympus-8x42-pro-inkl-tasche\/","title":{"rendered":"Olympus 8&#215;42 PRO incl. poche"},"content":{"rendered":"<p>Jumelles professionnelles 8&#215;42 PRO incl. cas.<br \/>\nLes jumelles PRO pour les amoureux de la nature sont convaincantes<br \/>\nLentilles et prismes multicouches pour une clart\u00e9 cristalline, en particulier<br \/>\nimages lumineuses et nettes en haute r\u00e9solution m\u00eame avec les mauvaises<br \/>\nconditions d&rsquo;\u00e9clairage. Technologies de rev\u00eatement avanc\u00e9es<br \/>\nassurer une excellente transmission de la lumi\u00e8re dans le visible<br \/>\nzone pour que les images soient sp\u00e9ciales gr\u00e2ce \u00e0 des couleurs plus naturelles<br \/>\nparaissent r\u00e9alistes. Le rev\u00eatement ZERO utilis\u00e9 pour les lentilles de<br \/>\nsyst\u00e8mes de lentilles interchangeables et solutions de microscope<br \/>\nsur toutes les surfaces de l&rsquo;objectif pour moins d&rsquo;images fant\u00f4mes et<br \/>\nR\u00e9flexions. En utilisant un objectif ED, le chromatique<br \/>\naberration responsable du flou de l&rsquo;image au minimum<br \/>\nr\u00e9duit. La limite de proximit\u00e9 de 1,5 m permet des observations rapproch\u00e9es<br \/>\ndivers objets. L&rsquo;ergonomie particuli\u00e8re des commandes<br \/>\net la poign\u00e9e offrent un maximum de confort et de stabilit\u00e9 m\u00eame pendant de longues p\u00e9riodes<br \/>\nobservations. Le design \u00e9pur\u00e9 et \u00e9l\u00e9gant et le r\u00e9sultat<br \/>\nLes lignes de profil nettes garantissent l&rsquo;aspect caract\u00e9ristique de l&rsquo;OM-D<br \/>\nAppareil photo \u00e0 objectif interchangeable et fonctionnalit\u00e9 am\u00e9lior\u00e9e afin que le<br \/>\nUtiliser les jumelles PRO devient un plaisir.<\/p>\n","protected":false},"excerpt":{"rendered":"<p>Jumelles professionnelles 8&#215;42 PRO incl. cas. Les jumelles PRO pour les amoureux de la nature sont convaincantes Lentilles et prismes multicouches pour une clart\u00e9 cristalline, en particulier images lumineuses et nettes en haute r\u00e9solution m\u00eame avec les mauvaises conditions d&rsquo;\u00e9clairage. Technologies de rev\u00eatement avanc\u00e9es assurer une excellente transmission de la lumi\u00e8re dans le visible zone [&hellip;]<\/p>\n","protected":false},"featured_media":11066,"comment_status":"closed","ping_status":"open","template":"","meta":{"_acf_changed":false},"product_brand":[687],"product_cat":[1345,1342,1366,1339],"product_tag":[],"class_list":{"0":"post-57999","1":"product","2":"type-product","3":"status-publish","4":"has-post-thumbnail","6":"product_brand-olympus","7":"product_cat-jumelles","8":"product_cat-jumelles-et-lunettes-dopera","9":"product_cat-jumelles-olympus","10":"product_cat-optique","12":"first","13":"instock","14":"taxable","15":"shipping-taxable","16":"purchasable","17":"product-type-simple"},"acf":[],"_links":{"self":[{"href":"https:\/\/www.teleskopshop.ch\/fr\/wp-json\/wp\/v2\/product\/57999","targetHints":{"allow":["GET"]}}],"collection":[{"href":"https:\/\/www.teleskopshop.ch\/fr\/wp-json\/wp\/v2\/product"}],"about":[{"href":"https:\/\/www.teleskopshop.ch\/fr\/wp-json\/wp\/v2\/types\/product"}],"replies":[{"embeddable":true,"href":"https:\/\/www.teleskopshop.ch\/fr\/wp-json\/wp\/v2\/comments?post=57999"}],"wp:featuredmedia":[{"embeddable":true,"href":"https:\/\/www.teleskopshop.ch\/fr\/wp-json\/wp\/v2\/media\/11066"}],"wp:attachment":[{"href":"https:\/\/www.teleskopshop.ch\/fr\/wp-json\/wp\/v2\/media?parent=57999"}],"wp:term":[{"taxonomy":"product_brand","embeddable":true,"href":"https:\/\/www.teleskopshop.ch\/fr\/wp-json\/wp\/v2\/product_brand?post=57999"},{"taxonomy":"product_cat","embeddable":true,"href":"https:\/\/www.teleskopshop.ch\/fr\/wp-json\/wp\/v2\/product_cat?post=57999"},{"taxonomy":"product_tag","embeddable":true,"href":"https:\/\/www.teleskopshop.ch\/fr\/wp-json\/wp\/v2\/product_tag?post=57999"}],"curies":[{"name":"wp","href":"https:\/\/api.w.org\/{rel}","templated":true}]}}