{"id":57996,"date":"2024-01-12T00:00:00","date_gmt":"2024-01-11T23:00:00","guid":{"rendered":"https:\/\/2025.teleskopshop.ch\/shop\/non%20class\u00e9\/olympus-8x42-exps-i-inkl-tasche\/"},"modified":"2025-01-25T12:10:28","modified_gmt":"2025-01-25T11:10:28","slug":"olympus-8x42-exps-i-inkl-tasche","status":"publish","type":"product","link":"https:\/\/www.teleskopshop.ch\/fr\/shop\/optique\/jumelles-et-lunettes-dopera\/jumelles\/jumelles-olympus\/olympus-8x42-exps-i-inkl-tasche\/","title":{"rendered":"Olympus 8&#215;42 EXPS I incl. poche"},"content":{"rendered":"<p>Jumelles EXPSI 8 x 42 EXPS I incl. Poche. S\u00e9rie EXPS I pour<br \/>\namoureux de la nature ambitieux et globe-trotters. Vue parfaite aussi<br \/>\ndans des conditions de faible luminosit\u00e9. Lentilles multicouches pour<br \/>\nluminosit\u00e9 et contraste maximum. Prismes rectifi\u00e9s avec pr\u00e9cision et<br \/>\nLentilles en verre \u00e0 couronne de baryum (BaK-4) pour une clart\u00e9 et une luminosit\u00e9 jusqu&rsquo;\u00e0<br \/>\nbord du champ de vision. Tige antid\u00e9rapante ? rev\u00eatement de surface pour un<br \/>\ntenue optimale<\/p>\n","protected":false},"excerpt":{"rendered":"<p>Jumelles EXPSI 8 x 42 EXPS I incl. Poche. S\u00e9rie EXPS I pour amoureux de la nature ambitieux et globe-trotters. Vue parfaite aussi dans des conditions de faible luminosit\u00e9. Lentilles multicouches pour luminosit\u00e9 et contraste maximum. Prismes rectifi\u00e9s avec pr\u00e9cision et Lentilles en verre \u00e0 couronne de baryum (BaK-4) pour une clart\u00e9 et une luminosit\u00e9 [&hellip;]<\/p>\n","protected":false},"featured_media":10674,"comment_status":"closed","ping_status":"open","template":"","meta":{"_acf_changed":false},"product_brand":[687],"product_cat":[1345,1342,1366,1339],"product_tag":[],"class_list":{"0":"post-57996","1":"product","2":"type-product","3":"status-publish","4":"has-post-thumbnail","6":"product_brand-olympus","7":"product_cat-jumelles","8":"product_cat-jumelles-et-lunettes-dopera","9":"product_cat-jumelles-olympus","10":"product_cat-optique","12":"first","13":"instock","14":"taxable","15":"shipping-taxable","16":"purchasable","17":"product-type-simple"},"acf":[],"_links":{"self":[{"href":"https:\/\/www.teleskopshop.ch\/fr\/wp-json\/wp\/v2\/product\/57996","targetHints":{"allow":["GET"]}}],"collection":[{"href":"https:\/\/www.teleskopshop.ch\/fr\/wp-json\/wp\/v2\/product"}],"about":[{"href":"https:\/\/www.teleskopshop.ch\/fr\/wp-json\/wp\/v2\/types\/product"}],"replies":[{"embeddable":true,"href":"https:\/\/www.teleskopshop.ch\/fr\/wp-json\/wp\/v2\/comments?post=57996"}],"wp:featuredmedia":[{"embeddable":true,"href":"https:\/\/www.teleskopshop.ch\/fr\/wp-json\/wp\/v2\/media\/10674"}],"wp:attachment":[{"href":"https:\/\/www.teleskopshop.ch\/fr\/wp-json\/wp\/v2\/media?parent=57996"}],"wp:term":[{"taxonomy":"product_brand","embeddable":true,"href":"https:\/\/www.teleskopshop.ch\/fr\/wp-json\/wp\/v2\/product_brand?post=57996"},{"taxonomy":"product_cat","embeddable":true,"href":"https:\/\/www.teleskopshop.ch\/fr\/wp-json\/wp\/v2\/product_cat?post=57996"},{"taxonomy":"product_tag","embeddable":true,"href":"https:\/\/www.teleskopshop.ch\/fr\/wp-json\/wp\/v2\/product_tag?post=57996"}],"curies":[{"name":"wp","href":"https:\/\/api.w.org\/{rel}","templated":true}]}}