{"id":57990,"date":"2024-01-12T00:00:00","date_gmt":"2024-01-11T23:00:00","guid":{"rendered":"https:\/\/2025.teleskopshop.ch\/shop\/non%20class\u00e9\/olympus-8x25-wp-ii-forest-green\/"},"modified":"2025-01-25T12:10:26","modified_gmt":"2025-01-25T11:10:26","slug":"olympus-8x25-wp-ii-forest-green","status":"publish","type":"product","link":"https:\/\/www.teleskopshop.ch\/fr\/shop\/optique\/jumelles-et-lunettes-dopera\/jumelles\/jumelles-olympus\/olympus-8x25-wp-ii-forest-green\/","title":{"rendered":"Olympus 8&#215;25 WP II Vert For\u00eat"},"content":{"rendered":"<p>S\u00e9rie WP II pour ventilateurs ext\u00e9rieurs. Syst\u00e8me de lentilles remplies d&rsquo;azote pour<br \/>\n\u00e9tanche, anti-bu\u00e9e et prot\u00e9g\u00e9 de la salet\u00e9<br \/>\nUtilisation, Compact et l\u00e9ger, Design ext\u00e9rieur moderne et attrayant<br \/>\nVariantes de couleur, prismes BaK-4 de haute qualit\u00e9 pour des images lumineuses et nettes<br \/>\ndes photos<\/p>\n","protected":false},"excerpt":{"rendered":"<p>S\u00e9rie WP II pour ventilateurs ext\u00e9rieurs. Syst\u00e8me de lentilles remplies d&rsquo;azote pour \u00e9tanche, anti-bu\u00e9e et prot\u00e9g\u00e9 de la salet\u00e9 Utilisation, Compact et l\u00e9ger, Design ext\u00e9rieur moderne et attrayant Variantes de couleur, prismes BaK-4 de haute qualit\u00e9 pour des images lumineuses et nettes des photos<\/p>\n","protected":false},"featured_media":10742,"comment_status":"closed","ping_status":"open","template":"","meta":{"_acf_changed":false},"product_brand":[687],"product_cat":[1345,1342,1366,1339],"product_tag":[],"class_list":{"0":"post-57990","1":"product","2":"type-product","3":"status-publish","4":"has-post-thumbnail","6":"product_brand-olympus","7":"product_cat-jumelles","8":"product_cat-jumelles-et-lunettes-dopera","9":"product_cat-jumelles-olympus","10":"product_cat-optique","12":"first","13":"instock","14":"taxable","15":"shipping-taxable","16":"purchasable","17":"product-type-simple"},"acf":[],"_links":{"self":[{"href":"https:\/\/www.teleskopshop.ch\/fr\/wp-json\/wp\/v2\/product\/57990","targetHints":{"allow":["GET"]}}],"collection":[{"href":"https:\/\/www.teleskopshop.ch\/fr\/wp-json\/wp\/v2\/product"}],"about":[{"href":"https:\/\/www.teleskopshop.ch\/fr\/wp-json\/wp\/v2\/types\/product"}],"replies":[{"embeddable":true,"href":"https:\/\/www.teleskopshop.ch\/fr\/wp-json\/wp\/v2\/comments?post=57990"}],"wp:featuredmedia":[{"embeddable":true,"href":"https:\/\/www.teleskopshop.ch\/fr\/wp-json\/wp\/v2\/media\/10742"}],"wp:attachment":[{"href":"https:\/\/www.teleskopshop.ch\/fr\/wp-json\/wp\/v2\/media?parent=57990"}],"wp:term":[{"taxonomy":"product_brand","embeddable":true,"href":"https:\/\/www.teleskopshop.ch\/fr\/wp-json\/wp\/v2\/product_brand?post=57990"},{"taxonomy":"product_cat","embeddable":true,"href":"https:\/\/www.teleskopshop.ch\/fr\/wp-json\/wp\/v2\/product_cat?post=57990"},{"taxonomy":"product_tag","embeddable":true,"href":"https:\/\/www.teleskopshop.ch\/fr\/wp-json\/wp\/v2\/product_tag?post=57990"}],"curies":[{"name":"wp","href":"https:\/\/api.w.org\/{rel}","templated":true}]}}