{"id":57975,"date":"2024-01-12T00:00:00","date_gmt":"2024-01-11T23:00:00","guid":{"rendered":"https:\/\/2025.teleskopshop.ch\/shop\/non%20class\u00e9\/olympus-8x21-rc-ii-magenta-mit-tasche\/"},"modified":"2025-01-25T12:10:24","modified_gmt":"2025-01-25T11:10:24","slug":"olympus-8x21-rc-ii-magenta-mit-tasche","status":"publish","type":"product","link":"https:\/\/www.teleskopshop.ch\/fr\/shop\/optique\/jumelles-et-lunettes-dopera\/jumelles\/jumelles-olympus\/olympus-8x21-rc-ii-magenta-mit-tasche\/","title":{"rendered":"Olympus 8&#215;21 RC II Magenta avec sac"},"content":{"rendered":"<p>S\u00e9rie RC II pour les utilisateurs ax\u00e9s sur le design et les loisirs. poche<br \/>\nDes jumelles faciles \u00e0 utiliser pour un usage quotidien. moderne<br \/>\nDesign, disponible en diff\u00e9rentes couleurs. anti-reflet<br \/>\nRev\u00eatement de lentille pour r\u00e9duire l&rsquo;\u00e9blouissement.<\/p>\n","protected":false},"excerpt":{"rendered":"<p>S\u00e9rie RC II pour les utilisateurs ax\u00e9s sur le design et les loisirs. poche Des jumelles faciles \u00e0 utiliser pour un usage quotidien. moderne Design, disponible en diff\u00e9rentes couleurs. anti-reflet Rev\u00eatement de lentille pour r\u00e9duire l&rsquo;\u00e9blouissement.<\/p>\n","protected":false},"featured_media":10714,"comment_status":"closed","ping_status":"open","template":"","meta":{"_acf_changed":false},"product_brand":[687],"product_cat":[1345,1342,1366,1339],"product_tag":[],"class_list":{"0":"post-57975","1":"product","2":"type-product","3":"status-publish","4":"has-post-thumbnail","6":"product_brand-olympus","7":"product_cat-jumelles","8":"product_cat-jumelles-et-lunettes-dopera","9":"product_cat-jumelles-olympus","10":"product_cat-optique","12":"first","13":"instock","14":"taxable","15":"shipping-taxable","16":"purchasable","17":"product-type-simple"},"acf":[],"_links":{"self":[{"href":"https:\/\/www.teleskopshop.ch\/fr\/wp-json\/wp\/v2\/product\/57975","targetHints":{"allow":["GET"]}}],"collection":[{"href":"https:\/\/www.teleskopshop.ch\/fr\/wp-json\/wp\/v2\/product"}],"about":[{"href":"https:\/\/www.teleskopshop.ch\/fr\/wp-json\/wp\/v2\/types\/product"}],"replies":[{"embeddable":true,"href":"https:\/\/www.teleskopshop.ch\/fr\/wp-json\/wp\/v2\/comments?post=57975"}],"wp:featuredmedia":[{"embeddable":true,"href":"https:\/\/www.teleskopshop.ch\/fr\/wp-json\/wp\/v2\/media\/10714"}],"wp:attachment":[{"href":"https:\/\/www.teleskopshop.ch\/fr\/wp-json\/wp\/v2\/media?parent=57975"}],"wp:term":[{"taxonomy":"product_brand","embeddable":true,"href":"https:\/\/www.teleskopshop.ch\/fr\/wp-json\/wp\/v2\/product_brand?post=57975"},{"taxonomy":"product_cat","embeddable":true,"href":"https:\/\/www.teleskopshop.ch\/fr\/wp-json\/wp\/v2\/product_cat?post=57975"},{"taxonomy":"product_tag","embeddable":true,"href":"https:\/\/www.teleskopshop.ch\/fr\/wp-json\/wp\/v2\/product_tag?post=57975"}],"curies":[{"name":"wp","href":"https:\/\/api.w.org\/{rel}","templated":true}]}}