{"id":57969,"date":"2024-01-12T00:00:00","date_gmt":"2024-01-11T23:00:00","guid":{"rendered":"https:\/\/2025.teleskopshop.ch\/shop\/non%20class\u00e9\/olympus-8x21-dpc-i-silber-mit-tasche\/"},"modified":"2025-01-25T12:10:25","modified_gmt":"2025-01-25T11:10:25","slug":"olympus-8x21-dpc-i-silber-mit-tasche","status":"publish","type":"product","link":"https:\/\/www.teleskopshop.ch\/fr\/shop\/optique\/jumelles-et-lunettes-dopera\/jumelles\/jumelles-olympus\/olympus-8x21-dpc-i-silber-mit-tasche\/","title":{"rendered":"Olympus 8&#215;21 DPC I argent avec \u00e9tui"},"content":{"rendered":"<p>Jumelles DPCI 8 x 21 DPC I argent avec \u00e9tui. S\u00e9rie DPC I pour le sport<br \/>\net les passionn\u00e9s d&rsquo;aventure. Jumelles polyvalentes faciles \u00e0 utiliser<br \/>\ndans toutes les situations, Conception compacte et ultra-l\u00e9g\u00e8re qui s&rsquo;int\u00e8gre dans n&rsquo;importe<br \/>\nle sac convient.<\/p>\n","protected":false},"excerpt":{"rendered":"<p>Jumelles DPCI 8 x 21 DPC I argent avec \u00e9tui. S\u00e9rie DPC I pour le sport et les passionn\u00e9s d&rsquo;aventure. Jumelles polyvalentes faciles \u00e0 utiliser dans toutes les situations, Conception compacte et ultra-l\u00e9g\u00e8re qui s&rsquo;int\u00e8gre dans n&rsquo;importe le sac convient.<\/p>\n","protected":false},"featured_media":10690,"comment_status":"closed","ping_status":"open","template":"","meta":{"_acf_changed":false},"product_brand":[687],"product_cat":[1345,1342,1366,1339],"product_tag":[],"class_list":{"0":"post-57969","1":"product","2":"type-product","3":"status-publish","4":"has-post-thumbnail","6":"product_brand-olympus","7":"product_cat-jumelles","8":"product_cat-jumelles-et-lunettes-dopera","9":"product_cat-jumelles-olympus","10":"product_cat-optique","12":"first","13":"instock","14":"taxable","15":"shipping-taxable","16":"purchasable","17":"product-type-simple"},"acf":[],"_links":{"self":[{"href":"https:\/\/www.teleskopshop.ch\/fr\/wp-json\/wp\/v2\/product\/57969","targetHints":{"allow":["GET"]}}],"collection":[{"href":"https:\/\/www.teleskopshop.ch\/fr\/wp-json\/wp\/v2\/product"}],"about":[{"href":"https:\/\/www.teleskopshop.ch\/fr\/wp-json\/wp\/v2\/types\/product"}],"replies":[{"embeddable":true,"href":"https:\/\/www.teleskopshop.ch\/fr\/wp-json\/wp\/v2\/comments?post=57969"}],"wp:featuredmedia":[{"embeddable":true,"href":"https:\/\/www.teleskopshop.ch\/fr\/wp-json\/wp\/v2\/media\/10690"}],"wp:attachment":[{"href":"https:\/\/www.teleskopshop.ch\/fr\/wp-json\/wp\/v2\/media?parent=57969"}],"wp:term":[{"taxonomy":"product_brand","embeddable":true,"href":"https:\/\/www.teleskopshop.ch\/fr\/wp-json\/wp\/v2\/product_brand?post=57969"},{"taxonomy":"product_cat","embeddable":true,"href":"https:\/\/www.teleskopshop.ch\/fr\/wp-json\/wp\/v2\/product_cat?post=57969"},{"taxonomy":"product_tag","embeddable":true,"href":"https:\/\/www.teleskopshop.ch\/fr\/wp-json\/wp\/v2\/product_tag?post=57969"}],"curies":[{"name":"wp","href":"https:\/\/api.w.org\/{rel}","templated":true}]}}