{"id":57966,"date":"2024-01-12T00:00:00","date_gmt":"2024-01-11T23:00:00","guid":{"rendered":"https:\/\/2025.teleskopshop.ch\/shop\/non%20class\u00e9\/olympus-8-16-x-40-zoom-serie-s\/"},"modified":"2025-01-25T12:07:06","modified_gmt":"2025-01-25T11:07:06","slug":"olympus-8-16-x-40-zoom-serie-s","status":"publish","type":"product","link":"https:\/\/www.teleskopshop.ch\/fr\/shop\/optique\/jumelles-et-lunettes-dopera\/jumelles\/jumelles-olympus\/olympus-8-16-x-40-zoom-serie-s\/","title":{"rendered":"Olympus 8-16&#215;40 Zoom S\u00e9rie S"},"content":{"rendered":"<p>Large champ de vision, hautes performances optiques, l\u00e9ger et ergonomique.<br \/>\nLa nouvelle s\u00e9rie de jumelles S : s\u00e9rie de jumelles standard populaires en un<br \/>\ndesign ergonomique. Avec son champ de vision extra large et la haute<br \/>\nperformances optiques, les mod\u00e8les Siere S sont id\u00e9aux pour<br \/>\nObservation de la nature, de la faune, des oiseaux ou des \u00e9v\u00e9nements sportifs.<br \/>\nLes lentilles asph\u00e9riques garantissent des images nettes jusqu&rsquo;au<br \/>\nzone de bord tout en r\u00e9duisant la distorsion tandis que le<br \/>\nlentilles rev\u00eatues et prismes cristallins, brillants et haute d\u00e9finition<br \/>\nlivrer des images.<\/p>\n","protected":false},"excerpt":{"rendered":"<p>Large champ de vision, hautes performances optiques, l\u00e9ger et ergonomique. La nouvelle s\u00e9rie de jumelles S : s\u00e9rie de jumelles standard populaires en un design ergonomique. Avec son champ de vision extra large et la haute performances optiques, les mod\u00e8les Siere S sont id\u00e9aux pour Observation de la nature, de la faune, des oiseaux ou [&hellip;]<\/p>\n","protected":false},"featured_media":11122,"comment_status":"closed","ping_status":"open","template":"","meta":{"_acf_changed":false},"product_brand":[687],"product_cat":[1345,1342,1366,1339],"product_tag":[],"class_list":{"0":"post-57966","1":"product","2":"type-product","3":"status-publish","4":"has-post-thumbnail","6":"product_brand-olympus","7":"product_cat-jumelles","8":"product_cat-jumelles-et-lunettes-dopera","9":"product_cat-jumelles-olympus","10":"product_cat-optique","12":"first","13":"instock","14":"taxable","15":"shipping-taxable","16":"purchasable","17":"product-type-simple"},"acf":[],"_links":{"self":[{"href":"https:\/\/www.teleskopshop.ch\/fr\/wp-json\/wp\/v2\/product\/57966","targetHints":{"allow":["GET"]}}],"collection":[{"href":"https:\/\/www.teleskopshop.ch\/fr\/wp-json\/wp\/v2\/product"}],"about":[{"href":"https:\/\/www.teleskopshop.ch\/fr\/wp-json\/wp\/v2\/types\/product"}],"replies":[{"embeddable":true,"href":"https:\/\/www.teleskopshop.ch\/fr\/wp-json\/wp\/v2\/comments?post=57966"}],"wp:featuredmedia":[{"embeddable":true,"href":"https:\/\/www.teleskopshop.ch\/fr\/wp-json\/wp\/v2\/media\/11122"}],"wp:attachment":[{"href":"https:\/\/www.teleskopshop.ch\/fr\/wp-json\/wp\/v2\/media?parent=57966"}],"wp:term":[{"taxonomy":"product_brand","embeddable":true,"href":"https:\/\/www.teleskopshop.ch\/fr\/wp-json\/wp\/v2\/product_brand?post=57966"},{"taxonomy":"product_cat","embeddable":true,"href":"https:\/\/www.teleskopshop.ch\/fr\/wp-json\/wp\/v2\/product_cat?post=57966"},{"taxonomy":"product_tag","embeddable":true,"href":"https:\/\/www.teleskopshop.ch\/fr\/wp-json\/wp\/v2\/product_tag?post=57966"}],"curies":[{"name":"wp","href":"https:\/\/api.w.org\/{rel}","templated":true}]}}