{"id":57963,"date":"2024-01-12T00:00:00","date_gmt":"2024-01-11T23:00:00","guid":{"rendered":"https:\/\/2025.teleskopshop.ch\/shop\/non%20class\u00e9\/olympus-12x50-exps-i-inkl-tasche\/"},"modified":"2025-01-25T12:10:29","modified_gmt":"2025-01-25T11:10:29","slug":"olympus-12x50-exps-i-inkl-tasche","status":"publish","type":"product","link":"https:\/\/www.teleskopshop.ch\/fr\/shop\/optique\/jumelles-et-lunettes-dopera\/jumelles\/jumelles-olympus\/olympus-12x50-exps-i-inkl-tasche\/","title":{"rendered":"Olympus 12&#215;50 EXPS I incl. poche"},"content":{"rendered":"<p>Jumelles EXPSI 12 x 50 EXPS I incl. Poche.<br \/>\nS\u00e9rie EXPS I pour les amoureux de la nature ambitieux et les globe-trotters.<br \/>\nVision parfaite m\u00eame dans des conditions de faible luminosit\u00e9. Plusieurs<br \/>\nlentilles enduites pour une luminosit\u00e9 et un contraste maximum. Pr\u00e9cis<br \/>\nprismes rectifi\u00e9s et lentilles en verre couronne de baryum (BaK-4) pour<br \/>\nClart\u00e9 et luminosit\u00e9 jusqu&rsquo;au bord du champ de vision. Prise en main s\u00fbre<br \/>\nRev\u00eatement de surface pour une tenue optimale.<\/p>\n","protected":false},"excerpt":{"rendered":"<p>Jumelles EXPSI 12 x 50 EXPS I incl. Poche. S\u00e9rie EXPS I pour les amoureux de la nature ambitieux et les globe-trotters. Vision parfaite m\u00eame dans des conditions de faible luminosit\u00e9. Plusieurs lentilles enduites pour une luminosit\u00e9 et un contraste maximum. Pr\u00e9cis prismes rectifi\u00e9s et lentilles en verre couronne de baryum (BaK-4) pour Clart\u00e9 et [&hellip;]<\/p>\n","protected":false},"featured_media":10682,"comment_status":"closed","ping_status":"open","template":"","meta":{"_acf_changed":false},"product_brand":[687],"product_cat":[1345,1342,1366,1339],"product_tag":[],"class_list":{"0":"post-57963","1":"product","2":"type-product","3":"status-publish","4":"has-post-thumbnail","6":"product_brand-olympus","7":"product_cat-jumelles","8":"product_cat-jumelles-et-lunettes-dopera","9":"product_cat-jumelles-olympus","10":"product_cat-optique","12":"first","13":"instock","14":"taxable","15":"shipping-taxable","16":"purchasable","17":"product-type-simple"},"acf":[],"_links":{"self":[{"href":"https:\/\/www.teleskopshop.ch\/fr\/wp-json\/wp\/v2\/product\/57963","targetHints":{"allow":["GET"]}}],"collection":[{"href":"https:\/\/www.teleskopshop.ch\/fr\/wp-json\/wp\/v2\/product"}],"about":[{"href":"https:\/\/www.teleskopshop.ch\/fr\/wp-json\/wp\/v2\/types\/product"}],"replies":[{"embeddable":true,"href":"https:\/\/www.teleskopshop.ch\/fr\/wp-json\/wp\/v2\/comments?post=57963"}],"wp:featuredmedia":[{"embeddable":true,"href":"https:\/\/www.teleskopshop.ch\/fr\/wp-json\/wp\/v2\/media\/10682"}],"wp:attachment":[{"href":"https:\/\/www.teleskopshop.ch\/fr\/wp-json\/wp\/v2\/media?parent=57963"}],"wp:term":[{"taxonomy":"product_brand","embeddable":true,"href":"https:\/\/www.teleskopshop.ch\/fr\/wp-json\/wp\/v2\/product_brand?post=57963"},{"taxonomy":"product_cat","embeddable":true,"href":"https:\/\/www.teleskopshop.ch\/fr\/wp-json\/wp\/v2\/product_cat?post=57963"},{"taxonomy":"product_tag","embeddable":true,"href":"https:\/\/www.teleskopshop.ch\/fr\/wp-json\/wp\/v2\/product_tag?post=57963"}],"curies":[{"name":"wp","href":"https:\/\/api.w.org\/{rel}","templated":true}]}}