{"id":57951,"date":"2024-01-12T00:00:00","date_gmt":"2024-01-11T23:00:00","guid":{"rendered":"https:\/\/2025.teleskopshop.ch\/shop\/non%20class\u00e9\/olympus-10x25-wp-ii-black-inkl-etui\/"},"modified":"2025-01-25T12:10:23","modified_gmt":"2025-01-25T11:10:23","slug":"olympus-10x25-wp-ii-black-inkl-etui","status":"publish","type":"product","link":"https:\/\/www.teleskopshop.ch\/fr\/shop\/optique\/jumelles-et-lunettes-dopera\/jumelles\/jumelles-olympus\/olympus-10x25-wp-ii-black-inkl-etui\/","title":{"rendered":"Olympus 10&#215;25 WP II Noir incl. Cas"},"content":{"rendered":"<p>S\u00e9rie \u00e9tanche WP II pour ventilateurs ext\u00e9rieurs. rempli d&rsquo;azote<br \/>\nSyst\u00e8me de lentilles pour \u00e9tanche, anti-bu\u00e9e et avant<br \/>\nUtilisation prot\u00e9g\u00e9e contre la pollution, compacte et l\u00e9g\u00e8re, moderne<br \/>\nDesign ext\u00e9rieur et variantes de couleurs attrayantes, prismes BaK-4 de haute qualit\u00e9<br \/>\npour des images lumineuses et nettes<\/p>\n","protected":false},"excerpt":{"rendered":"<p>S\u00e9rie \u00e9tanche WP II pour ventilateurs ext\u00e9rieurs. rempli d&rsquo;azote Syst\u00e8me de lentilles pour \u00e9tanche, anti-bu\u00e9e et avant Utilisation prot\u00e9g\u00e9e contre la pollution, compacte et l\u00e9g\u00e8re, moderne Design ext\u00e9rieur et variantes de couleurs attrayantes, prismes BaK-4 de haute qualit\u00e9 pour des images lumineuses et nettes<\/p>\n","protected":false},"featured_media":10738,"comment_status":"closed","ping_status":"open","template":"","meta":{"_acf_changed":false},"product_brand":[687],"product_cat":[1345,1342,1366,1339],"product_tag":[],"class_list":{"0":"post-57951","1":"product","2":"type-product","3":"status-publish","4":"has-post-thumbnail","6":"product_brand-olympus","7":"product_cat-jumelles","8":"product_cat-jumelles-et-lunettes-dopera","9":"product_cat-jumelles-olympus","10":"product_cat-optique","12":"first","13":"instock","14":"taxable","15":"shipping-taxable","16":"purchasable","17":"product-type-simple"},"acf":[],"_links":{"self":[{"href":"https:\/\/www.teleskopshop.ch\/fr\/wp-json\/wp\/v2\/product\/57951","targetHints":{"allow":["GET"]}}],"collection":[{"href":"https:\/\/www.teleskopshop.ch\/fr\/wp-json\/wp\/v2\/product"}],"about":[{"href":"https:\/\/www.teleskopshop.ch\/fr\/wp-json\/wp\/v2\/types\/product"}],"replies":[{"embeddable":true,"href":"https:\/\/www.teleskopshop.ch\/fr\/wp-json\/wp\/v2\/comments?post=57951"}],"wp:featuredmedia":[{"embeddable":true,"href":"https:\/\/www.teleskopshop.ch\/fr\/wp-json\/wp\/v2\/media\/10738"}],"wp:attachment":[{"href":"https:\/\/www.teleskopshop.ch\/fr\/wp-json\/wp\/v2\/media?parent=57951"}],"wp:term":[{"taxonomy":"product_brand","embeddable":true,"href":"https:\/\/www.teleskopshop.ch\/fr\/wp-json\/wp\/v2\/product_brand?post=57951"},{"taxonomy":"product_cat","embeddable":true,"href":"https:\/\/www.teleskopshop.ch\/fr\/wp-json\/wp\/v2\/product_cat?post=57951"},{"taxonomy":"product_tag","embeddable":true,"href":"https:\/\/www.teleskopshop.ch\/fr\/wp-json\/wp\/v2\/product_tag?post=57951"}],"curies":[{"name":"wp","href":"https:\/\/api.w.org\/{rel}","templated":true}]}}